{"id":9839,"date":"2024-11-29T14:52:02","date_gmt":"2024-11-29T14:52:02","guid":{"rendered":"https:\/\/parapharmaciecalifornietah.ma\/?post_type=product&#038;p=9839"},"modified":"2024-11-29T14:52:02","modified_gmt":"2024-11-29T14:52:02","slug":"gilbert-vaseline-tube-50ml","status":"publish","type":"product","link":"https:\/\/calita.ma\/fr\/produit\/gilbert-vaseline-tube-50ml\/","title":{"rendered":"GILBERT VASELINE TUBE 50ML"},"content":{"rendered":"<p>La Vaseline Laboratoires GILBERT prot\u00e8ge les couches superficielles de l\u2019\u00e9piderme des agressions ext\u00e9rieures (vent, froid, soleil) et renforce la barri\u00e8re cutan\u00e9e.La peau est nourrie et adoucie. Elle est plus souple et plus \u00e9lastique.<\/p>\n<p>Apr\u00e8s application, les sensations d\u2019inconforts de la peau sont apais\u00e9es.La Vaseline Laboratoires GILBERT forme un film protecteur sur la peau et aide \u00e0 r\u00e9duire l\u2019apparition de rougeurs.<\/p>\n<h3><strong>Conseils d&#8217;utilisation :<\/strong><\/h3>\n<p>Appliquer une \u00e0 deux fois par jour sur les zones ass\u00e9ch\u00e9es de la peau de b\u00e9b\u00e9.<\/p>","protected":false},"excerpt":{"rendered":"<p>La Vaseline Laboratoires GILBERT prot\u00e8ge les couches superficielles de l\u2019\u00e9piderme des agressions ext\u00e9rieures (vent, froid, soleil) et renforce la barri\u00e8re cutan\u00e9e.La peau est nourrie et&#8230;<\/p>","protected":false},"featured_media":9840,"comment_status":"open","ping_status":"closed","template":"","meta":[],"etheme_brands":[{"term_id":486,"name":"GILBERT","slug":"gilbert","term_group":0,"term_taxonomy_id":486,"taxonomy":"brand","description":"","parent":0,"count":11,"filter":"raw"}],"product_brand":[],"product_cat":[15,285,450,208,191,199,211,437,304,192],"product_tag":[],"class_list":{"0":"post-9839","1":"product","2":"type-product","3":"status-publish","4":"has-post-thumbnail","6":"brand-gilbert","7":"product_cat-uncategorized","8":"product_cat-bebe-maman","9":"product_cat-bebe-nourrissons","10":"product_cat-buste-et-jambes","11":"product_cat-corps","12":"product_cat-hydratant","13":"product_cat-hydratant-et-secheresse","14":"product_cat-hydratation-maman","15":"product_cat-maman","16":"product_cat-soins-corps","18":"first","19":"instock","20":"sale","21":"shipping-taxable","22":"purchasable","23":"product-type-simple"},"_links":{"self":[{"href":"https:\/\/calita.ma\/fr\/wp-json\/wp\/v2\/product\/9839","targetHints":{"allow":["GET"]}}],"collection":[{"href":"https:\/\/calita.ma\/fr\/wp-json\/wp\/v2\/product"}],"about":[{"href":"https:\/\/calita.ma\/fr\/wp-json\/wp\/v2\/types\/product"}],"replies":[{"embeddable":true,"href":"https:\/\/calita.ma\/fr\/wp-json\/wp\/v2\/comments?post=9839"}],"version-history":[{"count":1,"href":"https:\/\/calita.ma\/fr\/wp-json\/wp\/v2\/product\/9839\/revisions"}],"predecessor-version":[{"id":9841,"href":"https:\/\/calita.ma\/fr\/wp-json\/wp\/v2\/product\/9839\/revisions\/9841"}],"wp:featuredmedia":[{"embeddable":true,"href":"https:\/\/calita.ma\/fr\/wp-json\/wp\/v2\/media\/9840"}],"wp:attachment":[{"href":"https:\/\/calita.ma\/fr\/wp-json\/wp\/v2\/media?parent=9839"}],"wp:term":[{"taxonomy":"brand","embeddable":true,"href":"https:\/\/calita.ma\/fr\/wp-json\/wp\/v2\/etheme_brands?post=9839"},{"taxonomy":"product_brand","embeddable":true,"href":"https:\/\/calita.ma\/fr\/wp-json\/wp\/v2\/product_brand?post=9839"},{"taxonomy":"product_cat","embeddable":true,"href":"https:\/\/calita.ma\/fr\/wp-json\/wp\/v2\/product_cat?post=9839"},{"taxonomy":"product_tag","embeddable":true,"href":"https:\/\/calita.ma\/fr\/wp-json\/wp\/v2\/product_tag?post=9839"}],"curies":[{"name":"wp","href":"https:\/\/api.w.org\/{rel}","templated":true}]}}