{"id":9608,"date":"2024-11-28T11:06:26","date_gmt":"2024-11-28T11:06:26","guid":{"rendered":"https:\/\/parapharmaciecalifornietah.ma\/?post_type=product&#038;p=9608"},"modified":"2024-11-28T11:06:27","modified_gmt":"2024-11-28T11:06:27","slug":"heliabrine-ha-soin-hydratant-matifiant-75ml","status":"publish","type":"product","link":"https:\/\/calita.ma\/fr\/produit\/heliabrine-ha-soin-hydratant-matifiant-75ml\/","title":{"rendered":"HELIABRINE HA SOIN HYDRATANT MATIFIANT 75ML"},"content":{"rendered":"<p>Ce soin quotidien \u00e0 la texture fra\u00eeche et l\u00e9g\u00e8re hydrate, matifie et apaise d\u00e8s la premi\u00e8re application les peaux mixtes ou grasses. Il contient un actif brev et\u00e9 le Lipester\u00aeCSS qui aide \u00e0 lutter contre le d\u00e9veloppement microbien et assainir la peau. Des poudres matifiantes SOFT FOCUS offrent un toucher velout\u00e9, estompent les imperfections et absorbent l&#8217;exc\u00e8s de s\u00e9bum. La peau retrouve rapidement douceur et souplesse, les sensations d\u2019inconfort s\u2019att\u00e9nuent et les pores se resserrent. Excellente base de maquillage gr\u00e2ce \u00e0 son fini mat et son action anti-brillance. Formule non grasse. Le soin hydratant matifiant HELIABRINE est \u00e9galement recommand\u00e9 pour les peaux masculines.<\/p>\n<p><strong>Conseils d&#8217;utilisation:<\/strong><\/p>\n<p>Matin et soir, proc\u00e9der \u00e0 la toilette du visage \u00e0 l\u2019aide du Gel Nettoyant Moussant.<\/p>","protected":false},"excerpt":{"rendered":"<p>Ce soin quotidien \u00e0 la texture fra\u00eeche et l\u00e9g\u00e8re hydrate, matifie et apaise d\u00e8s la premi\u00e8re application les peaux mixtes ou grasses. Il contient un&#8230;<\/p>","protected":false},"featured_media":9609,"comment_status":"open","ping_status":"closed","template":"","meta":[],"etheme_brands":[{"term_id":481,"name":"HELIABRINE","slug":"heliabrine","term_group":0,"term_taxonomy_id":481,"taxonomy":"brand","description":"","parent":0,"count":9,"filter":"raw"}],"product_brand":[],"product_cat":[15,435,161,167,159,114],"product_tag":[],"class_list":{"0":"post-9608","1":"product","2":"type-product","3":"status-publish","4":"has-post-thumbnail","6":"brand-heliabrine","7":"product_cat-uncategorized","8":"product_cat-nettoayants","9":"product_cat-peau-mixte-a-grasse","10":"product_cat-soins-cibles","11":"product_cat-type-de-peaux","12":"product_cat-visage","14":"first","15":"instock","16":"sale","17":"shipping-taxable","18":"purchasable","19":"product-type-simple"},"_links":{"self":[{"href":"https:\/\/calita.ma\/fr\/wp-json\/wp\/v2\/product\/9608","targetHints":{"allow":["GET"]}}],"collection":[{"href":"https:\/\/calita.ma\/fr\/wp-json\/wp\/v2\/product"}],"about":[{"href":"https:\/\/calita.ma\/fr\/wp-json\/wp\/v2\/types\/product"}],"replies":[{"embeddable":true,"href":"https:\/\/calita.ma\/fr\/wp-json\/wp\/v2\/comments?post=9608"}],"version-history":[{"count":1,"href":"https:\/\/calita.ma\/fr\/wp-json\/wp\/v2\/product\/9608\/revisions"}],"predecessor-version":[{"id":9610,"href":"https:\/\/calita.ma\/fr\/wp-json\/wp\/v2\/product\/9608\/revisions\/9610"}],"wp:featuredmedia":[{"embeddable":true,"href":"https:\/\/calita.ma\/fr\/wp-json\/wp\/v2\/media\/9609"}],"wp:attachment":[{"href":"https:\/\/calita.ma\/fr\/wp-json\/wp\/v2\/media?parent=9608"}],"wp:term":[{"taxonomy":"brand","embeddable":true,"href":"https:\/\/calita.ma\/fr\/wp-json\/wp\/v2\/etheme_brands?post=9608"},{"taxonomy":"product_brand","embeddable":true,"href":"https:\/\/calita.ma\/fr\/wp-json\/wp\/v2\/product_brand?post=9608"},{"taxonomy":"product_cat","embeddable":true,"href":"https:\/\/calita.ma\/fr\/wp-json\/wp\/v2\/product_cat?post=9608"},{"taxonomy":"product_tag","embeddable":true,"href":"https:\/\/calita.ma\/fr\/wp-json\/wp\/v2\/product_tag?post=9608"}],"curies":[{"name":"wp","href":"https:\/\/api.w.org\/{rel}","templated":true}]}}