{"id":9605,"date":"2024-11-28T11:04:18","date_gmt":"2024-11-28T11:04:18","guid":{"rendered":"https:\/\/parapharmaciecalifornietah.ma\/?post_type=product&#038;p=9605"},"modified":"2024-11-28T11:04:18","modified_gmt":"2024-11-28T11:04:18","slug":"heliabrine-huile-demaquillante-velours-150ml","status":"publish","type":"product","link":"https:\/\/calita.ma\/fr\/produit\/heliabrine-huile-demaquillante-velours-150ml\/","title":{"rendered":"HELIABRINE HUILE DEMAQUILLANTE VELOURS 150ML"},"content":{"rendered":"<p>Enrichie en huile de Macadamia aux propri\u00e9t\u00e9s hydratantes exceptionnelles, cette huile assure un d\u00e9maquillage tr\u00e8s doux du visage et des yeux et prot\u00e8ge le film hydrolipidique de la peau.<\/p>\n<p>Au contact de l\u2019eau, elle se transforme en une d\u00e9licieuse \u00e9mulsion lact\u00e9e qui dissout efficacement les impuret\u00e9s, le s\u00e9bum et tous types de maquillage, m\u00eame waterproof. Parfaitement nettoy\u00e9e, la peau est incroyablement douce et confortable, le teint net et clarifi\u00e9.<\/p>\n<p><strong>Conseil d&#8217;utilisation :<\/strong><\/p>\n<p>Matin et soir, masser d\u00e9licatement du bout des doigts sur le visage et les yeux, \u00e9mulsionner avec les mains humidifi\u00e9es puis rincer abondamment \u00e0 l&#8217;eau.<\/p>\n<p>Convient \u00e0 tous les types de peaux.<\/p>\n<p><strong>Principaux ingr\u00e9dients :<\/strong><\/p>\n<p>Huile de Macadamia<\/p>\n<p>Huile de Tournesol<\/p>\n<p>91% d&#8217;ingr\u00e9dients d&#8217;origine naturelle<\/p>\n<p>SANS PARABEN<\/p>","protected":false},"excerpt":{"rendered":"<p>Enrichie en huile de Macadamia aux propri\u00e9t\u00e9s hydratantes exceptionnelles, cette huile assure un d\u00e9maquillage tr\u00e8s doux du visage et des yeux et prot\u00e8ge le film&#8230;<\/p>","protected":false},"featured_media":9606,"comment_status":"open","ping_status":"closed","template":"","meta":[],"etheme_brands":[{"term_id":481,"name":"HELIABRINE","slug":"heliabrine","term_group":0,"term_taxonomy_id":481,"taxonomy":"brand","description":"","parent":0,"count":9,"filter":"raw"}],"product_brand":[],"product_cat":[15,155,114,151],"product_tag":[],"class_list":{"0":"post-9605","1":"product","2":"type-product","3":"status-publish","4":"has-post-thumbnail","6":"brand-heliabrine","7":"product_cat-uncategorized","8":"product_cat-demaquillants","9":"product_cat-visage","10":"product_cat-yeux-levres","12":"first","13":"instock","14":"sale","15":"shipping-taxable","16":"purchasable","17":"product-type-simple"},"_links":{"self":[{"href":"https:\/\/calita.ma\/fr\/wp-json\/wp\/v2\/product\/9605","targetHints":{"allow":["GET"]}}],"collection":[{"href":"https:\/\/calita.ma\/fr\/wp-json\/wp\/v2\/product"}],"about":[{"href":"https:\/\/calita.ma\/fr\/wp-json\/wp\/v2\/types\/product"}],"replies":[{"embeddable":true,"href":"https:\/\/calita.ma\/fr\/wp-json\/wp\/v2\/comments?post=9605"}],"version-history":[{"count":1,"href":"https:\/\/calita.ma\/fr\/wp-json\/wp\/v2\/product\/9605\/revisions"}],"predecessor-version":[{"id":9607,"href":"https:\/\/calita.ma\/fr\/wp-json\/wp\/v2\/product\/9605\/revisions\/9607"}],"wp:featuredmedia":[{"embeddable":true,"href":"https:\/\/calita.ma\/fr\/wp-json\/wp\/v2\/media\/9606"}],"wp:attachment":[{"href":"https:\/\/calita.ma\/fr\/wp-json\/wp\/v2\/media?parent=9605"}],"wp:term":[{"taxonomy":"brand","embeddable":true,"href":"https:\/\/calita.ma\/fr\/wp-json\/wp\/v2\/etheme_brands?post=9605"},{"taxonomy":"product_brand","embeddable":true,"href":"https:\/\/calita.ma\/fr\/wp-json\/wp\/v2\/product_brand?post=9605"},{"taxonomy":"product_cat","embeddable":true,"href":"https:\/\/calita.ma\/fr\/wp-json\/wp\/v2\/product_cat?post=9605"},{"taxonomy":"product_tag","embeddable":true,"href":"https:\/\/calita.ma\/fr\/wp-json\/wp\/v2\/product_tag?post=9605"}],"curies":[{"name":"wp","href":"https:\/\/api.w.org\/{rel}","templated":true}]}}