{"id":9601,"date":"2024-11-28T11:01:50","date_gmt":"2024-11-28T11:01:50","guid":{"rendered":"https:\/\/parapharmaciecalifornietah.ma\/?post_type=product&#038;p=9601"},"modified":"2024-11-28T11:01:50","modified_gmt":"2024-11-28T11:01:50","slug":"heliabrine-gel-post-epilation-150ml","status":"publish","type":"product","link":"https:\/\/calita.ma\/fr\/produit\/heliabrine-gel-post-epilation-150ml\/","title":{"rendered":"HELIABRINE GEL POST EPILATION 150ML"},"content":{"rendered":"<p>alme instantan\u00e9ment les peaux fragilis\u00e9es ou \u00e9chauff\u00e9es par l\u2019\u00e9pilation. Contient un actif brevet\u00e9, le Capislow qui ralentit la repousse du poil et permet de conserver des jambes nettes et douces &#8230;<\/p>\n<p><strong>Conseils d&#8217;utilisation:<\/strong><\/p>\n<p>Appliquer imm\u00e9diatement apr\u00e8s l\u2019\u00e9pilation puis matin et soir pendant 1 semaine minimum. Ne pas s&#8217;exposer au soleil apr\u00e8s application.<\/p>","protected":false},"excerpt":{"rendered":"<p>alme instantan\u00e9ment les peaux fragilis\u00e9es ou \u00e9chauff\u00e9es par l\u2019\u00e9pilation. Contient un actif brevet\u00e9, le Capislow qui ralentit la repousse du poil et permet de conserver&#8230;<\/p>","protected":false},"featured_media":9602,"comment_status":"open","ping_status":"closed","template":"","meta":[],"etheme_brands":[{"term_id":481,"name":"HELIABRINE","slug":"heliabrine","term_group":0,"term_taxonomy_id":481,"taxonomy":"brand","description":"","parent":0,"count":9,"filter":"raw"}],"product_brand":[],"product_cat":[15,232,257,246],"product_tag":[],"class_list":{"0":"post-9601","1":"product","2":"type-product","3":"status-publish","4":"has-post-thumbnail","6":"brand-heliabrine","7":"product_cat-uncategorized","8":"product_cat-cheveux","9":"product_cat-soins-cibles-soins-des-cheveux","10":"product_cat-soins-des-cheveux","12":"first","13":"instock","14":"sale","15":"shipping-taxable","16":"purchasable","17":"product-type-simple"},"_links":{"self":[{"href":"https:\/\/calita.ma\/fr\/wp-json\/wp\/v2\/product\/9601","targetHints":{"allow":["GET"]}}],"collection":[{"href":"https:\/\/calita.ma\/fr\/wp-json\/wp\/v2\/product"}],"about":[{"href":"https:\/\/calita.ma\/fr\/wp-json\/wp\/v2\/types\/product"}],"replies":[{"embeddable":true,"href":"https:\/\/calita.ma\/fr\/wp-json\/wp\/v2\/comments?post=9601"}],"version-history":[{"count":1,"href":"https:\/\/calita.ma\/fr\/wp-json\/wp\/v2\/product\/9601\/revisions"}],"predecessor-version":[{"id":9603,"href":"https:\/\/calita.ma\/fr\/wp-json\/wp\/v2\/product\/9601\/revisions\/9603"}],"wp:featuredmedia":[{"embeddable":true,"href":"https:\/\/calita.ma\/fr\/wp-json\/wp\/v2\/media\/9602"}],"wp:attachment":[{"href":"https:\/\/calita.ma\/fr\/wp-json\/wp\/v2\/media?parent=9601"}],"wp:term":[{"taxonomy":"brand","embeddable":true,"href":"https:\/\/calita.ma\/fr\/wp-json\/wp\/v2\/etheme_brands?post=9601"},{"taxonomy":"product_brand","embeddable":true,"href":"https:\/\/calita.ma\/fr\/wp-json\/wp\/v2\/product_brand?post=9601"},{"taxonomy":"product_cat","embeddable":true,"href":"https:\/\/calita.ma\/fr\/wp-json\/wp\/v2\/product_cat?post=9601"},{"taxonomy":"product_tag","embeddable":true,"href":"https:\/\/calita.ma\/fr\/wp-json\/wp\/v2\/product_tag?post=9601"}],"curies":[{"name":"wp","href":"https:\/\/api.w.org\/{rel}","templated":true}]}}