{"id":9584,"date":"2024-11-28T09:45:08","date_gmt":"2024-11-28T09:45:08","guid":{"rendered":"https:\/\/parapharmaciecalifornietah.ma\/?post_type=product&#038;p=9584"},"modified":"2024-11-28T09:45:09","modified_gmt":"2024-11-28T09:45:09","slug":"heliabrine-oxy-defense-creme-protectrice-50ml","status":"publish","type":"product","link":"https:\/\/calita.ma\/fr\/produit\/heliabrine-oxy-defense-creme-protectrice-50ml\/","title":{"rendered":"HELIABRINE OXY-DEFENSE CREME PROTECTRICE 50ML"},"content":{"rendered":"<p>HELIABRINE Cr\u00e8me R\u00e9\u00e9quilibrante au M\u00e9lilot : Infiniment douce, cette cr\u00e8me hydrate*, prot\u00e8ge et apaise instantan\u00e9ment les peaux s\u00e8ches, d\u00e9licates et sensibles.<\/p>\n<p>Les extraits de M\u00e9lilot BIO et Marguerite Bleue associ\u00e9s \u00e0 l\u2019allanto\u00efne et \u00e0 la Pro Vitamine B5 calment les irritations et att\u00e9nuent les rougeurs.<\/p>\n<p>L\u2019acide hyaluronique et l\u2019Algisium C\u00ae? prot\u00e8gent la peau du vieillissement.<\/p>\n<p>Un complexe v\u00e9g\u00e9tal hydratant (Imp\u00e9rata Cylindrica, Glyc\u00e9rine, huiles de Cameline et p\u00e9pins de Raisins) aide \u00e0 reconstituer la barri\u00e8re protectrice cutan\u00e9e.<\/p>\n<p>D\u00e8s la premi\u00e8re application, la peau est douce et confortable.<\/p>\n<p>En 2 semaines, la peau para\u00eet visiblement plus lisse, plus r\u00e9sistante et moins r\u00e9active**.<\/p>\n<p>*Test Instrumental. **Test par auto evaluation.<\/p>\n<p><strong>TEST\u00c9 SOUS CONTR\u00d4LE DERMATOLOGIQUE<\/strong><br \/>\nSa texture fine, fondante et confortable, permet de l\u2019utiliser aussi bien le jour comme soin protecteur que la nuit, comme soin r\u00e9parateur.<\/p>\n<p>Elle s\u2019applique sur le visage et le cou parfaitement nettoy\u00e9s.<\/p>\n<p>Elle peut s\u2019utiliser sur le contour des yeux.<\/p>\n<p>HELIABRINE OXY DEFENSE CREME PROTECTRICE (REEQUILIBRANTE) 50ML est disponible dans votre Parapharmacie C\u00f4t\u00e9 para \u00e0 Prix discount !<\/p>\n<p><strong>Pourquoi Choisir C\u00f4t\u00e9 para ?<\/strong><\/p>\n<p>Tout d\u2019abord , C\u00f4t\u00e9 Para est pr\u00e9sente sur le March\u00e9 de la cosm\u00e9tique depuis 2009<br \/>\nEnsuite Elle Pr\u00e9sente plus de 18000 R\u00e9f\u00e9rence de produits cosm\u00e9tiques<br \/>\nTroisi\u00e8mement C\u00f4t\u00e9 Para propose le meilleur Prix du March\u00e9 ( Rapport Qualit\u00e9 \/ Prix )<br \/>\nQuatri\u00e8mement Elle mets \u00e0 votre disposition des produits 100% Authentique<br \/>\nCinqui\u00e8mement Elle offre avec chaque commande des gratuit\u00e9s , cadeaux , trousses , \u00e9chantillons selon les disponibilit\u00e9s en Stock<br \/>\nSans oublier le service Rapide de la livraison , toute fois C\u00f4t\u00e9 Para a deux points de vente : 1 sur Bd El Qods en face de la patisserie 4 cerises \/ 1 sur Bourgogne \u00e0 C\u00f4t\u00e9 de la clinique Badr .<\/p>","protected":false},"excerpt":{"rendered":"<p>HELIABRINE Cr\u00e8me R\u00e9\u00e9quilibrante au M\u00e9lilot : Infiniment douce, cette cr\u00e8me hydrate*, prot\u00e8ge et apaise instantan\u00e9ment les peaux s\u00e8ches, d\u00e9licates et sensibles. Les extraits de M\u00e9lilot&#8230;<\/p>","protected":false},"featured_media":9585,"comment_status":"open","ping_status":"closed","template":"","meta":[],"etheme_brands":[{"term_id":481,"name":"HELIABRINE","slug":"heliabrine","term_group":0,"term_taxonomy_id":481,"taxonomy":"brand","description":"","parent":0,"count":9,"filter":"raw"}],"product_brand":[],"product_cat":[15,167,166,159,114],"product_tag":[],"class_list":{"0":"post-9584","1":"product","2":"type-product","3":"status-publish","4":"has-post-thumbnail","6":"brand-heliabrine","7":"product_cat-uncategorized","8":"product_cat-soins-cibles","9":"product_cat-tout-type-de-peaux","10":"product_cat-type-de-peaux","11":"product_cat-visage","13":"first","14":"instock","15":"sale","16":"shipping-taxable","17":"purchasable","18":"product-type-simple"},"_links":{"self":[{"href":"https:\/\/calita.ma\/fr\/wp-json\/wp\/v2\/product\/9584","targetHints":{"allow":["GET"]}}],"collection":[{"href":"https:\/\/calita.ma\/fr\/wp-json\/wp\/v2\/product"}],"about":[{"href":"https:\/\/calita.ma\/fr\/wp-json\/wp\/v2\/types\/product"}],"replies":[{"embeddable":true,"href":"https:\/\/calita.ma\/fr\/wp-json\/wp\/v2\/comments?post=9584"}],"version-history":[{"count":1,"href":"https:\/\/calita.ma\/fr\/wp-json\/wp\/v2\/product\/9584\/revisions"}],"predecessor-version":[{"id":9586,"href":"https:\/\/calita.ma\/fr\/wp-json\/wp\/v2\/product\/9584\/revisions\/9586"}],"wp:featuredmedia":[{"embeddable":true,"href":"https:\/\/calita.ma\/fr\/wp-json\/wp\/v2\/media\/9585"}],"wp:attachment":[{"href":"https:\/\/calita.ma\/fr\/wp-json\/wp\/v2\/media?parent=9584"}],"wp:term":[{"taxonomy":"brand","embeddable":true,"href":"https:\/\/calita.ma\/fr\/wp-json\/wp\/v2\/etheme_brands?post=9584"},{"taxonomy":"product_brand","embeddable":true,"href":"https:\/\/calita.ma\/fr\/wp-json\/wp\/v2\/product_brand?post=9584"},{"taxonomy":"product_cat","embeddable":true,"href":"https:\/\/calita.ma\/fr\/wp-json\/wp\/v2\/product_cat?post=9584"},{"taxonomy":"product_tag","embeddable":true,"href":"https:\/\/calita.ma\/fr\/wp-json\/wp\/v2\/product_tag?post=9584"}],"curies":[{"name":"wp","href":"https:\/\/api.w.org\/{rel}","templated":true}]}}