{"id":9420,"date":"2024-11-26T09:08:39","date_gmt":"2024-11-26T09:08:39","guid":{"rendered":"https:\/\/parapharmaciecalifornietah.ma\/?post_type=product&#038;p=9420"},"modified":"2024-11-26T09:08:39","modified_gmt":"2024-11-26T09:08:39","slug":"pediakid-gommes-vitamine-c-b60","status":"publish","type":"product","link":"https:\/\/calita.ma\/fr\/produit\/pediakid-gommes-vitamine-c-b60\/","title":{"rendered":"PEDIAKID GOMMES VITAMINE C B60"},"content":{"rendered":"<p><strong>D\u00e8s3 ans.<\/strong><\/p>\n<p><strong>Le + produit<\/strong> : PEDIAKID\u00ae Gommes Vitamine C ont \u00e9t\u00e9 \u00e9labor\u00e9es \u00e0 base de pectine de pomme. Elles sont sans g\u00e9latine, sans conservateurs, sans gluten, sans lactose, sans ar\u00f4me ni colorant artificiel.<\/p>\n<p>Compl\u00e9ment alimentaire sous forme de gommes \u00e0 base d\u2019extrait de baies d\u2019Ac\u00e9rola titr\u00e9 en Vitamine C.<\/p>\n<p>A l\u2019extrait de baies d\u2019Ac\u00e9rola, riche en Vitamine C 100% d\u2019origine naturelle \u00e0 biodisponibilit\u00e9 optimale, les Gommes Vitamine C PEDIAKID\u00ae permettent de couvrir 100% des apports de r\u00e9f\u00e9rence en Vitamine C et ainsi contribuer \u00e0 la r\u00e9duction de la fatigue et au soutien du m\u00e9tabolisme \u00e9nerg\u00e9tique et des d\u00e9fenses naturelles de l\u2019organisme. Sans g\u00e9latine, sans gluten, sans lactose, sans conservateurs et sans ar\u00f4me ni colorant artificiel, elles offrent une formule pratique, ludique et saine, id\u00e9ale pour les enfants.<\/p>\n<p>A base de pectine de pomme, au d\u00e9licieux ar\u00f4me naturel de Cerise. Pilulier de 60 oursons<br \/>\n<strong>Conseils d\u2019utilisation:<\/strong><br \/>\nD\u00e8s 3 ans. 2 gommes par jour, de pr\u00e9f\u00e9rence le matin. Peut \u00e9galement convenir \u00e0 l\u2019adulte de plus de 15 ans. En programme de 30 jours, \u00e0 renouveler en cas d\u2019\u00e9pisode de fatigue.<\/p>\n<p><strong>Recommandations<\/strong> : A conserver hors de la port\u00e9e des enfants, \u00e0 l&#8217;abri de la chaleur et de l\u2019humidit\u00e9. A consommer dans le cadre d&#8217;une alimentation vari\u00e9e et \u00e9quilibr\u00e9e, et d\u2019un mode de vie sain. Il est recommand\u00e9 de ne pas d\u00e9passer le dosage conseill\u00e9. A consommer de pr\u00e9f\u00e9rence avant la date indiqu\u00e9e sur l\u2019emballage.<\/p>","protected":false},"excerpt":{"rendered":"<p>D\u00e8s3 ans. Le + produit : PEDIAKID\u00ae Gommes Vitamine C ont \u00e9t\u00e9 \u00e9labor\u00e9es \u00e0 base de pectine de pomme. Elles sont sans g\u00e9latine, sans conservateurs,&#8230;<\/p>","protected":false},"featured_media":9419,"comment_status":"open","ping_status":"closed","template":"","meta":[],"etheme_brands":[{"term_id":476,"name":"PEDIAKID","slug":"pediakid","term_group":0,"term_taxonomy_id":476,"taxonomy":"brand","description":"","parent":0,"count":6,"filter":"raw"}],"product_brand":[],"product_cat":[15],"product_tag":[],"class_list":{"0":"post-9420","1":"product","2":"type-product","3":"status-publish","4":"has-post-thumbnail","6":"brand-pediakid","7":"product_cat-uncategorized","9":"first","10":"instock","11":"sale","12":"shipping-taxable","13":"purchasable","14":"product-type-simple"},"_links":{"self":[{"href":"https:\/\/calita.ma\/fr\/wp-json\/wp\/v2\/product\/9420","targetHints":{"allow":["GET"]}}],"collection":[{"href":"https:\/\/calita.ma\/fr\/wp-json\/wp\/v2\/product"}],"about":[{"href":"https:\/\/calita.ma\/fr\/wp-json\/wp\/v2\/types\/product"}],"replies":[{"embeddable":true,"href":"https:\/\/calita.ma\/fr\/wp-json\/wp\/v2\/comments?post=9420"}],"version-history":[{"count":2,"href":"https:\/\/calita.ma\/fr\/wp-json\/wp\/v2\/product\/9420\/revisions"}],"predecessor-version":[{"id":9423,"href":"https:\/\/calita.ma\/fr\/wp-json\/wp\/v2\/product\/9420\/revisions\/9423"}],"wp:featuredmedia":[{"embeddable":true,"href":"https:\/\/calita.ma\/fr\/wp-json\/wp\/v2\/media\/9419"}],"wp:attachment":[{"href":"https:\/\/calita.ma\/fr\/wp-json\/wp\/v2\/media?parent=9420"}],"wp:term":[{"taxonomy":"brand","embeddable":true,"href":"https:\/\/calita.ma\/fr\/wp-json\/wp\/v2\/etheme_brands?post=9420"},{"taxonomy":"product_brand","embeddable":true,"href":"https:\/\/calita.ma\/fr\/wp-json\/wp\/v2\/product_brand?post=9420"},{"taxonomy":"product_cat","embeddable":true,"href":"https:\/\/calita.ma\/fr\/wp-json\/wp\/v2\/product_cat?post=9420"},{"taxonomy":"product_tag","embeddable":true,"href":"https:\/\/calita.ma\/fr\/wp-json\/wp\/v2\/product_tag?post=9420"}],"curies":[{"name":"wp","href":"https:\/\/api.w.org\/{rel}","templated":true}]}}