{"id":9401,"date":"2024-11-25T15:57:01","date_gmt":"2024-11-25T15:57:01","guid":{"rendered":"https:\/\/parapharmaciecalifornietah.ma\/?post_type=product&#038;p=9401"},"modified":"2024-11-25T15:57:01","modified_gmt":"2024-11-25T15:57:01","slug":"manef-300mg-b30-comp-effer","status":"publish","type":"product","link":"https:\/\/calita.ma\/fr\/produit\/manef-300mg-b30-comp-effer\/","title":{"rendered":"MANEF 300MG B30 COMP EFFER"},"content":{"rendered":"<p>Manef magn\u00e9sium fort 300 mg + vit B6,B2 30 comprim\u00e9s effervescents ar\u00f4me orange sanguine sans sucres<\/p>\n<p>MANEF 300mg, riche en magn\u00e9sium et vitamines B6 et B2, permet un apport suppl\u00e9mentaire dans certaines situations:<\/p>\n<p>\u2013 Alimentation d\u00e9s\u00e9quilibre,<br \/>\n\u2013 Effort physique intense,<br \/>\n\u2013 Activit\u00e9 intellectuelle intense,<br \/>\n\u2013 Surmenage, stress,<br \/>\n\u2013 Croissance chez l\u2019enfant et l\u2019adolescent<\/p>\n<p><strong>UTILISATION<\/strong><br \/>\nPrendre 1 comprim\u00e9 effervescent par jour, a dissoudre dans un demi-verre d\u2019eau. Un demi comprime pour l\u2019enfant. Tenir a l\u2019abri de l\u2019humidit\u00e9 et de la chaleur. Bien refermer le tube apr\u00e8s chaque utilisation.<\/p>","protected":false},"excerpt":{"rendered":"<p>Manef magn\u00e9sium fort 300 mg + vit B6,B2 30 comprim\u00e9s effervescents ar\u00f4me orange sanguine sans sucres MANEF 300mg, riche en magn\u00e9sium et vitamines B6 et&#8230;<\/p>","protected":false},"featured_media":9402,"comment_status":"open","ping_status":"closed","template":"","meta":[],"etheme_brands":[{"term_id":475,"name":"JUVAMINE","slug":"juvamine","term_group":0,"term_taxonomy_id":475,"taxonomy":"brand","description":"","parent":0,"count":12,"filter":"raw"}],"product_brand":[],"product_cat":[15,399,397,401],"product_tag":[],"class_list":{"0":"post-9401","1":"product","2":"type-product","3":"status-publish","4":"has-post-thumbnail","6":"brand-juvamine","7":"product_cat-uncategorized","8":"product_cat-adultes","9":"product_cat-complements-alimentaires","10":"product_cat-serenite-detente-sommeil","12":"first","13":"instock","14":"sale","15":"shipping-taxable","16":"purchasable","17":"product-type-simple"},"_links":{"self":[{"href":"https:\/\/calita.ma\/fr\/wp-json\/wp\/v2\/product\/9401","targetHints":{"allow":["GET"]}}],"collection":[{"href":"https:\/\/calita.ma\/fr\/wp-json\/wp\/v2\/product"}],"about":[{"href":"https:\/\/calita.ma\/fr\/wp-json\/wp\/v2\/types\/product"}],"replies":[{"embeddable":true,"href":"https:\/\/calita.ma\/fr\/wp-json\/wp\/v2\/comments?post=9401"}],"version-history":[{"count":1,"href":"https:\/\/calita.ma\/fr\/wp-json\/wp\/v2\/product\/9401\/revisions"}],"predecessor-version":[{"id":9403,"href":"https:\/\/calita.ma\/fr\/wp-json\/wp\/v2\/product\/9401\/revisions\/9403"}],"wp:featuredmedia":[{"embeddable":true,"href":"https:\/\/calita.ma\/fr\/wp-json\/wp\/v2\/media\/9402"}],"wp:attachment":[{"href":"https:\/\/calita.ma\/fr\/wp-json\/wp\/v2\/media?parent=9401"}],"wp:term":[{"taxonomy":"brand","embeddable":true,"href":"https:\/\/calita.ma\/fr\/wp-json\/wp\/v2\/etheme_brands?post=9401"},{"taxonomy":"product_brand","embeddable":true,"href":"https:\/\/calita.ma\/fr\/wp-json\/wp\/v2\/product_brand?post=9401"},{"taxonomy":"product_cat","embeddable":true,"href":"https:\/\/calita.ma\/fr\/wp-json\/wp\/v2\/product_cat?post=9401"},{"taxonomy":"product_tag","embeddable":true,"href":"https:\/\/calita.ma\/fr\/wp-json\/wp\/v2\/product_tag?post=9401"}],"curies":[{"name":"wp","href":"https:\/\/api.w.org\/{rel}","templated":true}]}}