{"id":8870,"date":"2024-11-19T15:08:14","date_gmt":"2024-11-19T15:08:14","guid":{"rendered":"https:\/\/parapharmaciecalifornietah.ma\/?post_type=product&#038;p=8870"},"modified":"2024-11-19T15:08:14","modified_gmt":"2024-11-19T15:08:14","slug":"avene-hydrance-optimale-uv-legere-spf30-40ml","status":"publish","type":"product","link":"https:\/\/calita.ma\/fr\/produit\/avene-hydrance-optimale-uv-legere-spf30-40ml\/","title":{"rendered":"AVENE HYDRANCE OPTIMALE UV LEGERE SPF30 40ML"},"content":{"rendered":"<p>Hydrance UV L\u00e9g\u00e8re \u00c9mulsion hydratante apporte \u00e0 l&#8217;\u00e9piderme une recharge d&#8217;Eau thermale d&#8217;Av\u00e8ne, pour une peau douce, prot\u00e9g\u00e9e hydrat\u00e9e durant 24 h. Particuli\u00e8rement indiqu\u00e9e aux peaux sensibles d\u00e9shydrat\u00e9es normales \u00e0 mixtes, Hydrance L\u00c9G\u00c8RE \u00c9mulsion hydratante est non collante laisse la peau souple et fra\u00eeche tout au long de la journ\u00e9e. \u00c9galement disponible en version teint\u00e9e BB.<\/p>\n<p><strong>B\u00e9n\u00e9fices :<\/strong><\/p>\n<p>\u2022 PROT\u00c8GE des rayons solaires, des UV et de la pollution.<\/p>\n<p>\u2022 HYDRATE 24 h en continu. Son complexe hydratant assure une diffusion optimale de l&#8217;Eau thermale d&#8217;Av\u00e8ne.<\/p>\n<p>\u2022 ADOUCIT : Ce fluide hydratant au parfum frais contribue \u00e0 r\u00e9v\u00e9ler \u00e0 une peau douce et lumineuse<\/p>\n<p><strong>Conseils d&#8217;utilisation :<\/strong><\/p>\n<p>Quotidien<\/p>\n<p>Etalez une perle d&#8217;Hydrance UV LEGERE sur le bout de vos doigts, la d\u00e9posez par touches sur le visage et le cou et faites la p\u00e9n\u00e9trer en lissage du bout de vos doigts.<\/p>\n<p><strong>Ingr\u00e9dients :<\/strong><\/p>\n<p>AVENE THERMAL SPRING WATER (AVENE AQUA). C12-15 ALKYL BENZOATE. DICAPRYLYL CARBONATE. DIISOPROPYL ADIPATE. GLYCERIN. METHYLENE BIS-BENZOTRIAZOLYL TETRAMETHYLBUTYLPHENOL [NANO]. WATER (AQUA). BIS-ETHYLHEXYLOXYPHENOL METHOXYPHENYL TRIAZINE. DIETHYLHEXYL BUTAMIDO TRIAZONE. ALUMINUM STARCH OCTENYLSUCCINATE. BUTYL METHOXYDIBENZOYLMETHANE. METHYL GLUCETH-20. POLYMETHYL METHACRYLATE. ISOCETYL STEAROYL STEARATE. TRIETHYLHEXANOIN. HYDROGENATED STARCH HYDROLYSATE. GLYCERYL STEARATE. PEG-100 STEARATE. POTASSIUM CETYL PHOSPHATE. BENZOIC ACID. CAPRYLIC\/CAPRIC TRIGLYCERIDE. CAPRYLYL GLYCOL. DECYL GLUCOSIDE. DISODIUM EDTA. FRAGRANCE (PARFUM). GLYCERYL BEHENATE. GLYCERYL DIBEHENATE. PHYTOSTEROLS. POLYACRYLATE-13. POLYISOBUTENE. POLYSORBATE 20. PROPYLENE GLYCOL. SORBITAN ISOSTEARATE. TOCOPHEROL. TOCOPHERYL GLUCOSIDE. TRIBEHENIN. XANTHAN GUM<\/p>","protected":false},"excerpt":{"rendered":"<p>Hydrance UV L\u00e9g\u00e8re \u00c9mulsion hydratante apporte \u00e0 l&#8217;\u00e9piderme une recharge d&#8217;Eau thermale d&#8217;Av\u00e8ne, pour une peau douce, prot\u00e9g\u00e9e hydrat\u00e9e durant 24 h. Particuli\u00e8rement indiqu\u00e9e aux&#8230;<\/p>","protected":false},"featured_media":8872,"comment_status":"open","ping_status":"closed","template":"","meta":[],"etheme_brands":[{"term_id":463,"name":"AV\u00c8NE","slug":"avene","term_group":0,"term_taxonomy_id":463,"taxonomy":"brand","description":"","parent":0,"count":40,"filter":"raw"}],"product_brand":[],"product_cat":[15,448,143,161,164,159,114],"product_tag":[],"class_list":{"0":"post-8870","1":"product","2":"type-product","3":"status-publish","4":"has-post-thumbnail","6":"brand-avene","7":"product_cat-uncategorized","8":"product_cat-cremee","9":"product_cat-hydratants-exfoliants","10":"product_cat-peau-mixte-a-grasse","11":"product_cat-peau-sensible","12":"product_cat-type-de-peaux","13":"product_cat-visage","15":"first","16":"instock","17":"sale","18":"shipping-taxable","19":"purchasable","20":"product-type-simple"},"_links":{"self":[{"href":"https:\/\/calita.ma\/fr\/wp-json\/wp\/v2\/product\/8870","targetHints":{"allow":["GET"]}}],"collection":[{"href":"https:\/\/calita.ma\/fr\/wp-json\/wp\/v2\/product"}],"about":[{"href":"https:\/\/calita.ma\/fr\/wp-json\/wp\/v2\/types\/product"}],"replies":[{"embeddable":true,"href":"https:\/\/calita.ma\/fr\/wp-json\/wp\/v2\/comments?post=8870"}],"version-history":[{"count":1,"href":"https:\/\/calita.ma\/fr\/wp-json\/wp\/v2\/product\/8870\/revisions"}],"predecessor-version":[{"id":8873,"href":"https:\/\/calita.ma\/fr\/wp-json\/wp\/v2\/product\/8870\/revisions\/8873"}],"wp:featuredmedia":[{"embeddable":true,"href":"https:\/\/calita.ma\/fr\/wp-json\/wp\/v2\/media\/8872"}],"wp:attachment":[{"href":"https:\/\/calita.ma\/fr\/wp-json\/wp\/v2\/media?parent=8870"}],"wp:term":[{"taxonomy":"brand","embeddable":true,"href":"https:\/\/calita.ma\/fr\/wp-json\/wp\/v2\/etheme_brands?post=8870"},{"taxonomy":"product_brand","embeddable":true,"href":"https:\/\/calita.ma\/fr\/wp-json\/wp\/v2\/product_brand?post=8870"},{"taxonomy":"product_cat","embeddable":true,"href":"https:\/\/calita.ma\/fr\/wp-json\/wp\/v2\/product_cat?post=8870"},{"taxonomy":"product_tag","embeddable":true,"href":"https:\/\/calita.ma\/fr\/wp-json\/wp\/v2\/product_tag?post=8870"}],"curies":[{"name":"wp","href":"https:\/\/api.w.org\/{rel}","templated":true}]}}