{"id":8867,"date":"2024-11-19T14:58:35","date_gmt":"2024-11-19T14:58:35","guid":{"rendered":"https:\/\/parapharmaciecalifornietah.ma\/?post_type=product&#038;p=8867"},"modified":"2024-11-19T14:58:35","modified_gmt":"2024-11-19T14:58:35","slug":"avene-hydrance-optimale-legere-40ml","status":"publish","type":"product","link":"https:\/\/calita.ma\/fr\/produit\/avene-hydrance-optimale-legere-40ml\/","title":{"rendered":"AVENE HYDRANCE OPTIMALE LEGERE 40ML"},"content":{"rendered":"<p>Hydrate votre peau durablement. Sa texture fine et fra\u00eeche laisse la peau infiniment confortable et douce. Hydratante: Ses agents hydratants optimisent de surcro\u00eet la p\u00e9n\u00e9tration et la diffusion de l\u2019Eau thermale d\u2019Av\u00e8ne dans la peau et contr\u00f4le la perte insensible en eau.Purifiante : Ses capsules s\u00e9boabsorbantes retiennent le s\u00e9bum et matifient votre teint. Apaisante : Riche en Eau thermale d\u2019Av\u00e8ne, apaisante et anti-irritante, elle enveloppe votre peau d\u2019un voile de douceur. Couches sup\u00e9rieures de la peau<\/p>\n<p><strong>Conseils d&#8217;utilisation:<\/strong><\/p>\n<p>o Appliquez le matin ou le soir sur une peau parfaitement propre et s\u00e8che.<br \/>\no Le matin, vous pouvez choisir d\u2019appliquer Hydrance Optimale UV l\u00e9g\u00e8re qui vous prot\u00e8gera du soleil.<\/p>\n<p><strong>Ingr\u00e9dients :<\/strong><\/p>\n<p>TRIETHYLHEXANOIN. 1,2-HEXANEDIOL. POLYMETHYL METHACRYLATE. POTASSIUM CETYL PHOSPHATE. ACRYLATES\/C10-30 ALKYL ACRYLATE CROSSPOLYMER. BENZOIC ACID. C12-20 ALKYL GLUCOSIDE. FRAGRANCE (PARFUM). HYDROXYETHYL ACRYLATE\/SODIUM ACRYLOYLDIMETHYL TAURATE COPOLYMER. PHYTOSTEROLS. POLYSORBATE 60. SCLEROTIUM GUM. SODIUM HYDROXIDE. SORBITAN ISOSTEARATE. SQUALANE. WATER (AQUA)<\/p>","protected":false},"excerpt":{"rendered":"<p>Hydrate votre peau durablement. Sa texture fine et fra\u00eeche laisse la peau infiniment confortable et douce. Hydratante: Ses agents hydratants optimisent de surcro\u00eet la p\u00e9n\u00e9tration&#8230;<\/p>","protected":false},"featured_media":8868,"comment_status":"open","ping_status":"closed","template":"","meta":[],"etheme_brands":[{"term_id":463,"name":"AV\u00c8NE","slug":"avene","term_group":0,"term_taxonomy_id":463,"taxonomy":"brand","description":"","parent":0,"count":40,"filter":"raw"}],"product_brand":[],"product_cat":[15,448,143,164,167,159,114],"product_tag":[],"class_list":{"0":"post-8867","1":"product","2":"type-product","3":"status-publish","4":"has-post-thumbnail","6":"brand-avene","7":"product_cat-uncategorized","8":"product_cat-cremee","9":"product_cat-hydratants-exfoliants","10":"product_cat-peau-sensible","11":"product_cat-soins-cibles","12":"product_cat-type-de-peaux","13":"product_cat-visage","15":"first","16":"instock","17":"sale","18":"shipping-taxable","19":"purchasable","20":"product-type-simple"},"_links":{"self":[{"href":"https:\/\/calita.ma\/fr\/wp-json\/wp\/v2\/product\/8867","targetHints":{"allow":["GET"]}}],"collection":[{"href":"https:\/\/calita.ma\/fr\/wp-json\/wp\/v2\/product"}],"about":[{"href":"https:\/\/calita.ma\/fr\/wp-json\/wp\/v2\/types\/product"}],"replies":[{"embeddable":true,"href":"https:\/\/calita.ma\/fr\/wp-json\/wp\/v2\/comments?post=8867"}],"version-history":[{"count":1,"href":"https:\/\/calita.ma\/fr\/wp-json\/wp\/v2\/product\/8867\/revisions"}],"predecessor-version":[{"id":8869,"href":"https:\/\/calita.ma\/fr\/wp-json\/wp\/v2\/product\/8867\/revisions\/8869"}],"wp:featuredmedia":[{"embeddable":true,"href":"https:\/\/calita.ma\/fr\/wp-json\/wp\/v2\/media\/8868"}],"wp:attachment":[{"href":"https:\/\/calita.ma\/fr\/wp-json\/wp\/v2\/media?parent=8867"}],"wp:term":[{"taxonomy":"brand","embeddable":true,"href":"https:\/\/calita.ma\/fr\/wp-json\/wp\/v2\/etheme_brands?post=8867"},{"taxonomy":"product_brand","embeddable":true,"href":"https:\/\/calita.ma\/fr\/wp-json\/wp\/v2\/product_brand?post=8867"},{"taxonomy":"product_cat","embeddable":true,"href":"https:\/\/calita.ma\/fr\/wp-json\/wp\/v2\/product_cat?post=8867"},{"taxonomy":"product_tag","embeddable":true,"href":"https:\/\/calita.ma\/fr\/wp-json\/wp\/v2\/product_tag?post=8867"}],"curies":[{"name":"wp","href":"https:\/\/api.w.org\/{rel}","templated":true}]}}