{"id":8862,"date":"2024-11-19T14:52:23","date_gmt":"2024-11-19T14:52:23","guid":{"rendered":"https:\/\/parapharmaciecalifornietah.ma\/?post_type=product&#038;p=8862"},"modified":"2024-11-19T14:52:23","modified_gmt":"2024-11-19T14:52:23","slug":"avene-hydrance-riche-40ml","status":"publish","type":"product","link":"https:\/\/calita.ma\/fr\/produit\/avene-hydrance-riche-40ml\/","title":{"rendered":"AVENE HYDRANCE RICHE 40ML"},"content":{"rendered":"<p>Hydrance RICHE Cr\u00e8me hydratante apporte \u00e0 l\u2019\u00e9piderme une recharge d\u2019Eau thermale d&#8217;Av\u00e8ne, pour une peau douce et hydrat\u00e9e durant 24 h. Particuli\u00e8rement indiqu\u00e9e aux peaux sensibles d\u00e9shydrat\u00e9es s\u00e8ches \u00e0 tr\u00e8s s\u00e8ches, Hydrance RICHE Cr\u00e8me hydratante est non collante laisse la peau souple et confortable tout au long de la journ\u00e9e. \u00c9galement disponible avec protection UV SPF30 ou en version teint\u00e9e BB.<\/p>\n<p><strong>B\u00e9n\u00e9fices :<\/strong><\/p>\n<p>\u2022 HYDRATE 24 h en continu. Son complexe hydratant assure une diffusion optimale de l\u2019Eau thermale d&#8217;Av\u00e8ne.<\/p>\n<p>\u2022 ADOUCIT : Cette cr\u00e8me hydratante au parfum frais contribue \u00e0 r\u00e9v\u00e9ler \u00e0 une peau douce et lumineuse.<\/p>\n<p>\u2022 R\u00c9CONFORTE : Sa texture riche et non grasse apporte \u00e0 la peau souplesse et confort durant toute la journ\u00e9e.<\/p>\n<p><strong>Conseils d&#8217;utilisation :<\/strong><\/p>\n<p>Quotidien<\/p>\n<p>Etalez une perle d&#8217;Hydrance RICHE sur le bout de vos doigts, la d\u00e9posez par touches sur le visage et le cou et faites la p\u00e9n\u00e9trer en lissage du bout de vos doigts.<\/p>\n<p><strong>Ingr\u00e9dients :<\/strong><\/p>\n<p>AVENE THERMAL SPRING WATER (AVENE AQUA). MINERAL OIL (PARAFFINUM LIQUIDUM). GLYCERIN. ISOHEXADECANE. DIMETHICONE. CETEARYL ALCOHOL. CARTHAMUS TINCTORIUS (SAFFLOWER) SEED OIL (CARTHAMUS TINCTORIUS SEED OIL). ISOCETYL STEAROYL STEARATE. TRIETHYLHEXANOIN. GLYCERYL STEARATE. PEG-100 STEARATE. 1,2-HEXANEDIOL. BUTYROSPERMUM PARKII (SHEA) BUTTER (BUTYROSPERMUM PARKII BUTTER). CETEARYL GLUCOSIDE. BENZOIC ACID. FRAGRANCE (PARFUM). PHYTOSTEROLS. POLYACRYLATE-13. POLYISOBUTENE. POLYSORBATE 20. SODIUM HYDROXIDE. SORBITAN ISOSTEARATE. WATER (AQUA). XANTHAN GUM<\/p>","protected":false},"excerpt":{"rendered":"<p>Hydrance RICHE Cr\u00e8me hydratante apporte \u00e0 l\u2019\u00e9piderme une recharge d\u2019Eau thermale d&#8217;Av\u00e8ne, pour une peau douce et hydrat\u00e9e durant 24 h. Particuli\u00e8rement indiqu\u00e9e aux peaux&#8230;<\/p>","protected":false},"featured_media":8863,"comment_status":"open","ping_status":"closed","template":"","meta":[],"etheme_brands":[{"term_id":463,"name":"AV\u00c8NE","slug":"avene","term_group":0,"term_taxonomy_id":463,"taxonomy":"brand","description":"","parent":0,"count":40,"filter":"raw"}],"product_brand":[],"product_cat":[15,448,143,163,164,159,114],"product_tag":[],"class_list":{"0":"post-8862","1":"product","2":"type-product","3":"status-publish","4":"has-post-thumbnail","6":"brand-avene","7":"product_cat-uncategorized","8":"product_cat-cremee","9":"product_cat-hydratants-exfoliants","10":"product_cat-peau-seche","11":"product_cat-peau-sensible","12":"product_cat-type-de-peaux","13":"product_cat-visage","15":"first","16":"instock","17":"sale","18":"shipping-taxable","19":"purchasable","20":"product-type-simple"},"_links":{"self":[{"href":"https:\/\/calita.ma\/fr\/wp-json\/wp\/v2\/product\/8862","targetHints":{"allow":["GET"]}}],"collection":[{"href":"https:\/\/calita.ma\/fr\/wp-json\/wp\/v2\/product"}],"about":[{"href":"https:\/\/calita.ma\/fr\/wp-json\/wp\/v2\/types\/product"}],"replies":[{"embeddable":true,"href":"https:\/\/calita.ma\/fr\/wp-json\/wp\/v2\/comments?post=8862"}],"version-history":[{"count":1,"href":"https:\/\/calita.ma\/fr\/wp-json\/wp\/v2\/product\/8862\/revisions"}],"predecessor-version":[{"id":8866,"href":"https:\/\/calita.ma\/fr\/wp-json\/wp\/v2\/product\/8862\/revisions\/8866"}],"wp:featuredmedia":[{"embeddable":true,"href":"https:\/\/calita.ma\/fr\/wp-json\/wp\/v2\/media\/8863"}],"wp:attachment":[{"href":"https:\/\/calita.ma\/fr\/wp-json\/wp\/v2\/media?parent=8862"}],"wp:term":[{"taxonomy":"brand","embeddable":true,"href":"https:\/\/calita.ma\/fr\/wp-json\/wp\/v2\/etheme_brands?post=8862"},{"taxonomy":"product_brand","embeddable":true,"href":"https:\/\/calita.ma\/fr\/wp-json\/wp\/v2\/product_brand?post=8862"},{"taxonomy":"product_cat","embeddable":true,"href":"https:\/\/calita.ma\/fr\/wp-json\/wp\/v2\/product_cat?post=8862"},{"taxonomy":"product_tag","embeddable":true,"href":"https:\/\/calita.ma\/fr\/wp-json\/wp\/v2\/product_tag?post=8862"}],"curies":[{"name":"wp","href":"https:\/\/api.w.org\/{rel}","templated":true}]}}