{"id":8755,"date":"2024-11-19T09:12:29","date_gmt":"2024-11-19T09:12:29","guid":{"rendered":"https:\/\/parapharmaciecalifornietah.ma\/?post_type=product&#038;p=8755"},"modified":"2024-11-19T09:12:29","modified_gmt":"2024-11-19T09:12:29","slug":"hyfac-gel-nettoyant-purifiant-150ml","status":"publish","type":"product","link":"https:\/\/calita.ma\/fr\/produit\/hyfac-gel-nettoyant-purifiant-150ml\/","title":{"rendered":"HYFAC GEL NETTOYANT PURIFIANT 150ML"},"content":{"rendered":"<p>Le gel nettoyant purifiant HYFAC permet de nettoyer la peau en douceur. Recommand\u00e9 pour le visage et le corps, il facilite l\u2019\u00e9limination des impuret\u00e9s et de l\u2019exc\u00e8s de s\u00e9bum, tout en limitant la prolif\u00e9ration des bact\u00e9ries responsables des imperfections. Il laisse la peau propre, nette et purifi\u00e9e sans la dess\u00e9cher. Sa formule sans savon permet de r\u00e9\u00e9quilibrer les peaux mixtes \u00e0 grasses.<\/p>\n<p><strong>CARACT\u00e9RISTIQUES :<\/strong><\/p>\n<p>Limite l&#8217;apparition des \u00ab boutons \u00bb inflammatoires \u00bb<br \/>\nR\u00e9duit la s\u00e9cr\u00e9tion de s\u00e9bum<br \/>\nElimine les impuret\u00e9s<br \/>\nN&#8217;ass\u00e8che pas, ne tiraille pas<br \/>\nSans savon<br \/>\n<strong>CONSEIL D&#8217;UTILISATION :<\/strong><\/p>\n<p>Matin et soir, appliquer une petite quantit\u00e9 de produit sur une peau pr\u00e9alablement humidifi\u00e9e et faire mousser en r\u00e9alisant des gestes circulaires. Rincer abondamment et soigneusement \u00e0 l\u2019eau claire, puis s\u00e9cher d\u00e9licatement votre peau sans la frotter. Appliquer ensuite le soin global HYFAC sur une peau parfaitement s\u00e8che.<\/p>","protected":false},"excerpt":{"rendered":"<p>Le gel nettoyant purifiant HYFAC permet de nettoyer la peau en douceur. Recommand\u00e9 pour le visage et le corps, il facilite l\u2019\u00e9limination des impuret\u00e9s et&#8230;<\/p>","protected":false},"featured_media":8757,"comment_status":"open","ping_status":"closed","template":"","meta":[],"etheme_brands":[{"term_id":462,"name":"HYFAC","slug":"hyfac","term_group":0,"term_taxonomy_id":462,"taxonomy":"brand","description":"","parent":0,"count":7,"filter":"raw"}],"product_brand":[],"product_cat":[15,191,435,430,167,192,114],"product_tag":[],"class_list":{"0":"post-8755","1":"product","2":"type-product","3":"status-publish","4":"has-post-thumbnail","6":"brand-hyfac","7":"product_cat-uncategorized","8":"product_cat-corps","9":"product_cat-nettoayants","10":"product_cat-nettoyant-soins-corps","11":"product_cat-soins-cibles","12":"product_cat-soins-corps","13":"product_cat-visage","15":"first","16":"instock","17":"sale","18":"shipping-taxable","19":"purchasable","20":"product-type-simple"},"_links":{"self":[{"href":"https:\/\/calita.ma\/fr\/wp-json\/wp\/v2\/product\/8755","targetHints":{"allow":["GET"]}}],"collection":[{"href":"https:\/\/calita.ma\/fr\/wp-json\/wp\/v2\/product"}],"about":[{"href":"https:\/\/calita.ma\/fr\/wp-json\/wp\/v2\/types\/product"}],"replies":[{"embeddable":true,"href":"https:\/\/calita.ma\/fr\/wp-json\/wp\/v2\/comments?post=8755"}],"version-history":[{"count":1,"href":"https:\/\/calita.ma\/fr\/wp-json\/wp\/v2\/product\/8755\/revisions"}],"predecessor-version":[{"id":8758,"href":"https:\/\/calita.ma\/fr\/wp-json\/wp\/v2\/product\/8755\/revisions\/8758"}],"wp:featuredmedia":[{"embeddable":true,"href":"https:\/\/calita.ma\/fr\/wp-json\/wp\/v2\/media\/8757"}],"wp:attachment":[{"href":"https:\/\/calita.ma\/fr\/wp-json\/wp\/v2\/media?parent=8755"}],"wp:term":[{"taxonomy":"brand","embeddable":true,"href":"https:\/\/calita.ma\/fr\/wp-json\/wp\/v2\/etheme_brands?post=8755"},{"taxonomy":"product_brand","embeddable":true,"href":"https:\/\/calita.ma\/fr\/wp-json\/wp\/v2\/product_brand?post=8755"},{"taxonomy":"product_cat","embeddable":true,"href":"https:\/\/calita.ma\/fr\/wp-json\/wp\/v2\/product_cat?post=8755"},{"taxonomy":"product_tag","embeddable":true,"href":"https:\/\/calita.ma\/fr\/wp-json\/wp\/v2\/product_tag?post=8755"}],"curies":[{"name":"wp","href":"https:\/\/api.w.org\/{rel}","templated":true}]}}