{"id":8623,"date":"2024-11-18T13:20:32","date_gmt":"2024-11-18T13:20:32","guid":{"rendered":"https:\/\/parapharmaciecalifornietah.ma\/?post_type=product&#038;p=8623"},"modified":"2024-11-18T13:20:32","modified_gmt":"2024-11-18T13:20:32","slug":"heliocare-360-fluid-cream-spf50-50ml","status":"publish","type":"product","link":"https:\/\/calita.ma\/fr\/produit\/heliocare-360-fluid-cream-spf50-50ml\/","title":{"rendered":"HELIOCARE 360 FLUID CREAM SPF50+ 50ML"},"content":{"rendered":"<p>Heliocare 360\u00ba Fluid Cream SPF 50+ est un \u00e9cran solaire \u00e0 l&#8217;indice de protection \u00e9lev\u00e9 et \u00e0 la texture l\u00e9g\u00e8re sp\u00e9cialement con\u00e7u pour les peaux sensibles s\u00e8ches \u00e0 tr\u00e8s s\u00e8ches.<\/p>\n<p>Il permet \u00e9galement de pr\u00e9venir le photovieillissement, l&#8217;apparition de taches et l&#8217;hyperpigmentation.<\/p>\n<p><strong>Propri\u00e9t\u00e9s :<\/strong><\/p>\n<p>Prot\u00e8ge des rayons UVA et UVB.<br \/>\nPr\u00e9vient le photovieillissement.<br \/>\nPr\u00e9vient l&#8217;apparition de taches.<br \/>\nProt\u00e8ge du stress oxydatif.<br \/>\nHeliocare 360\u00ba Fluid Cream SPF 50+ est un \u00e9cran solaire \u00e0 l&#8217;indice de protection \u00e9lev\u00e9 et \u00e0 la texture l\u00e9g\u00e8re sp\u00e9cialement con\u00e7u pour les peaux sensibles s\u00e8ches \u00e0 tr\u00e8s s\u00e8ches.<\/p>\n<p>Il permet \u00e9galement de pr\u00e9venir le photovieillissement, l&#8217;apparition de taches et l&#8217;hyperpigmentation.<\/p>","protected":false},"excerpt":{"rendered":"<p>Heliocare 360\u00ba Fluid Cream SPF 50+ est un \u00e9cran solaire \u00e0 l&#8217;indice de protection \u00e9lev\u00e9 et \u00e0 la texture l\u00e9g\u00e8re sp\u00e9cialement con\u00e7u pour les peaux&#8230;<\/p>","protected":false},"featured_media":8624,"comment_status":"open","ping_status":"closed","template":"","meta":[],"etheme_brands":[{"term_id":459,"name":"CANTABRIA LABS","slug":"cantabria-labs","term_group":0,"term_taxonomy_id":459,"taxonomy":"brand","description":"","parent":0,"count":42,"filter":"raw"}],"product_brand":[],"product_cat":[374,348,167,347,174,412,371,166,387,159,380,114,355],"product_tag":[],"class_list":{"0":"post-8623","1":"product","2":"type-product","3":"status-publish","4":"has-post-thumbnail","6":"brand-cantabria-labs","7":"product_cat-fluide1","8":"product_cat-indication","9":"product_cat-soins-cibles","10":"product_cat-solaire1","11":"product_cat-solaire","12":"product_cat-solaires-invisibles","13":"product_cat-texture1","14":"product_cat-tout-type-de-peaux","15":"product_cat-tout-types-de-peaux1","16":"product_cat-type-de-peaux","17":"product_cat-types-de-peaux1","18":"product_cat-visage","19":"product_cat-visage1","21":"first","22":"instock","23":"sale","24":"shipping-taxable","25":"purchasable","26":"product-type-simple"},"_links":{"self":[{"href":"https:\/\/calita.ma\/fr\/wp-json\/wp\/v2\/product\/8623","targetHints":{"allow":["GET"]}}],"collection":[{"href":"https:\/\/calita.ma\/fr\/wp-json\/wp\/v2\/product"}],"about":[{"href":"https:\/\/calita.ma\/fr\/wp-json\/wp\/v2\/types\/product"}],"replies":[{"embeddable":true,"href":"https:\/\/calita.ma\/fr\/wp-json\/wp\/v2\/comments?post=8623"}],"version-history":[{"count":1,"href":"https:\/\/calita.ma\/fr\/wp-json\/wp\/v2\/product\/8623\/revisions"}],"predecessor-version":[{"id":8626,"href":"https:\/\/calita.ma\/fr\/wp-json\/wp\/v2\/product\/8623\/revisions\/8626"}],"wp:featuredmedia":[{"embeddable":true,"href":"https:\/\/calita.ma\/fr\/wp-json\/wp\/v2\/media\/8624"}],"wp:attachment":[{"href":"https:\/\/calita.ma\/fr\/wp-json\/wp\/v2\/media?parent=8623"}],"wp:term":[{"taxonomy":"brand","embeddable":true,"href":"https:\/\/calita.ma\/fr\/wp-json\/wp\/v2\/etheme_brands?post=8623"},{"taxonomy":"product_brand","embeddable":true,"href":"https:\/\/calita.ma\/fr\/wp-json\/wp\/v2\/product_brand?post=8623"},{"taxonomy":"product_cat","embeddable":true,"href":"https:\/\/calita.ma\/fr\/wp-json\/wp\/v2\/product_cat?post=8623"},{"taxonomy":"product_tag","embeddable":true,"href":"https:\/\/calita.ma\/fr\/wp-json\/wp\/v2\/product_tag?post=8623"}],"curies":[{"name":"wp","href":"https:\/\/api.w.org\/{rel}","templated":true}]}}