{"id":8515,"date":"2024-11-16T08:27:52","date_gmt":"2024-11-16T08:27:52","guid":{"rendered":"https:\/\/parapharmaciecalifornietah.ma\/?post_type=product&#038;p=8515"},"modified":"2024-11-16T08:27:52","modified_gmt":"2024-11-16T08:27:52","slug":"soskin-creme-lavante-400ml","status":"publish","type":"product","link":"https:\/\/calita.ma\/fr\/produit\/soskin-creme-lavante-400ml\/","title":{"rendered":"SOSKIN CREME LAVANTE 400ML"},"content":{"rendered":"<p>Nettoie \/ Hydrate \/ Prot\u00e8ge<br \/>\n\u00c9limine les impuret\u00e9s en douceur<br \/>\nTexture ultra-onctueuse, facile \u00e0 rincer<br \/>\n10% Glyc\u00e9rine v\u00e9g\u00e9tale pour retenir l&#8217;eau dans la peau et nettoyer sans dess\u00e9cher<\/p>\n<p>Beurre de karit\u00e9 et huile d&#8217;amande douce : complexe nutritif, restaure la barri\u00e8re cutan\u00e9e et r\u00e9conforte la peau durablement<\/p>\n<p>Pentavitin\u00ae : assure une hydratation intense et prot\u00e8ge contre les effets ind\u00e9sirables des douches fr\u00e9quentes.<\/p>\n<p><strong>CONSEILS D&#8217;UTILISATION:<\/strong><\/p>\n<p>Appliquer sur peau humide apr\u00e8s l&#8217;avoir \u00e9mulsionn\u00e9 entre les mains. Rincer abondamment et s\u00e9cher sans frotter.<\/p>\n<p><strong>INGREDIENTS:<\/strong><\/p>\n<p>Aqua \/ Water \/ Eau, Glycerin, Disodium Cocoyl Glutamate, Prunus Amygdalus Dulcis (Sweet Almond) Oil, Hydroxyethylcellulose, Sodium Cocoyl Alaninate, Butyrospermum Parkii (Shea) Butter, Citric Acid, Parfum \/ Fragrance, Sodium Benzoate, Saccharide Isomerate, Sodium Citrate.<\/p>","protected":false},"excerpt":{"rendered":"<p>Nettoie \/ Hydrate \/ Prot\u00e8ge \u00c9limine les impuret\u00e9s en douceur Texture ultra-onctueuse, facile \u00e0 rincer 10% Glyc\u00e9rine v\u00e9g\u00e9tale pour retenir l&#8217;eau dans la peau et&#8230;<\/p>","protected":false},"featured_media":8516,"comment_status":"open","ping_status":"closed","template":"","meta":[],"etheme_brands":[{"term_id":458,"name":"SOSKiN","slug":"soskin","term_group":0,"term_taxonomy_id":458,"taxonomy":"brand","description":"","parent":0,"count":22,"filter":"raw"}],"product_brand":[],"product_cat":[208,191,199,211,220,216,192],"product_tag":[],"class_list":{"0":"post-8515","1":"product","2":"type-product","3":"status-publish","4":"has-post-thumbnail","6":"brand-soskin","7":"product_cat-buste-et-jambes","8":"product_cat-corps","9":"product_cat-hydratant","10":"product_cat-hydratant-et-secheresse","11":"product_cat-hydratant-mains","12":"product_cat-mains-et-pieds","13":"product_cat-soins-corps","15":"first","16":"instock","17":"sale","18":"shipping-taxable","19":"purchasable","20":"product-type-simple"},"_links":{"self":[{"href":"https:\/\/calita.ma\/fr\/wp-json\/wp\/v2\/product\/8515","targetHints":{"allow":["GET"]}}],"collection":[{"href":"https:\/\/calita.ma\/fr\/wp-json\/wp\/v2\/product"}],"about":[{"href":"https:\/\/calita.ma\/fr\/wp-json\/wp\/v2\/types\/product"}],"replies":[{"embeddable":true,"href":"https:\/\/calita.ma\/fr\/wp-json\/wp\/v2\/comments?post=8515"}],"version-history":[{"count":1,"href":"https:\/\/calita.ma\/fr\/wp-json\/wp\/v2\/product\/8515\/revisions"}],"predecessor-version":[{"id":8520,"href":"https:\/\/calita.ma\/fr\/wp-json\/wp\/v2\/product\/8515\/revisions\/8520"}],"wp:featuredmedia":[{"embeddable":true,"href":"https:\/\/calita.ma\/fr\/wp-json\/wp\/v2\/media\/8516"}],"wp:attachment":[{"href":"https:\/\/calita.ma\/fr\/wp-json\/wp\/v2\/media?parent=8515"}],"wp:term":[{"taxonomy":"brand","embeddable":true,"href":"https:\/\/calita.ma\/fr\/wp-json\/wp\/v2\/etheme_brands?post=8515"},{"taxonomy":"product_brand","embeddable":true,"href":"https:\/\/calita.ma\/fr\/wp-json\/wp\/v2\/product_brand?post=8515"},{"taxonomy":"product_cat","embeddable":true,"href":"https:\/\/calita.ma\/fr\/wp-json\/wp\/v2\/product_cat?post=8515"},{"taxonomy":"product_tag","embeddable":true,"href":"https:\/\/calita.ma\/fr\/wp-json\/wp\/v2\/product_tag?post=8515"}],"curies":[{"name":"wp","href":"https:\/\/api.w.org\/{rel}","templated":true}]}}