{"id":8496,"date":"2024-11-16T07:55:46","date_gmt":"2024-11-16T07:55:46","guid":{"rendered":"https:\/\/parapharmaciecalifornietah.ma\/?post_type=product&#038;p=8496"},"modified":"2024-11-16T07:55:46","modified_gmt":"2024-11-16T07:55:46","slug":"soskin-akn-hydratant-stop-imperfections-50ml","status":"publish","type":"product","link":"https:\/\/calita.ma\/fr\/produit\/soskin-akn-hydratant-stop-imperfections-50ml\/","title":{"rendered":"SOSKIN AKN HYDRATANT STOP IMPERFECTIONS 50ML"},"content":{"rendered":"<p>Peaux grasses \u00e0 tendance acn\u00e9ique.<\/p>\n<p>Soin hydratant quotidien, pour une meilleure qualit\u00e9 de peau.<\/p>\n<p><strong>PROPRI\u00c9T\u00c9S :<\/strong><\/p>\n<p>\u2022 Extrait d&#8217;Iris associ\u00e9 \u00e0 l&#8217;acide salicylique et \u00e0 la vitamine A : pour d\u00e9sobstruer les pores et r\u00e9duire durablement les imperfections persistantes, points noirs et marques r\u00e9siduelles.<\/p>\n<p>\u2022 Niacinamide et oligo-\u00e9l\u00e9ments : pr\u00e9viennent l&#8217;apparition de rougeurs.<\/p>\n<p>\u2022 Des lipides adapt\u00e9s et non gras aident la peau \u00e0 normaliser la qualit\u00e9 de son s\u00e9bum pour pr\u00e9venir les r\u00e9cidives.<\/p>\n<p><strong>R\u00c9SULTATS :<\/strong><\/p>\n<p>Le grain de peau est plus lisse et plus homog\u00e8ne. Texture l\u00e9g\u00e8re et rapidement absorb\u00e9e.<\/p>\n<p><strong>CONSEILS D&#8217;UTILISATION :<\/strong><\/p>\n<p>Appliquer sur l\u2019ensemble du visage pr\u00e9alablement nettoy\u00e9. Ne pas utiliser chez la femme enceinte ou allaitante.<\/p>","protected":false},"excerpt":{"rendered":"<p>Peaux grasses \u00e0 tendance acn\u00e9ique. Soin hydratant quotidien, pour une meilleure qualit\u00e9 de peau. PROPRI\u00c9T\u00c9S : \u2022 Extrait d&#8217;Iris associ\u00e9 \u00e0 l&#8217;acide salicylique et \u00e0&#8230;<\/p>","protected":false},"featured_media":8498,"comment_status":"open","ping_status":"closed","template":"","meta":[],"etheme_brands":[{"term_id":458,"name":"SOSKiN","slug":"soskin","term_group":0,"term_taxonomy_id":458,"taxonomy":"brand","description":"","parent":0,"count":22,"filter":"raw"}],"product_brand":[],"product_cat":[15,135,448,143,138,161,439,159,114],"product_tag":[],"class_list":{"0":"post-8496","1":"product","2":"type-product","3":"status-publish","4":"has-post-thumbnail","6":"brand-soskin","7":"product_cat-uncategorized","8":"product_cat-acne-imperfections","9":"product_cat-cremee","10":"product_cat-hydratants-exfoliants","11":"product_cat-hydratants-traitants","12":"product_cat-peau-mixte-a-grasse","13":"product_cat-peaux-a-tendance","14":"product_cat-type-de-peaux","15":"product_cat-visage","17":"first","18":"instock","19":"sale","20":"shipping-taxable","21":"purchasable","22":"product-type-simple"},"_links":{"self":[{"href":"https:\/\/calita.ma\/fr\/wp-json\/wp\/v2\/product\/8496","targetHints":{"allow":["GET"]}}],"collection":[{"href":"https:\/\/calita.ma\/fr\/wp-json\/wp\/v2\/product"}],"about":[{"href":"https:\/\/calita.ma\/fr\/wp-json\/wp\/v2\/types\/product"}],"replies":[{"embeddable":true,"href":"https:\/\/calita.ma\/fr\/wp-json\/wp\/v2\/comments?post=8496"}],"version-history":[{"count":1,"href":"https:\/\/calita.ma\/fr\/wp-json\/wp\/v2\/product\/8496\/revisions"}],"predecessor-version":[{"id":8499,"href":"https:\/\/calita.ma\/fr\/wp-json\/wp\/v2\/product\/8496\/revisions\/8499"}],"wp:featuredmedia":[{"embeddable":true,"href":"https:\/\/calita.ma\/fr\/wp-json\/wp\/v2\/media\/8498"}],"wp:attachment":[{"href":"https:\/\/calita.ma\/fr\/wp-json\/wp\/v2\/media?parent=8496"}],"wp:term":[{"taxonomy":"brand","embeddable":true,"href":"https:\/\/calita.ma\/fr\/wp-json\/wp\/v2\/etheme_brands?post=8496"},{"taxonomy":"product_brand","embeddable":true,"href":"https:\/\/calita.ma\/fr\/wp-json\/wp\/v2\/product_brand?post=8496"},{"taxonomy":"product_cat","embeddable":true,"href":"https:\/\/calita.ma\/fr\/wp-json\/wp\/v2\/product_cat?post=8496"},{"taxonomy":"product_tag","embeddable":true,"href":"https:\/\/calita.ma\/fr\/wp-json\/wp\/v2\/product_tag?post=8496"}],"curies":[{"name":"wp","href":"https:\/\/api.w.org\/{rel}","templated":true}]}}