{"id":7390,"date":"2024-11-07T11:27:19","date_gmt":"2024-11-07T11:27:19","guid":{"rendered":"https:\/\/parapharmaciecalifornietah.ma\/?post_type=product&#038;p=7390"},"modified":"2024-11-07T11:27:19","modified_gmt":"2024-11-07T11:27:19","slug":"roge-cavailles-soin-apaisant-creme-mains-legere-50ml","status":"publish","type":"product","link":"https:\/\/calita.ma\/fr\/produit\/roge-cavailles-soin-apaisant-creme-mains-legere-50ml\/","title":{"rendered":"ROGE CAVAILLES SOIN APAISANT CREME MAINS LEGERE 50ML"},"content":{"rendered":"<p>Avec sa formule \u00e0 l\u2019amidon de riz, elle r\u00e9duit les rougeurs et apaise les irritations.<br \/>\nSa texture enveloppante et onctueuse p\u00e9n\u00e8tre rapidement pour une action hydratante imm\u00e9diate.<br \/>\n\u00c9t\u00e9 comme hiver, vos mains retrouvent toute leur douceur !<\/p>\n<p><strong>Conseils d\u2019utilisation<\/strong><br \/>\nAppliquez une noisette de Cr\u00e8me nourrissante sur vos mains aussi souvent que n\u00e9cessaire.<\/p>\n<p>Parabella votre parapharmacie en ligne livre partout au Maroc plusieurs gammes de produits de beaut\u00e9 bio, de compl\u00e9ments alimentaires et de produits minceur. Parapharmacie Bella est \u00e0 votre \u00e9coute 7 jours sur 7 pour r\u00e9pondre \u00e0 toutes vos questions et demandes.<\/p>","protected":false},"excerpt":{"rendered":"<p>Avec sa formule \u00e0 l\u2019amidon de riz, elle r\u00e9duit les rougeurs et apaise les irritations. Sa texture enveloppante et onctueuse p\u00e9n\u00e8tre rapidement pour une action&#8230;<\/p>","protected":false},"featured_media":7391,"comment_status":"open","ping_status":"closed","template":"","meta":[],"etheme_brands":[{"term_id":441,"name":"ROGE CAVAILL\u00c8S","slug":"roge-cavailles","term_group":0,"term_taxonomy_id":441,"taxonomy":"brand","description":"","parent":0,"count":69,"filter":"raw"}],"product_brand":[],"product_cat":[191,216,443],"product_tag":[],"class_list":{"0":"post-7390","1":"product","2":"type-product","3":"status-publish","4":"has-post-thumbnail","6":"brand-roge-cavailles","7":"product_cat-corps","8":"product_cat-mains-et-pieds","9":"product_cat-soin-reparateur","11":"first","12":"instock","13":"sale","14":"shipping-taxable","15":"purchasable","16":"product-type-simple"},"_links":{"self":[{"href":"https:\/\/calita.ma\/fr\/wp-json\/wp\/v2\/product\/7390","targetHints":{"allow":["GET"]}}],"collection":[{"href":"https:\/\/calita.ma\/fr\/wp-json\/wp\/v2\/product"}],"about":[{"href":"https:\/\/calita.ma\/fr\/wp-json\/wp\/v2\/types\/product"}],"replies":[{"embeddable":true,"href":"https:\/\/calita.ma\/fr\/wp-json\/wp\/v2\/comments?post=7390"}],"version-history":[{"count":1,"href":"https:\/\/calita.ma\/fr\/wp-json\/wp\/v2\/product\/7390\/revisions"}],"predecessor-version":[{"id":7392,"href":"https:\/\/calita.ma\/fr\/wp-json\/wp\/v2\/product\/7390\/revisions\/7392"}],"wp:featuredmedia":[{"embeddable":true,"href":"https:\/\/calita.ma\/fr\/wp-json\/wp\/v2\/media\/7391"}],"wp:attachment":[{"href":"https:\/\/calita.ma\/fr\/wp-json\/wp\/v2\/media?parent=7390"}],"wp:term":[{"taxonomy":"brand","embeddable":true,"href":"https:\/\/calita.ma\/fr\/wp-json\/wp\/v2\/etheme_brands?post=7390"},{"taxonomy":"product_brand","embeddable":true,"href":"https:\/\/calita.ma\/fr\/wp-json\/wp\/v2\/product_brand?post=7390"},{"taxonomy":"product_cat","embeddable":true,"href":"https:\/\/calita.ma\/fr\/wp-json\/wp\/v2\/product_cat?post=7390"},{"taxonomy":"product_tag","embeddable":true,"href":"https:\/\/calita.ma\/fr\/wp-json\/wp\/v2\/product_tag?post=7390"}],"curies":[{"name":"wp","href":"https:\/\/api.w.org\/{rel}","templated":true}]}}