{"id":7231,"date":"2024-11-05T15:04:30","date_gmt":"2024-11-05T15:04:30","guid":{"rendered":"https:\/\/parapharmaciecalifornietah.ma\/?post_type=product&#038;p=7231"},"modified":"2025-06-06T19:21:12","modified_gmt":"2025-06-06T19:21:12","slug":"la-roche-posay-toleriane-rosaliac-ar-concentrate-40ml","status":"publish","type":"product","link":"https:\/\/calita.ma\/fr\/produit\/la-roche-posay-toleriane-rosaliac-ar-concentrate-40ml\/","title":{"rendered":"LA ROCHE POSAY TOLERIANE ROSALIAC AR CONCENTRATE 40ML"},"content":{"rendered":"<p>Hydratant l\u00e9ger teint\u00e9 vert pour le visage qui est cliniquement prouv\u00e9 pour hydrater instantan\u00e9ment la peau. Apaise la peau et aide \u00e0 neutraliser les rougeurs sur la peau.<\/p>\n<p>Toleriane Rosaliac AR Concentr\u00e9 aide \u00e0 pr\u00e9venir les pouss\u00e9es de peau s\u00e8che, r\u00e9duit les sensations de tiraillement et les sensations d&#8217;inconfort. La formule non grasse \u00e0 absorption rapide contient des pigments verts correcteurs de couleur pour un effet masquant les rougeurs, r\u00e9duisant l&#8217;apparence des rougeurs et apaisant l&#8217;apparence de la peau irrit\u00e9e. Formule sans parfum et non com\u00e9dog\u00e8ne.<\/p>\n<p>Sp\u00e9cialement formul\u00e9 pour les peaux s\u00e8ches et sujettes aux rougeurs. Convient \u00e9galement aux peaux sujettes \u00e0 la rosac\u00e9e.<\/p>\n<p>Conseils d&#8217;utilisation:<\/p>\n<p>Appliquez cette cr\u00e8me hydratante l\u00e9g\u00e8re matin et soir sur l&#8217;ensemble du visage. Le matin, faire suivre de Rosaliac AR SPF 30.<\/p>","protected":false},"excerpt":{"rendered":"<p>Hydratant l\u00e9ger teint\u00e9 vert pour le visage qui est cliniquement prouv\u00e9 pour hydrater instantan\u00e9ment la peau. Apaise la peau et aide \u00e0 neutraliser les rougeurs&#8230;<\/p>","protected":false},"featured_media":7234,"comment_status":"open","ping_status":"closed","template":"","meta":[],"etheme_brands":[{"term_id":72,"name":"LA ROCHE POSAY","slug":"la-roche-posay","term_group":0,"term_taxonomy_id":72,"taxonomy":"brand","description":"","parent":0,"count":64,"filter":"raw"}],"product_brand":[],"product_cat":[169,439,167,159,114],"product_tag":[],"class_list":{"0":"post-7231","1":"product","2":"type-product","3":"status-publish","4":"has-post-thumbnail","6":"brand-la-roche-posay","7":"product_cat-anti-rougeurs","8":"product_cat-peaux-a-tendance","9":"product_cat-soins-cibles","10":"product_cat-type-de-peaux","11":"product_cat-visage","13":"first","14":"instock","15":"sale","16":"shipping-taxable","17":"purchasable","18":"product-type-simple"},"_links":{"self":[{"href":"https:\/\/calita.ma\/fr\/wp-json\/wp\/v2\/product\/7231","targetHints":{"allow":["GET"]}}],"collection":[{"href":"https:\/\/calita.ma\/fr\/wp-json\/wp\/v2\/product"}],"about":[{"href":"https:\/\/calita.ma\/fr\/wp-json\/wp\/v2\/types\/product"}],"replies":[{"embeddable":true,"href":"https:\/\/calita.ma\/fr\/wp-json\/wp\/v2\/comments?post=7231"}],"version-history":[{"count":1,"href":"https:\/\/calita.ma\/fr\/wp-json\/wp\/v2\/product\/7231\/revisions"}],"predecessor-version":[{"id":7235,"href":"https:\/\/calita.ma\/fr\/wp-json\/wp\/v2\/product\/7231\/revisions\/7235"}],"wp:featuredmedia":[{"embeddable":true,"href":"https:\/\/calita.ma\/fr\/wp-json\/wp\/v2\/media\/7234"}],"wp:attachment":[{"href":"https:\/\/calita.ma\/fr\/wp-json\/wp\/v2\/media?parent=7231"}],"wp:term":[{"taxonomy":"brand","embeddable":true,"href":"https:\/\/calita.ma\/fr\/wp-json\/wp\/v2\/etheme_brands?post=7231"},{"taxonomy":"product_brand","embeddable":true,"href":"https:\/\/calita.ma\/fr\/wp-json\/wp\/v2\/product_brand?post=7231"},{"taxonomy":"product_cat","embeddable":true,"href":"https:\/\/calita.ma\/fr\/wp-json\/wp\/v2\/product_cat?post=7231"},{"taxonomy":"product_tag","embeddable":true,"href":"https:\/\/calita.ma\/fr\/wp-json\/wp\/v2\/product_tag?post=7231"}],"curies":[{"name":"wp","href":"https:\/\/api.w.org\/{rel}","templated":true}]}}