{"id":7223,"date":"2024-11-05T14:53:41","date_gmt":"2024-11-05T14:53:41","guid":{"rendered":"https:\/\/parapharmaciecalifornietah.ma\/?post_type=product&#038;p=7223"},"modified":"2025-06-06T19:21:32","modified_gmt":"2025-06-06T19:21:32","slug":"la-roche-posay-toleriane-dermallergo-contour-des-yeux-20ml","status":"publish","type":"product","link":"https:\/\/calita.ma\/fr\/produit\/la-roche-posay-toleriane-dermallergo-contour-des-yeux-20ml\/","title":{"rendered":"LA ROCHE POSAY TOLERIANE DERMALLERGO CONTOUR DES YEUX 20ML"},"content":{"rendered":"<p>Soin contour des yeux apaisant hydratant peau irrit\u00e9e et sensible.<\/p>\n<p><strong>B\u00c9N\u00c9FICES<\/strong><br \/>\nToleriane Dermallergo Yeux est une cr\u00e8me contour des yeux quotidienne pour peau sensible, allergique ou \u00e0 tendance \u00e0 l&#8217;ecz\u00e9ma.<br \/>\nId\u00e9ale pour le contour des yeux sec et irrit\u00e9, sa formule associe le complexe brevet\u00e9 Neurosensine + Niacinamide, actifs apaisants anti-irritations \u00e0 une nouvelle fraction unique de probiotique Sphingobioma, qui renforce les d\u00e9fenses naturelles de la peau.<br \/>\nCette cr\u00e8me pour les yeux r\u00e9duit la s\u00e9cheresse cutan\u00e9e et les poches, apaise instantan\u00e9ment, limite les rougeurs, r\u00e9pare la barri\u00e8re protectrice et hydrate durablement, pour un regard frais et lumineux.<\/p>\n<p><strong>INDICATIONS<\/strong><br \/>\nPour les peaux sensibles, fragilis\u00e9es et allergiques et les peaux \u00e0 tendance atopique.<\/p>\n<p><strong>TEXTURE<\/strong><br \/>\nTexture fluide et non collante qui p\u00e9n\u00e8tre rapidement.<\/p>\n<p><strong>APPLICATION<\/strong><br \/>\nMatin et soir sur peau propre et s\u00e8che, appliquer l&#8217;\u00e9quivalent d&#8217;un point de cr\u00e8me contour des yeux peau sensible anti-irritations Toleriane Dermallergo sur les paupi\u00e8res mobiles inf\u00e9rieure et sup\u00e9rieure.<\/p>\n<p><strong>ROUTINE DE SOINS<\/strong><br \/>\nPour compl\u00e9ter votre routine de soins peau sensible, nettoyer votre peau avec notre Toleriane Fluide Dermo-Nettoyant, puis appliquer notre cr\u00e8me hydratante peau sensible et allergique Toleriane Dermallergo.<\/p>","protected":false},"excerpt":{"rendered":"<p><strong>Probl\u00e8mes cibl\u00e9s :<\/strong><br \/>\nSensibilit\u00e9 cutan\u00e9e<br \/>\nRougeurs<br \/>\nIrritations et d\u00e9mangeaisons<\/p>\n<p><strong>Type de peau :<\/strong><br \/>\nPeaux r\u00e9actives \u00e0 tendance allergique<\/p>\n<p><strong>\u00c2ge :<\/strong><br \/>\nA partir de 12 ans<\/p>","protected":false},"featured_media":7229,"comment_status":"open","ping_status":"closed","template":"","meta":[],"etheme_brands":[{"term_id":72,"name":"LA ROCHE POSAY","slug":"la-roche-posay","term_group":0,"term_taxonomy_id":72,"taxonomy":"brand","description":"","parent":0,"count":64,"filter":"raw"}],"product_brand":[],"product_cat":[154,164,159,114,151],"product_tag":[],"class_list":{"0":"post-7223","1":"product","2":"type-product","3":"status-publish","4":"has-post-thumbnail","6":"brand-la-roche-posay","7":"product_cat-contour-des-yeux-et-levres","8":"product_cat-peau-sensible","9":"product_cat-type-de-peaux","10":"product_cat-visage","11":"product_cat-yeux-levres","13":"first","14":"instock","15":"sale","16":"shipping-taxable","17":"purchasable","18":"product-type-simple"},"_links":{"self":[{"href":"https:\/\/calita.ma\/fr\/wp-json\/wp\/v2\/product\/7223","targetHints":{"allow":["GET"]}}],"collection":[{"href":"https:\/\/calita.ma\/fr\/wp-json\/wp\/v2\/product"}],"about":[{"href":"https:\/\/calita.ma\/fr\/wp-json\/wp\/v2\/types\/product"}],"replies":[{"embeddable":true,"href":"https:\/\/calita.ma\/fr\/wp-json\/wp\/v2\/comments?post=7223"}],"version-history":[{"count":1,"href":"https:\/\/calita.ma\/fr\/wp-json\/wp\/v2\/product\/7223\/revisions"}],"predecessor-version":[{"id":7230,"href":"https:\/\/calita.ma\/fr\/wp-json\/wp\/v2\/product\/7223\/revisions\/7230"}],"wp:featuredmedia":[{"embeddable":true,"href":"https:\/\/calita.ma\/fr\/wp-json\/wp\/v2\/media\/7229"}],"wp:attachment":[{"href":"https:\/\/calita.ma\/fr\/wp-json\/wp\/v2\/media?parent=7223"}],"wp:term":[{"taxonomy":"brand","embeddable":true,"href":"https:\/\/calita.ma\/fr\/wp-json\/wp\/v2\/etheme_brands?post=7223"},{"taxonomy":"product_brand","embeddable":true,"href":"https:\/\/calita.ma\/fr\/wp-json\/wp\/v2\/product_brand?post=7223"},{"taxonomy":"product_cat","embeddable":true,"href":"https:\/\/calita.ma\/fr\/wp-json\/wp\/v2\/product_cat?post=7223"},{"taxonomy":"product_tag","embeddable":true,"href":"https:\/\/calita.ma\/fr\/wp-json\/wp\/v2\/product_tag?post=7223"}],"curies":[{"name":"wp","href":"https:\/\/api.w.org\/{rel}","templated":true}]}}