{"id":7214,"date":"2024-11-05T14:34:12","date_gmt":"2024-11-05T14:34:12","guid":{"rendered":"https:\/\/parapharmaciecalifornietah.ma\/?post_type=product&#038;p=7214"},"modified":"2025-06-06T19:21:50","modified_gmt":"2025-06-06T19:21:50","slug":"la-roche-posay-toleriane-dermo-nettoyant-200ml","status":"publish","type":"product","link":"https:\/\/calita.ma\/fr\/produit\/la-roche-posay-toleriane-dermo-nettoyant-200ml\/","title":{"rendered":"LA ROCHE POSAY TOLERIANE DERMO-NETTOYANT 200ML"},"content":{"rendered":"<p><strong>Caract\u00e9ristiques :<\/strong><br \/>\nLe Fluide Dermo-Nettoyant Tol\u00e9riane de La Roche-Posay a \u00e9t\u00e9 \u00e9labor\u00e9 dans le but de d\u00e9maquiller et nettoyer votre peau en profondeur, tout en lui apportant hydratation et douceur.<\/p>\n<p>Sp\u00e9cialement formul\u00e9 selon un charte de fabrication stricte pour les peaux sensibles et r\u00e9actives, il convient aux peaux intol\u00e9rantes et agit de mani\u00e8re efficace en limitant au maximum le risque de r\u00e9actions cutan\u00e9es.<\/p>\n<p><strong>S\u00e9curit\u00e9 :<\/strong><br \/>\n&#8211; Hypoallerg\u00e9nique.<br \/>\n&#8211; Sans Parfum.<br \/>\n&#8211; Sans Parab\u00e8ne.<br \/>\n&#8211; Sans Tensio-Actif.<br \/>\n&#8211; Sans Conservateur.<\/p>\n<p>Ingr\u00e9dients &amp; Principes Actifs Cl\u00e9s :<br \/>\n&#8211; Eau Thermale de La Roche-Posay : reconnue pour ses vertus apaisantes, rafra\u00eechissantes et hydratantes.<br \/>\n&#8211; Glyc\u00e9rine : substances aux propri\u00e9t\u00e9s hydratantes, afin de nourrir intens\u00e9ment les peaux sensibles et s\u00e8ches.<br \/>\n&#8211; Capryl Glycol : aux effets adoucissants et assouplissants sur la peau.<\/p>\n<p><strong>Conseils d&#8217;Utilisation :<\/strong><br \/>\n&#8211; D\u00e9maquillez et nettoyez votre visage facilement en appliquant le lait d\u00e9maquillant du bout des doigts et en massant de mani\u00e8re circulaire.<br \/>\n&#8211; Essuyez ensuite soigneusement avec un coton, sans frotter ni insister.<br \/>\n&#8211; Ce produit est con\u00e7u pour un usage externe.<\/p>\n<p>Pour compl\u00e9ter votre routine peaux r\u00e9actives, vous pouvez appliquer Toleriane Ultra Cr\u00e8me, un soin visage hydratant apaisant intense, et Toleriane Ultra Yeux, un contour des yeux hydratant anti-irritations anti-poches.<\/p>\n<p><strong>Efficacit\u00e9 :<\/strong><br \/>\nHaute tol\u00e9rance test\u00e9e sous contr\u00f4le dermatologique sur plus de 400 personnes.<\/p>\n<p><strong>Composition :<\/strong><br \/>\nLes listes d\u2019ingr\u00e9dients entrant dans la composition des produits de notre marque sont r\u00e9guli\u00e8rement mises \u00e0 jour. Avant d\u2019utiliser un produit de notre marque, vous \u00eates invit\u00e9s \u00e0 lire la liste d\u2019ingr\u00e9dients figurant sur son emballage afin de vous assurer que les ingr\u00e9dients sont adapt\u00e9s \u00e0 votre utilisation personnelle.<\/p>\n<p>AQUA, ETHYLHEXYL PALMITATE, GLYCERIN, DIPROPYLENE GLYCOL, CARBOMER, SODIUM HYDROXIDE, ETHYLHEXYLGLYCERIN, CAPRYL GLYCOL.&#8221;<\/p>","protected":false},"excerpt":{"rendered":"<p><strong>Probl\u00e8mes cibl\u00e9s :<\/strong><br \/>\nDermo-nettoyant<br \/>\nLait d\u00e9maquillant<br \/>\nIrritations<\/p>\n<p><strong>Type de peau :<\/strong><br \/>\nPeaux sensibles<br \/>\nIntol\u00e9rantes \u00e0 tendance s\u00e8che<\/p>\n<p><strong>\u00c2ge :<\/strong><br \/>\nA partir de 3 ans<\/p>","protected":false},"featured_media":7221,"comment_status":"open","ping_status":"closed","template":"","meta":[],"etheme_brands":[{"term_id":72,"name":"LA ROCHE POSAY","slug":"la-roche-posay","term_group":0,"term_taxonomy_id":72,"taxonomy":"brand","description":"","parent":0,"count":64,"filter":"raw"}],"product_brand":[],"product_cat":[135,285,87,307,113,286,304,435,141,167,438,114],"product_tag":[],"class_list":{"0":"post-7214","1":"product","2":"type-product","3":"status-publish","4":"has-post-thumbnail","6":"brand-la-roche-posay","7":"product_cat-acne-imperfections","8":"product_cat-bebe-maman","9":"product_cat-corps-et-visage","10":"product_cat-hygiene-maman","11":"product_cat-hygiene","12":"product_cat-hygiene-bebe-maman","13":"product_cat-maman","14":"product_cat-nettoayants","15":"product_cat-nettoyants-demaquillants","16":"product_cat-soins-cibles","17":"product_cat-visage-hygiene-bebe-maman","18":"product_cat-visage","20":"first","21":"instock","22":"sale","23":"shipping-taxable","24":"purchasable","25":"product-type-simple"},"_links":{"self":[{"href":"https:\/\/calita.ma\/fr\/wp-json\/wp\/v2\/product\/7214","targetHints":{"allow":["GET"]}}],"collection":[{"href":"https:\/\/calita.ma\/fr\/wp-json\/wp\/v2\/product"}],"about":[{"href":"https:\/\/calita.ma\/fr\/wp-json\/wp\/v2\/types\/product"}],"replies":[{"embeddable":true,"href":"https:\/\/calita.ma\/fr\/wp-json\/wp\/v2\/comments?post=7214"}],"version-history":[{"count":1,"href":"https:\/\/calita.ma\/fr\/wp-json\/wp\/v2\/product\/7214\/revisions"}],"predecessor-version":[{"id":7222,"href":"https:\/\/calita.ma\/fr\/wp-json\/wp\/v2\/product\/7214\/revisions\/7222"}],"wp:featuredmedia":[{"embeddable":true,"href":"https:\/\/calita.ma\/fr\/wp-json\/wp\/v2\/media\/7221"}],"wp:attachment":[{"href":"https:\/\/calita.ma\/fr\/wp-json\/wp\/v2\/media?parent=7214"}],"wp:term":[{"taxonomy":"brand","embeddable":true,"href":"https:\/\/calita.ma\/fr\/wp-json\/wp\/v2\/etheme_brands?post=7214"},{"taxonomy":"product_brand","embeddable":true,"href":"https:\/\/calita.ma\/fr\/wp-json\/wp\/v2\/product_brand?post=7214"},{"taxonomy":"product_cat","embeddable":true,"href":"https:\/\/calita.ma\/fr\/wp-json\/wp\/v2\/product_cat?post=7214"},{"taxonomy":"product_tag","embeddable":true,"href":"https:\/\/calita.ma\/fr\/wp-json\/wp\/v2\/product_tag?post=7214"}],"curies":[{"name":"wp","href":"https:\/\/api.w.org\/{rel}","templated":true}]}}