{"id":7187,"date":"2024-11-05T13:15:49","date_gmt":"2024-11-05T13:15:49","guid":{"rendered":"https:\/\/parapharmaciecalifornietah.ma\/?post_type=product&#038;p=7187"},"modified":"2025-06-06T19:22:43","modified_gmt":"2025-06-06T19:22:43","slug":"la-roche-posay-lipikar-huile-lavante-ap-400ml","status":"publish","type":"product","link":"https:\/\/calita.ma\/fr\/produit\/la-roche-posay-lipikar-huile-lavante-ap-400ml\/","title":{"rendered":"LA ROCHE POSAY LIPIKAR HUILE LAVANTE AP+ 400ML"},"content":{"rendered":"<p><strong>Caract\u00e9ristiques :<\/strong><br \/>\nL&#8217;Huile Lavante AP+ de la gamme Lipikar du Laboratoire La Roche-Posay convient aux peaux s\u00e8ches \u00e0 tr\u00e8s s\u00e8ches et aux peaux \u00e0 tendance \u00e0 l&#8217;ecz\u00e9ma atopique.<\/p>\n<p>Prot\u00e8ge la peau contre les effets dess\u00e9chants du calcaire. Apporte \u00e0 la peau les lipides n\u00e9cessaires \u00e0 la reconstruction de la barri\u00e8re cutan\u00e9e.<\/p>\n<p><strong>S\u00e9curit\u00e9 :<\/strong><br \/>\n&#8211; pH Neutre.<br \/>\n&#8211; Sans Savon.<br \/>\n&#8211; Sans Parab\u00e8ne.<br \/>\n&#8211; Sans Alcool.<br \/>\n&#8211; Sans Colorant.<\/p>\n<p><strong>Ingr\u00e9dients &amp; Principes Actifs Cl\u00e9s :<\/strong><br \/>\n&#8211; Beurre de Karit\u00e9 Relipidant : nourrit la peau et reforme le film hydrolipidique de la peau. 100% du beurre de karit\u00e9 de l&#8217;Huile Lavante est issu d&#8217;un approvisionnement responsable du Burkina Faso.<br \/>\n&#8211; Aqua Posae Filiformis : r\u00e9tablit et stabilise l\u2019\u00e9quilibre du microbiome.<br \/>\n&#8211; Niacinamide : aide \u00e0 r\u00e9duire la sensation de d\u00e9mangeaisons. Conseill\u00e9 pour les peaux \u00e0 tendance \u00e0 l&#8217;ecz\u00e9ma atopique.<\/p>\n<p><strong>Conseils d&#8217;Utilisation :<\/strong><br \/>\n&#8211; Pour la douche, d\u00e9poser quelques gouttes au creux de la main, faire mousser et appliquer sur la peau pr\u00e9alablement mouill\u00e9e. Rincer d\u00e9licatement. S\u00e9cher sans frotter.<\/p>\n<p>&#8211; Pour le bain, verser l\u2019\u00e9quivalent de 5 pressions pendant le remplissage de la baignoire. Rincer d\u00e9licatement. S\u00e9cher sans frotter.<\/p>\n<p><strong>Apr\u00e8s la douche et le bain :<\/strong><br \/>\n&#8211; Pour les peaux s\u00e8ches, appliquer Lipikar Lait relipidant corps anti-dess\u00e9chement.<br \/>\n&#8211; Pour les peaux tr\u00e8s s\u00e8ches \u00e0 tendance \u00e0 l&#8217;ecz\u00e9ma atopique, appliquer Lipikar Baume AP+M relipidant triple r\u00e9paration. Apaise imm\u00e9diatement. Anti-grattage. Anti-rechute.<\/p>\n<p><strong>Efficacit\u00e9 :<\/strong><br \/>\n-46%* La peau est moins s\u00e8che d\u00e8s la douche<br \/>\n+37% La peau est plus douce d\u00e8s 7 jours d&#8217;utilisation<br \/>\n+38%** Hydratation 24h***<\/p>\n<p>Etude cosm\u00e9to-clinique, 43 femmes peau s\u00e8che \u00e0 tr\u00e8s s\u00e8che, application quotidienne sous la douche pendant 7 jours<br \/>\n* Dermascore<br \/>\n** Dermatologue<br \/>\n*** Corneom\u00e8tre sur 24 sujets<\/p>\n<p><strong>Composition :<\/strong><br \/>\nLes listes d\u2019ingr\u00e9dients entrant dans la composition des produits de notre marque sont r\u00e9guli\u00e8rement mises \u00e0 jour. Avant d\u2019utiliser un produit de notre marque, vous \u00eates invit\u00e9s \u00e0 lire la liste d\u2019ingr\u00e9dients figurant sur son emballage afin de vous assurer que les ingr\u00e9dients sont adapt\u00e9s \u00e0 votre utilisation personnelle.<\/p>\n<p>AQUA \/ WATER, SORBITOL, SODIUM LAURETH SULFATE, PEG-60 HYDROGENATED CASTOR OIL, PEG-7 GLYCERYL COCOATE, COCAMIDE MEA, COCO-BETAINE, CETEARETH-60 MYRISTYL GLYCOL, CITRIC ACID, HYDROXYPROPYL GUAR HYDROXYPROPYLTRIMONIUM CHLORIDE, NIACINAMIDE, PARFUM \/ FRAGRANCE, PEG-55 PROPYLENE GLYCOL OLEATE, PEG-75 SHEA BUTTER GLYCERIDES, PPG-5-CETETH-20, PROPYLENE GLYCOL, SODIUM BENZOATE, SODIUM CHLORIDE, SODIUM HYDROXIDE.<\/p>","protected":false},"excerpt":{"rendered":"<p><strong>Probl\u00e8mes cibl\u00e9s :<\/strong><br \/>\nEcz\u00e9ma atopique<br \/>\nS\u00e8cheresse<br \/>\n<strong>Type de peau :<\/strong><br \/>\nPeaux s\u00e8ches<br \/>\nTr\u00e8s s\u00e8ches \u00e0 tendance \u00e0 l&#8217;ecz\u00e9ma atopique<br \/>\n<strong>\u00c2ge :<\/strong><br \/>\nD\u00e8s la naissance<\/p>","protected":false},"featured_media":7206,"comment_status":"open","ping_status":"closed","template":"","meta":[],"etheme_brands":[{"term_id":72,"name":"LA ROCHE POSAY","slug":"la-roche-posay","term_group":0,"term_taxonomy_id":72,"taxonomy":"brand","description":"","parent":0,"count":64,"filter":"raw"}],"product_brand":[],"product_cat":[285,87,307,113,286,111,304],"product_tag":[],"class_list":{"0":"post-7187","1":"product","2":"type-product","3":"status-publish","4":"has-post-thumbnail","6":"brand-la-roche-posay","7":"product_cat-bebe-maman","8":"product_cat-corps-et-visage","9":"product_cat-hygiene-maman","10":"product_cat-hygiene","11":"product_cat-hygiene-bebe-maman","12":"product_cat-hygiene-corps","13":"product_cat-maman","15":"first","16":"instock","17":"sale","18":"shipping-taxable","19":"purchasable","20":"product-type-simple"},"_links":{"self":[{"href":"https:\/\/calita.ma\/fr\/wp-json\/wp\/v2\/product\/7187","targetHints":{"allow":["GET"]}}],"collection":[{"href":"https:\/\/calita.ma\/fr\/wp-json\/wp\/v2\/product"}],"about":[{"href":"https:\/\/calita.ma\/fr\/wp-json\/wp\/v2\/types\/product"}],"replies":[{"embeddable":true,"href":"https:\/\/calita.ma\/fr\/wp-json\/wp\/v2\/comments?post=7187"}],"version-history":[{"count":1,"href":"https:\/\/calita.ma\/fr\/wp-json\/wp\/v2\/product\/7187\/revisions"}],"predecessor-version":[{"id":7207,"href":"https:\/\/calita.ma\/fr\/wp-json\/wp\/v2\/product\/7187\/revisions\/7207"}],"wp:featuredmedia":[{"embeddable":true,"href":"https:\/\/calita.ma\/fr\/wp-json\/wp\/v2\/media\/7206"}],"wp:attachment":[{"href":"https:\/\/calita.ma\/fr\/wp-json\/wp\/v2\/media?parent=7187"}],"wp:term":[{"taxonomy":"brand","embeddable":true,"href":"https:\/\/calita.ma\/fr\/wp-json\/wp\/v2\/etheme_brands?post=7187"},{"taxonomy":"product_brand","embeddable":true,"href":"https:\/\/calita.ma\/fr\/wp-json\/wp\/v2\/product_brand?post=7187"},{"taxonomy":"product_cat","embeddable":true,"href":"https:\/\/calita.ma\/fr\/wp-json\/wp\/v2\/product_cat?post=7187"},{"taxonomy":"product_tag","embeddable":true,"href":"https:\/\/calita.ma\/fr\/wp-json\/wp\/v2\/product_tag?post=7187"}],"curies":[{"name":"wp","href":"https:\/\/api.w.org\/{rel}","templated":true}]}}