{"id":7077,"date":"2024-11-05T08:07:07","date_gmt":"2024-11-05T08:07:07","guid":{"rendered":"https:\/\/parapharmaciecalifornietah.ma\/?post_type=product&#038;p=7077"},"modified":"2025-06-13T19:45:39","modified_gmt":"2025-06-13T19:45:39","slug":"la-roche-posay-anthelios-anti-brillance-brume-fraiche-invisible-75ml","status":"publish","type":"product","link":"https:\/\/calita.ma\/fr\/produit\/la-roche-posay-anthelios-anti-brillance-brume-fraiche-invisible-75ml\/","title":{"rendered":"LA ROCHE POSAY ANTHELIOS ANTI-BRILLANCE BRUME FRAICHE INVISIBLE 75ML"},"content":{"rendered":"<p><strong>Caract\u00e9ristiques :<\/strong><br \/>\n&#8211; Haute protection UVA\/UVB [Syst\u00e8me filtrant brevet\u00e9 Mexoplex\u00ae]<br \/>\n&#8211; Efficacit\u00e9 anti-brillance [Technologie Airlicium\u2122]<br \/>\n&#8211; Application sans les mains, en 5 secondes.<br \/>\n&#8211; Brume fra\u00eeche, absorption rapide<br \/>\n&#8211; Fini sec et invisible<br \/>\n&#8211; Fragrance solaire agr\u00e9able et l\u00e9g\u00e8re<\/p>\n<p><strong>S\u00e9curit\u00e9 :<\/strong><br \/>\n&#8211; Sans Parab\u00e8ne.<br \/>\n&#8211; Non Com\u00e9dog\u00e8ne.<br \/>\n&#8211; Photostable.<br \/>\n&#8211; Test\u00e9 sous contr\u00f4le dermatologique.<\/p>\n<p><strong>Ingr\u00e9dients &amp; Principes Actifs Cl\u00e9s :<\/strong><br \/>\n&#8211; L&#8217;Eau thermale de La Roche-Posay apaise la peau pour une action anti-irritation.<br \/>\n&#8211; Le Syst\u00e8me filtrant Mexoplex\u00ae apporte l&#8217;efficacit\u00e9 d&#8217;une huile \u00e9molliente.<br \/>\n&#8211; L&#8217;Airlicium, actif a\u00e9rien d\u00e9riv\u00e9 de la silice, qui absorbe toutes les sources de brillance telles que l&#8217;eau et le s\u00e9bum.<\/p>\n<p><strong>Conseils d&#8217;Utilisation :<\/strong><br \/>\nAppliquer le produit juste avant l&#8217;exposition. Renouveler g\u00e9n\u00e9reusement et fr\u00e9quemment, surtout apr\u00e8s une baignade.<\/p>\n<p>Application 5 secondes sans application main : fermer les yeux et pincer les l\u00e8vres durant l&#8217;application. Vaporisez g\u00e9n\u00e9reusement et uniform\u00e9ment \u00e0 15 cm du visage. Ne pas inhaler.<\/p>\n<p><strong>Composition :<\/strong><br \/>\nLes listes d\u2019ingr\u00e9dients entrant dans la composition des produits de notre marque sont r\u00e9guli\u00e8rement mises \u00e0 jour. Avant d\u2019utiliser un produit de notre marque, vous \u00eates invit\u00e9s \u00e0 lire la liste d\u2019ingr\u00e9dients figurant sur son emballage afin de vous assurer que les ingr\u00e9dients sont adapt\u00e9s \u00e0 votre utilisation personnelle.<\/p>\n<p>BUTANE, AQUA \/ WATER, HOMOSALATE, OCTOCRYLENE, GLYCERIN, DIMETHICONE, ETHYLHEXYL SALICYLATE, DICAPRYLYL CARBONATE, NYLON-12, DIISOPROPYL SEBACATE, BUTYL METHOXYDIBENZOYLMETHANE, STYRENE\/ACRYLATES COPOLYMER, p-ANISIC ACID, CAPRYLYL GLYCOL, CARNOSINE, CYCLOHEXASILOXANE, DISODIUM EDTA, DROMETRIZOLE TRISILOXANE, ETHYLHEXYL TRIAZONE, MEL \/ HONEY, METHYL METHACRYLATE CROSSPOLYMER, PEG-32, PEG-8 LAURATE, PENTYLENE GLYCOL, PHENOXYETHANOL, POLY C10-30 ALKYL ACRYLATE, POLYGLYCERYL-6 POLYRICINOLEATE, PROPYLENE GLYCOL, SILICA SILYLATE, SODIUM CHLORIDE, SODIUM SACCHARIN, TOCOPHEROL, PARFUM \/ FRAGRANCE.<\/p>","protected":false},"excerpt":{"rendered":"<p>Caract\u00e9ristiques : &#8211; Haute protection UVA\/UVB [Syst\u00e8me filtrant brevet\u00e9 Mexoplex\u00ae] &#8211; Efficacit\u00e9 anti-brillance [Technologie Airlicium\u2122] &#8211; Application sans les mains, en 5 secondes. &#8211; Brume&#8230;<\/p>","protected":false},"featured_media":7086,"comment_status":"open","ping_status":"closed","template":"","meta":[],"etheme_brands":[{"term_id":72,"name":"LA ROCHE POSAY","slug":"la-roche-posay","term_group":0,"term_taxonomy_id":72,"taxonomy":"brand","description":"","parent":0,"count":64,"filter":"raw"}],"product_brand":[],"product_cat":[367,372,356,348,382,383,161,162,167,174,347,412,371,159,380,114,355],"product_tag":[],"class_list":{"0":"post-7077","1":"product","2":"type-product","3":"status-publish","4":"has-post-thumbnail","6":"brand-la-roche-posay","7":"product_cat-apres-soleil-caracteristique","8":"product_cat-brume1","9":"product_cat-caracteristique","10":"product_cat-indication","11":"product_cat-mixte-grasse1","12":"product_cat-normale1","13":"product_cat-peau-mixte-a-grasse","14":"product_cat-peau-normale","15":"product_cat-soins-cibles","16":"product_cat-solaire","17":"product_cat-solaire1","18":"product_cat-solaires-invisibles","19":"product_cat-texture1","20":"product_cat-type-de-peaux","21":"product_cat-types-de-peaux1","22":"product_cat-visage","23":"product_cat-visage1","25":"first","26":"instock","27":"sale","28":"shipping-taxable","29":"purchasable","30":"product-type-simple"},"_links":{"self":[{"href":"https:\/\/calita.ma\/fr\/wp-json\/wp\/v2\/product\/7077","targetHints":{"allow":["GET"]}}],"collection":[{"href":"https:\/\/calita.ma\/fr\/wp-json\/wp\/v2\/product"}],"about":[{"href":"https:\/\/calita.ma\/fr\/wp-json\/wp\/v2\/types\/product"}],"replies":[{"embeddable":true,"href":"https:\/\/calita.ma\/fr\/wp-json\/wp\/v2\/comments?post=7077"}],"version-history":[{"count":1,"href":"https:\/\/calita.ma\/fr\/wp-json\/wp\/v2\/product\/7077\/revisions"}],"predecessor-version":[{"id":7078,"href":"https:\/\/calita.ma\/fr\/wp-json\/wp\/v2\/product\/7077\/revisions\/7078"}],"wp:featuredmedia":[{"embeddable":true,"href":"https:\/\/calita.ma\/fr\/wp-json\/wp\/v2\/media\/7086"}],"wp:attachment":[{"href":"https:\/\/calita.ma\/fr\/wp-json\/wp\/v2\/media?parent=7077"}],"wp:term":[{"taxonomy":"brand","embeddable":true,"href":"https:\/\/calita.ma\/fr\/wp-json\/wp\/v2\/etheme_brands?post=7077"},{"taxonomy":"product_brand","embeddable":true,"href":"https:\/\/calita.ma\/fr\/wp-json\/wp\/v2\/product_brand?post=7077"},{"taxonomy":"product_cat","embeddable":true,"href":"https:\/\/calita.ma\/fr\/wp-json\/wp\/v2\/product_cat?post=7077"},{"taxonomy":"product_tag","embeddable":true,"href":"https:\/\/calita.ma\/fr\/wp-json\/wp\/v2\/product_tag?post=7077"}],"curies":[{"name":"wp","href":"https:\/\/api.w.org\/{rel}","templated":true}]}}