{"id":6989,"date":"2024-11-04T15:06:32","date_gmt":"2024-11-04T15:06:32","guid":{"rendered":"https:\/\/parapharmaciecalifornietah.ma\/?post_type=product&#038;p=6989"},"modified":"2025-06-06T20:29:08","modified_gmt":"2025-06-06T20:29:08","slug":"la-roche-posay-effaclar-gel-purifiant-micro-peeling-200ml","status":"publish","type":"product","link":"https:\/\/calita.ma\/fr\/produit\/la-roche-posay-effaclar-gel-purifiant-micro-peeling-200ml\/","title":{"rendered":"LA ROCHE POSAY EFFACLAR GEL PURIFIANT MICRO-PEELING 200ML"},"content":{"rendered":"<p><strong>Caract\u00e9ristiques :<\/strong><br \/>\nNettoyez la peau en profondeur avec le Gel Nettoyant Purifiant Micro-Peeling de la gamme Effaclar de La Roche-Posay, cibl\u00e9 sur les peaux grasses, \u00e0 imperfections et \u00e0 tendance acn\u00e9ique. Le nettoyant moussant pour le corps et le visage est sp\u00e9cialement formul\u00e9 pour les imperfections persistantes et tenaces.<\/p>\n<p>R\u00e9alisant une micro-exfoliation pour purger en douceur mais efficacement la peau des polluants quotidiens et des bact\u00e9ries acn\u00e9iques, le nettoyant purifiant rafra\u00eechit la peau gr\u00e2ce \u00e0 sa formule douce.<\/p>\n<p><strong>S\u00e9curit\u00e9 :<\/strong><br \/>\n&#8211; pH Neutre.<br \/>\n&#8211; Sans Savon.<br \/>\n&#8211; Sans Alcool.<br \/>\n&#8211; Sans Colorant.<br \/>\n&#8211; Sans Parab\u00e8ne.<br \/>\n&#8211; Hypoallerg\u00e9nique.<br \/>\n&#8211; Test\u00e9e sous contr\u00f4le dermatologique.<\/p>\n<p><strong>Ingr\u00e9dients &amp; Principes Actifs Cl\u00e9s :<\/strong><br \/>\n&#8211; Acide Salicylique (2%) et LHA (0,05%) : micro-exfolie pour une action anti-irritations.<br \/>\n&#8211; Zinc (0,2%) : r\u00e9duit la production de s\u00e9bum limitant ainsi la formation des boutons et points noirs.<br \/>\n&#8211; Eau Thermale de La Roche-Posay : contribue \u00e0 adoucir et apaiser la peau.<\/p>\n<p><strong>Conseils d&#8217;Utilisation :<\/strong><br \/>\nFaire mousser le gel entre les mains mouill\u00e9es et appliquer en massant doucement la peau. Rincer abondamment. Con\u00e7u pour le visage et le corps.<\/p>\n<p><strong>Efficacit\u00e9 :<\/strong><br \/>\n\u00c9valuation sur des sujets ayant une peau \u00e0 tendance acn\u00e9ique* :<\/p>\n<p>&#8211; La peau est plus lisse : 98%<br \/>\n&#8211; Le produit ne laisse pas la peau grasse : 98%<br \/>\n&#8211; Le parfum du produit est agr\u00e9able : 99%<\/p>\n<p>Efficacit\u00e9 anti-r\u00e9cidive prouv\u00e9e 2 semaines apr\u00e8s la fin de l&#8217;application du produit sur les imperfections et les marques.<\/p>\n<p>* Etude cosm\u00e9to-clinique. 52 sujets, tol\u00e9rance \u00e9valu\u00e9e par des dermatologues. Utilis\u00e9 1 fois par jour pendant 4 semaines.<\/p>\n<p><strong>Composition :<\/strong><br \/>\nLes listes d\u2019ingr\u00e9dients entrant dans la composition des produits de notre marque sont r\u00e9guli\u00e8rement mises \u00e0 jour. Avant d\u2019utiliser un produit de notre marque, vous \u00eates invit\u00e9s \u00e0 lire la liste d\u2019ingr\u00e9dients figurant sur son emballage afin de vous assurer que les ingr\u00e9dients sont adapt\u00e9s \u00e0 votre utilisation personnelle.<\/p>\n<p>AQUA \/ WATER, SODIUM LAURETH SULFATE, DECYL GLUCOSIDE, GLYCERIN, SODIUM CHLORIDE, COCO-BETAINE, SALICYLIC ACID, PEG-150 PENTAERYTHRITYL TETRASTEARATE, PEG-6 CAPRYLIC\/CAPRIC GLYCERIDES, ZINC GLUCONATE, SODIUM HYDROXIDE, CAPRYLOYL SALICYLIC ACID, TETRASODIUM EDTA, CITRIC ACID, MENTHOL POLYQUATERNIUM-47, HEXYLENE GLYCOL, SODIUM BENZOATE.&#8221;<\/p>","protected":false},"excerpt":{"rendered":"<p>Caract\u00e9ristiques : Nettoyez la peau en profondeur avec le Gel Nettoyant Purifiant Micro-Peeling de la gamme Effaclar de La Roche-Posay, cibl\u00e9 sur les peaux grasses,&#8230;<\/p>","protected":false},"featured_media":6991,"comment_status":"open","ping_status":"closed","template":"","meta":[],"etheme_brands":[{"term_id":72,"name":"LA ROCHE POSAY","slug":"la-roche-posay","term_group":0,"term_taxonomy_id":72,"taxonomy":"brand","description":"","parent":0,"count":64,"filter":"raw"}],"product_brand":[],"product_cat":[135,191,87,322,331,113,111,430,141,192,114],"product_tag":[],"class_list":{"0":"post-6989","1":"product","2":"type-product","3":"status-publish","4":"has-post-thumbnail","6":"brand-la-roche-posay","7":"product_cat-acne-imperfections","8":"product_cat-corps","9":"product_cat-corps-et-visage","10":"product_cat-homme","11":"product_cat-hygiene-homme","12":"product_cat-hygiene","13":"product_cat-hygiene-corps","14":"product_cat-nettoyant-soins-corps","15":"product_cat-nettoyants-demaquillants","16":"product_cat-soins-corps","17":"product_cat-visage","19":"first","20":"instock","21":"sale","22":"shipping-taxable","23":"purchasable","24":"product-type-simple"},"_links":{"self":[{"href":"https:\/\/calita.ma\/fr\/wp-json\/wp\/v2\/product\/6989","targetHints":{"allow":["GET"]}}],"collection":[{"href":"https:\/\/calita.ma\/fr\/wp-json\/wp\/v2\/product"}],"about":[{"href":"https:\/\/calita.ma\/fr\/wp-json\/wp\/v2\/types\/product"}],"replies":[{"embeddable":true,"href":"https:\/\/calita.ma\/fr\/wp-json\/wp\/v2\/comments?post=6989"}],"version-history":[{"count":1,"href":"https:\/\/calita.ma\/fr\/wp-json\/wp\/v2\/product\/6989\/revisions"}],"predecessor-version":[{"id":6992,"href":"https:\/\/calita.ma\/fr\/wp-json\/wp\/v2\/product\/6989\/revisions\/6992"}],"wp:featuredmedia":[{"embeddable":true,"href":"https:\/\/calita.ma\/fr\/wp-json\/wp\/v2\/media\/6991"}],"wp:attachment":[{"href":"https:\/\/calita.ma\/fr\/wp-json\/wp\/v2\/media?parent=6989"}],"wp:term":[{"taxonomy":"brand","embeddable":true,"href":"https:\/\/calita.ma\/fr\/wp-json\/wp\/v2\/etheme_brands?post=6989"},{"taxonomy":"product_brand","embeddable":true,"href":"https:\/\/calita.ma\/fr\/wp-json\/wp\/v2\/product_brand?post=6989"},{"taxonomy":"product_cat","embeddable":true,"href":"https:\/\/calita.ma\/fr\/wp-json\/wp\/v2\/product_cat?post=6989"},{"taxonomy":"product_tag","embeddable":true,"href":"https:\/\/calita.ma\/fr\/wp-json\/wp\/v2\/product_tag?post=6989"}],"curies":[{"name":"wp","href":"https:\/\/api.w.org\/{rel}","templated":true}]}}