{"id":6978,"date":"2024-11-04T14:53:05","date_gmt":"2024-11-04T14:53:05","guid":{"rendered":"https:\/\/parapharmaciecalifornietah.ma\/?post_type=product&#038;p=6978"},"modified":"2025-06-06T20:29:24","modified_gmt":"2025-06-06T20:29:24","slug":"la-roche-posay-effaclar-gel-moussant-purifiant-200ml","status":"publish","type":"product","link":"https:\/\/calita.ma\/fr\/produit\/la-roche-posay-effaclar-gel-moussant-purifiant-200ml\/","title":{"rendered":"LA ROCHE POSAY EFFACLAR GEL MOUSSANT PURIFIANT 200ML"},"content":{"rendered":"<p><strong>Caract\u00e9ristiques :<\/strong><br \/>\nPremier geste de la routine beaut\u00e9 pour nettoyer et purifier les peaux \u00e0 tendance acn\u00e9ique. Effaclar Gel Moussant enl\u00e8ve les impuret\u00e9s et r\u00e9duit l&#8217;exc\u00e8s de s\u00e9bum. Nettoie doucement la peau, la peau est purifi\u00e9e et d\u00e9barrass\u00e9e de ses imperfections. Les pores sont moins visibles et resserr\u00e9s, l&#8217;\u00e9clat de la peau reste sous contr\u00f4le. Votre peau est parfaitement nettoy\u00e9e et plus fra\u00eeche.<\/p>\n<p><strong>S\u00e9curit\u00e9 :<\/strong><br \/>\n&#8211; pH Neutre. Doux pour la peau.<br \/>\n&#8211; Sans Alcool.<br \/>\n&#8211; Non-Com\u00e9dog\u00e8ne.<br \/>\n&#8211; Sans Savon.<br \/>\n&#8211; Sans Parab\u00e8ne.<\/p>\n<p><strong>Ingr\u00e9dients &amp; Principes Actifs Cl\u00e9s :<\/strong><br \/>\n&#8211; Eau Thermale de La Roche-Posay : apaise la peau pour une action anti-irritation.<br \/>\n&#8211; Agents Nettoyants : efficace pour \u00e9liminer les impuret\u00e9s et r\u00e9duisent l&#8217;exc\u00e8s de s\u00e9bum.<br \/>\n&#8211; Pidolate de zinc : r\u00e9duit la s\u00e9cr\u00e9tion de s\u00e9bum.<\/p>\n<p><strong>Conseils d&#8217;Utilisation :<\/strong><br \/>\n&#8211; Lavez vos mains et vos ongles.<br \/>\n&#8211; Utilisez de l&#8217;eau ti\u00e8de pour contribuer \u00e0 d\u00e9sengorger les pores.<br \/>\n&#8211; Faites mousser dans la main avec un peu d&#8217;eau et appliquez sur le visage.<br \/>\n&#8211; Massez doucement en faisant des mouvements circulaires. Insistez sur la zone T et le cou.<br \/>\n&#8211; Rincez avec de l&#8217;eau fra\u00eeche pour aider \u00e0 resserrer les pores. Utilisez une serviette propre.<br \/>\n&#8211; S\u00e9chez la peau en tapotant pour \u00e9viter le frottement.<\/p>\n<p><strong>Efficacit\u00e9 :<\/strong><br \/>\n16% de r\u00e9duction du s\u00e9bum*<br \/>\n25% de r\u00e9duction des points noirs*<br \/>\n28% de r\u00e9duction des l\u00e9sions inflammatoires (taches)*<\/p>\n<p>Test\u00e9 sur la peau \u00e0 tendance acn\u00e9ique, convient aux peaux sensibles. Tol\u00e9rance \u00e9valu\u00e9e par le sujet suivant le traitement \u00e0 l&#8217;isotr\u00e9tino\u00efde** :<br \/>\nN&#8217;irrite pas la peau 87%<br \/>\nConvient \u00e0 la peau irrit\u00e9e 82%<br \/>\nN&#8217;irrite pas les yeux 87%<\/p>\n<p>*\u00c9tude clinique men\u00e9e par le Prof. G.E. Pierard (CHU de Li\u00e8ge). 30 patients atteints d&#8217;acn\u00e9 faible \u00e0 mod\u00e9r\u00e9e, n&#8217;utilisant aucun traitement contre l&#8217;acn\u00e9. 2 utilisations quotidiennes (matin et soir) pendant 1 mois. Mesures cliniques et biom\u00e9trologiques \u00e0 J0 et J28 par le dermatologue responsable de la recherche.<br \/>\n**\u00c9tude d&#8217;observation. 1 178 patients, 125 dermatologues. GEL EFFACLAR utilis\u00e9 1 \u00e0 2 fois par jour pendant 30 jours. En compl\u00e9ment aux traitements m\u00e9dicaux.<\/p>\n<p><strong>Composition :<\/strong><br \/>\nLes listes d\u2019ingr\u00e9dients entrant dans la composition des produits de notre marque sont r\u00e9guli\u00e8rement mises \u00e0 jour. Avant d\u2019utiliser un produit de notre marque, vous \u00eates invit\u00e9s \u00e0 lire la liste d\u2019ingr\u00e9dients figurant sur son emballage afin de vous assurer que les ingr\u00e9dients sont adapt\u00e9s \u00e0 votre utilisation personnelle.<\/p>\n<p>AQUA \/ WATER, SODIUM LAURETH SULFATE, PEG-8, COCO-BETAINE, HEXYLENE GLYCOL, SODIUM CHLORIDE, PEG-120 METHYL GLUCOSE DIOLEATE, ZINC PCA, SODIUM HYDROXIDE, CAPRYLYL GLYCOL, CITRIC ACID, SODIUM BENZOATE, PHENOXYETHANOL, PARFUM \/ FRAGRANCE.&#8221;<\/p>","protected":false},"excerpt":{"rendered":"<p>Caract\u00e9ristiques : Premier geste de la routine beaut\u00e9 pour nettoyer et purifier les peaux \u00e0 tendance acn\u00e9ique. Effaclar Gel Moussant enl\u00e8ve les impuret\u00e9s et r\u00e9duit&#8230;<\/p>","protected":false},"featured_media":6987,"comment_status":"open","ping_status":"closed","template":"","meta":[],"etheme_brands":[{"term_id":72,"name":"LA ROCHE POSAY","slug":"la-roche-posay","term_group":0,"term_taxonomy_id":72,"taxonomy":"brand","description":"","parent":0,"count":64,"filter":"raw"}],"product_brand":[],"product_cat":[135,141,161,162,159,114],"product_tag":[],"class_list":{"0":"post-6978","1":"product","2":"type-product","3":"status-publish","4":"has-post-thumbnail","6":"brand-la-roche-posay","7":"product_cat-acne-imperfections","8":"product_cat-nettoyants-demaquillants","9":"product_cat-peau-mixte-a-grasse","10":"product_cat-peau-normale","11":"product_cat-type-de-peaux","12":"product_cat-visage","14":"first","15":"instock","16":"sale","17":"shipping-taxable","18":"purchasable","19":"product-type-simple"},"_links":{"self":[{"href":"https:\/\/calita.ma\/fr\/wp-json\/wp\/v2\/product\/6978","targetHints":{"allow":["GET"]}}],"collection":[{"href":"https:\/\/calita.ma\/fr\/wp-json\/wp\/v2\/product"}],"about":[{"href":"https:\/\/calita.ma\/fr\/wp-json\/wp\/v2\/types\/product"}],"replies":[{"embeddable":true,"href":"https:\/\/calita.ma\/fr\/wp-json\/wp\/v2\/comments?post=6978"}],"version-history":[{"count":1,"href":"https:\/\/calita.ma\/fr\/wp-json\/wp\/v2\/product\/6978\/revisions"}],"predecessor-version":[{"id":6988,"href":"https:\/\/calita.ma\/fr\/wp-json\/wp\/v2\/product\/6978\/revisions\/6988"}],"wp:featuredmedia":[{"embeddable":true,"href":"https:\/\/calita.ma\/fr\/wp-json\/wp\/v2\/media\/6987"}],"wp:attachment":[{"href":"https:\/\/calita.ma\/fr\/wp-json\/wp\/v2\/media?parent=6978"}],"wp:term":[{"taxonomy":"brand","embeddable":true,"href":"https:\/\/calita.ma\/fr\/wp-json\/wp\/v2\/etheme_brands?post=6978"},{"taxonomy":"product_brand","embeddable":true,"href":"https:\/\/calita.ma\/fr\/wp-json\/wp\/v2\/product_brand?post=6978"},{"taxonomy":"product_cat","embeddable":true,"href":"https:\/\/calita.ma\/fr\/wp-json\/wp\/v2\/product_cat?post=6978"},{"taxonomy":"product_tag","embeddable":true,"href":"https:\/\/calita.ma\/fr\/wp-json\/wp\/v2\/product_tag?post=6978"}],"curies":[{"name":"wp","href":"https:\/\/api.w.org\/{rel}","templated":true}]}}