{"id":6970,"date":"2024-11-04T14:11:48","date_gmt":"2024-11-04T14:11:48","guid":{"rendered":"https:\/\/parapharmaciecalifornietah.ma\/?post_type=product&#038;p=6970"},"modified":"2025-06-06T20:30:03","modified_gmt":"2025-06-06T20:30:03","slug":"la-roche-posay-solution-micellaire-physiologique-200m","status":"publish","type":"product","link":"https:\/\/calita.ma\/fr\/produit\/la-roche-posay-solution-micellaire-physiologique-200m\/","title":{"rendered":"LA ROCHE POSAY SOLUTION MICELLAIRE PHYSIOLOGIQUE 200M"},"content":{"rendered":"<p><strong>Caract\u00e9ristiques :<\/strong><br \/>\nLa solution micellaire Ultra La Roche-Posay peut \u00eatre utilis\u00e9e par les peaux les plus sensibles. Sa texture l\u00e9g\u00e8re et fra\u00eeche rend l\u2019application de ce soin agr\u00e9able au quotidien. Chaque jour, il :<\/p>\n<p>&#8211; contribue au nettoyage de la peau<br \/>\n&#8211; aide \u00e0 \u00e9liminer les impuret\u00e9s et le maquillage<br \/>\n&#8211; hydrate et apaise la peau<\/p>\n<p><strong>S\u00e9curit\u00e9 :<\/strong><br \/>\n&#8211; pH Physiologique.<br \/>\n&#8211; Sans Savon.<br \/>\n&#8211; Sans Alcool.<br \/>\n&#8211; Sans Colorant.<br \/>\n&#8211; Sans Parab\u00e8ne.<br \/>\n&#8211; Parfum Physiologique.<br \/>\n&#8211; Test\u00e9 sous contr\u00f4le dermatologique et ophtalmologique.<\/p>\n<p><strong>Ingr\u00e9dients &amp; Principes Actifs Cl\u00e9s :<\/strong><br \/>\n&#8211; Eau Thermale de La Roche-Posay : apaise les d\u00e9mangeaisons, les rougeurs et les tiraillements.<br \/>\n&#8211; Glyc\u00e9rine : hydrate la peau et limite l\u2019apparition de rougeurs li\u00e9es aux frottements du coton sur la peau.<br \/>\n&#8211; Tensio-actifs nettoyants s\u00e9lectionn\u00e9s pour une tol\u00e9rance optimale.<\/p>\n<p><strong>Conseils d&#8217;Utilisation :<\/strong><br \/>\n&#8211; D\u00e9posez quelques gouttes de soin sur un coton et frottez d\u00e9licatement votre visage pour le nettoyer.<br \/>\n&#8211; Renouvelez l\u2019op\u00e9ration jusqu\u2019\u00e0 ce que le coton ne contienne plus aucune trace d\u2019impuret\u00e9s ou de maquillage. Il n\u2019est pas n\u00e9cessaire de rincer le visage.<\/p>\n<p>Ce soin convient \u00e0 un usage r\u00e9gulier, le matin et le soir.<\/p>\n<p><strong>Efficacit\u00e9 :<\/strong><br \/>\nLes peaux sensibles n&#8217;ont plus \u00e0 choisir entre tol\u00e9rance et efficacit\u00e9 pour leur d\u00e9maquillage !<\/p>\n<p>ULTRA-EFFICACE : \u00c9limine 98% du fond de teint, avec 1 seul coton !*<\/p>\n<p>*\u00e9tude cosm\u00e9toclinique sur 20 femmes.<\/p>\n<p><strong>Composition :<\/strong><br \/>\nLes listes d\u2019ingr\u00e9dients entrant dans la composition des produits de notre marque sont r\u00e9guli\u00e8rement mises \u00e0 jour. Avant d\u2019utiliser un produit de notre marque, vous \u00eates invit\u00e9s \u00e0 lire la liste d\u2019ingr\u00e9dients figurant sur son emballage afin de vous assurer que les ingr\u00e9dients sont adapt\u00e9s \u00e0 votre utilisation personnelle.<\/p>\n<p>AQUA \/ WATER, HEXYLENE GLYCOL, POLOXAMER 184, GLYCERIN, DISODIUM COCOAMPHODIACETATE, DISODIUM EDTA, CITRIC ACID, DIHYDROCHOLETH-30, SODIUM CHLORIDE, SODIUM DIGLYCOLATE, SODIUM GLYCOLATE, POLYAMINOPROPYL BIGUANIDE, PARFUM \/ FRAGRANCE.&#8221;<\/p>","protected":false},"excerpt":{"rendered":"<p>Caract\u00e9ristiques : La solution micellaire Ultra La Roche-Posay peut \u00eatre utilis\u00e9e par les peaux les plus sensibles. Sa texture l\u00e9g\u00e8re et fra\u00eeche rend l\u2019application de&#8230;<\/p>","protected":false},"featured_media":6972,"comment_status":"open","ping_status":"closed","template":"","meta":[],"etheme_brands":[{"term_id":72,"name":"LA ROCHE POSAY","slug":"la-roche-posay","term_group":0,"term_taxonomy_id":72,"taxonomy":"brand","description":"","parent":0,"count":64,"filter":"raw"}],"product_brand":[],"product_cat":[135,191,155,430,141,164,115,192,159,114,151,122],"product_tag":[],"class_list":{"0":"post-6970","1":"product","2":"type-product","3":"status-publish","4":"has-post-thumbnail","6":"brand-la-roche-posay","7":"product_cat-acne-imperfections","8":"product_cat-corps","9":"product_cat-demaquillants","10":"product_cat-nettoyant-soins-corps","11":"product_cat-nettoyants-demaquillants","12":"product_cat-peau-sensible","13":"product_cat-soins-anti-age","14":"product_cat-soins-corps","15":"product_cat-type-de-peaux","16":"product_cat-visage","17":"product_cat-yeux-levres","18":"product_cat-yeux-levres-cou","20":"first","21":"instock","22":"sale","23":"shipping-taxable","24":"purchasable","25":"product-type-simple"},"_links":{"self":[{"href":"https:\/\/calita.ma\/fr\/wp-json\/wp\/v2\/product\/6970","targetHints":{"allow":["GET"]}}],"collection":[{"href":"https:\/\/calita.ma\/fr\/wp-json\/wp\/v2\/product"}],"about":[{"href":"https:\/\/calita.ma\/fr\/wp-json\/wp\/v2\/types\/product"}],"replies":[{"embeddable":true,"href":"https:\/\/calita.ma\/fr\/wp-json\/wp\/v2\/comments?post=6970"}],"version-history":[{"count":1,"href":"https:\/\/calita.ma\/fr\/wp-json\/wp\/v2\/product\/6970\/revisions"}],"predecessor-version":[{"id":6973,"href":"https:\/\/calita.ma\/fr\/wp-json\/wp\/v2\/product\/6970\/revisions\/6973"}],"wp:featuredmedia":[{"embeddable":true,"href":"https:\/\/calita.ma\/fr\/wp-json\/wp\/v2\/media\/6972"}],"wp:attachment":[{"href":"https:\/\/calita.ma\/fr\/wp-json\/wp\/v2\/media?parent=6970"}],"wp:term":[{"taxonomy":"brand","embeddable":true,"href":"https:\/\/calita.ma\/fr\/wp-json\/wp\/v2\/etheme_brands?post=6970"},{"taxonomy":"product_brand","embeddable":true,"href":"https:\/\/calita.ma\/fr\/wp-json\/wp\/v2\/product_brand?post=6970"},{"taxonomy":"product_cat","embeddable":true,"href":"https:\/\/calita.ma\/fr\/wp-json\/wp\/v2\/product_cat?post=6970"},{"taxonomy":"product_tag","embeddable":true,"href":"https:\/\/calita.ma\/fr\/wp-json\/wp\/v2\/product_tag?post=6970"}],"curies":[{"name":"wp","href":"https:\/\/api.w.org\/{rel}","templated":true}]}}