{"id":5065,"date":"2024-07-07T15:12:33","date_gmt":"2024-07-07T15:12:33","guid":{"rendered":"https:\/\/parapharmaciecalifornietah.ma\/?post_type=product&#038;p=5065"},"modified":"2025-06-06T01:42:25","modified_gmt":"2025-06-06T01:42:25","slug":"nuxe-super-serum-10-le-concentre-anti-age-universel-30ml","status":"publish","type":"product","link":"https:\/\/calita.ma\/fr\/produit\/nuxe-super-serum-10-le-concentre-anti-age-universel-30ml\/","title":{"rendered":"NUXE SUPER SERUM 30ML"},"content":{"rendered":"<p>S\u00e9rum \u00e0 l&#8217;acide hyaluronique : correction rides, fermet\u00e9, taches.<\/p>\n<p>Toutes peaux.<\/p>\n<p>95% d&#8217;ingr\u00e9dients d&#8217;origine naturelle<\/p>\n<p><strong>Description<\/strong><\/p>\n<p>Super Serum [10] : la peau fonctionne comme si elle avait 10 ans de moins (1).<\/p>\n<p>Fusion des expertises du Laboratoire NUXE sur les huiles v\u00e9g\u00e9tales et les soins anti-\u00e2ge, ce s\u00e9rum \u00e0 l&#8217;acide hyaluronique naturel est infus\u00e9 de milliers de micro-billes d\u2018Huiles V\u00e9g\u00e9tales fractionn\u00e9es. Il stimule les m\u00e9canismes de jeunesse de la peau pour une extraordinaire efficacit\u00e9 anti-\u00e2ge.<\/p>\n<p>D\u00e8s les 1\u00e8res gouttes, la peau est comme transform\u00e9e : liss\u00e9e, repulp\u00e9e et lumineuse.<\/p>\n<p>En quelques semaines, une efficacit\u00e9 anti-\u00e2ge prouv\u00e9e (2) :<\/p>\n<p>&#8211; Les rides et ridules sont estomp\u00e9es, 84% des femmes trouvent leur peau plus lisse, 71% leur peau plus ferme.<\/p>\n<p>&#8211; Les taches sont corrig\u00e9es, 81% des femmes trouvent leur teint plus uniforme.<\/p>\n<p>Une efficacit\u00e9 anti-\u00e2ge et un plaisir ultime gr\u00e2ce \u00e0 sa texture fra\u00eeche et soyeuse aux subtiles notes v\u00e9g\u00e9tales, qui fond divinement sur la peau.<\/p>\n<p><strong>Conseils beaut\u00e9<\/strong><\/p>\n<p>Pr\u00e9levez une petite noisette de s\u00e9rum ou une demi-pipette, \u00e9talez la texture l\u00e9g\u00e8rement entre vos doigts, puis appliquez-la sur votre visage avec vos deux mains \u00e0 plat, toujours du centre vers l&#8217;ext\u00e9rieur (en \u00e9vitant le contour des yeux). N&#8217;oubliez pas le cou et le haut du d\u00e9collet\u00e9.<\/p>\n<p>Laissez la texture p\u00e9n\u00e9trer 30 secondes, avant d&#8217;appliquer votre cr\u00e8me.<\/p>\n<p>Id\u00e9alement matin et soir.<\/p>","protected":false},"excerpt":{"rendered":"<p>S\u00e9rum \u00e0 l&#8217;acide hyaluronique : correction rides, fermet\u00e9, taches. Toutes peaux. 95% d&#8217;ingr\u00e9dients d&#8217;origine naturelle Description Super Serum [10] : la peau fonctionne comme si&#8230;<\/p>","protected":false},"featured_media":5066,"comment_status":"open","ping_status":"closed","template":"","meta":[],"etheme_brands":[{"term_id":71,"name":"NUXE","slug":"nuxe","term_group":0,"term_taxonomy_id":71,"taxonomy":"brand","description":"","parent":0,"count":65,"filter":"raw"}],"product_brand":[],"product_cat":[15],"product_tag":[],"class_list":{"0":"post-5065","1":"product","2":"type-product","3":"status-publish","4":"has-post-thumbnail","6":"brand-nuxe","7":"product_cat-uncategorized","9":"first","10":"instock","11":"sale","12":"shipping-taxable","13":"purchasable","14":"product-type-simple"},"_links":{"self":[{"href":"https:\/\/calita.ma\/fr\/wp-json\/wp\/v2\/product\/5065","targetHints":{"allow":["GET"]}}],"collection":[{"href":"https:\/\/calita.ma\/fr\/wp-json\/wp\/v2\/product"}],"about":[{"href":"https:\/\/calita.ma\/fr\/wp-json\/wp\/v2\/types\/product"}],"replies":[{"embeddable":true,"href":"https:\/\/calita.ma\/fr\/wp-json\/wp\/v2\/comments?post=5065"}],"version-history":[{"count":2,"href":"https:\/\/calita.ma\/fr\/wp-json\/wp\/v2\/product\/5065\/revisions"}],"predecessor-version":[{"id":13125,"href":"https:\/\/calita.ma\/fr\/wp-json\/wp\/v2\/product\/5065\/revisions\/13125"}],"wp:featuredmedia":[{"embeddable":true,"href":"https:\/\/calita.ma\/fr\/wp-json\/wp\/v2\/media\/5066"}],"wp:attachment":[{"href":"https:\/\/calita.ma\/fr\/wp-json\/wp\/v2\/media?parent=5065"}],"wp:term":[{"taxonomy":"brand","embeddable":true,"href":"https:\/\/calita.ma\/fr\/wp-json\/wp\/v2\/etheme_brands?post=5065"},{"taxonomy":"product_brand","embeddable":true,"href":"https:\/\/calita.ma\/fr\/wp-json\/wp\/v2\/product_brand?post=5065"},{"taxonomy":"product_cat","embeddable":true,"href":"https:\/\/calita.ma\/fr\/wp-json\/wp\/v2\/product_cat?post=5065"},{"taxonomy":"product_tag","embeddable":true,"href":"https:\/\/calita.ma\/fr\/wp-json\/wp\/v2\/product_tag?post=5065"}],"curies":[{"name":"wp","href":"https:\/\/api.w.org\/{rel}","templated":true}]}}