{"id":5051,"date":"2024-07-07T12:32:10","date_gmt":"2024-07-07T12:32:10","guid":{"rendered":"https:\/\/parapharmaciecalifornietah.ma\/?post_type=product&#038;p=5051"},"modified":"2024-09-11T11:08:40","modified_gmt":"2024-09-11T11:08:40","slug":"uriage-bebe-1er-lait-hydratant-500ml","status":"publish","type":"product","link":"https:\/\/calita.ma\/fr\/produit\/uriage-bebe-1er-lait-hydratant-500ml\/","title":{"rendered":"URIAGE BEBE 1ER LAIT HYDRATANT 500ML"},"content":{"rendered":"<p>Cette \u00e9mulsion fluide et onctueuse hydrate intens\u00e9ment la peau d\u00e9licate de b\u00e9b\u00e9 et la pr\u00e9serve du dess\u00e8chement.<br \/>\nSa formule au complexe naturel [Eau Thermale d&#8217;Uriage + Edelweiss bio] associ\u00e9e au Squalane V\u00e9g\u00e9tal, cr\u00e9\u00e9 un film protecteur et nourrit durablement la peau.<br \/>\nON ADORE : Sa texture fondante non grasse et d\u00e9licatement parfum\u00e9e permettant un habillage rapide.<\/p>\n<p><strong>1. HYDRATE<\/strong><br \/>\nLe complexe [Eau Thermale d\u2019Uriage + Edelweiss Bio] hydrate intens\u00e9ment, la peau retrouve tout son confort.<\/p>\n<p><strong>2. PROT\u00c8GE &amp; PR\u00c9SERVE DU DESS\u00c8CHEMENT<\/strong><br \/>\nLe Beurre de Karit\u00e9 associ\u00e9 au Squalane v\u00e9g\u00e9tal, apportent du confort, prot\u00e8gent et pr\u00e9servent la peau d\u00e9licate de b\u00e9b\u00e9 du dess\u00e8chement cutan\u00e9.<\/p>\n<p>D\u00c9MARCHE \u00c9CO-RESPONSABLE :<br \/>\n\u2022 FORMULE D\u2019ORIGINE NATURELLE<br \/>\n&#8211; 97% d\u2019ingr\u00e9dients d\u2019origine naturelle<br \/>\n&#8211; Complexe sourc\u00e9 localement (Alpes) 100% naturel : [Eau Thermale d\u2019Uriage + Edelweiss bio]<\/p>\n<p>\u2022 PACKAGING \u00c9CO-CONCU<br \/>\n&#8211; Flacon 100% recyclable<\/p>","protected":false},"excerpt":{"rendered":"<p>Cette \u00e9mulsion fluide et onctueuse hydrate intens\u00e9ment la peau d\u00e9licate de b\u00e9b\u00e9 et la pr\u00e9serve du dess\u00e8chement. Sa formule au complexe naturel [Eau Thermale d&#8217;Uriage&#8230;<\/p>","protected":false},"featured_media":5052,"comment_status":"open","ping_status":"closed","template":"","meta":[],"etheme_brands":[{"term_id":74,"name":"URIAGE","slug":"uriage","term_group":0,"term_taxonomy_id":74,"taxonomy":"brand","description":"","parent":0,"count":100,"filter":"raw"}],"product_brand":[],"product_cat":[15],"product_tag":[],"class_list":{"0":"post-5051","1":"product","2":"type-product","3":"status-publish","4":"has-post-thumbnail","6":"brand-uriage","7":"product_cat-uncategorized","9":"first","10":"instock","11":"sale","12":"shipping-taxable","13":"purchasable","14":"product-type-simple"},"_links":{"self":[{"href":"https:\/\/calita.ma\/fr\/wp-json\/wp\/v2\/product\/5051","targetHints":{"allow":["GET"]}}],"collection":[{"href":"https:\/\/calita.ma\/fr\/wp-json\/wp\/v2\/product"}],"about":[{"href":"https:\/\/calita.ma\/fr\/wp-json\/wp\/v2\/types\/product"}],"replies":[{"embeddable":true,"href":"https:\/\/calita.ma\/fr\/wp-json\/wp\/v2\/comments?post=5051"}],"version-history":[{"count":1,"href":"https:\/\/calita.ma\/fr\/wp-json\/wp\/v2\/product\/5051\/revisions"}],"predecessor-version":[{"id":5053,"href":"https:\/\/calita.ma\/fr\/wp-json\/wp\/v2\/product\/5051\/revisions\/5053"}],"wp:featuredmedia":[{"embeddable":true,"href":"https:\/\/calita.ma\/fr\/wp-json\/wp\/v2\/media\/5052"}],"wp:attachment":[{"href":"https:\/\/calita.ma\/fr\/wp-json\/wp\/v2\/media?parent=5051"}],"wp:term":[{"taxonomy":"brand","embeddable":true,"href":"https:\/\/calita.ma\/fr\/wp-json\/wp\/v2\/etheme_brands?post=5051"},{"taxonomy":"product_brand","embeddable":true,"href":"https:\/\/calita.ma\/fr\/wp-json\/wp\/v2\/product_brand?post=5051"},{"taxonomy":"product_cat","embeddable":true,"href":"https:\/\/calita.ma\/fr\/wp-json\/wp\/v2\/product_cat?post=5051"},{"taxonomy":"product_tag","embeddable":true,"href":"https:\/\/calita.ma\/fr\/wp-json\/wp\/v2\/product_tag?post=5051"}],"curies":[{"name":"wp","href":"https:\/\/api.w.org\/{rel}","templated":true}]}}