{"id":4722,"date":"2024-07-03T11:02:26","date_gmt":"2024-07-03T11:02:26","guid":{"rendered":"https:\/\/parapharmaciecalifornietah.ma\/?post_type=product&#038;p=4722"},"modified":"2024-09-11T09:24:52","modified_gmt":"2024-09-11T09:24:52","slug":"puriaderm-puriphan-lotion-anti-chute-120ml","status":"publish","type":"product","link":"https:\/\/calita.ma\/fr\/produit\/puriaderm-puriphan-lotion-anti-chute-120ml\/","title":{"rendered":"PURIADERM PURIPHAN LOTION ANTI-CHUTE 120ML"},"content":{"rendered":"<p>La Lotion anti-chute :<\/p>\n<p>&#8211; lutte efficacement contre la perte de cheveux<\/p>\n<p>&#8211; reg\u00e9n\u00e8re et tonifie et augmente la r\u00e9sistance du bulbe<\/p>\n<p>&#8211; active la croissance capillaire pour une repousse plus rapide<\/p>\n<p>CONSEILS D&#8217;UTILISATION :<\/p>\n<p>appliquer sur cheveux essor\u00e9s, r\u00e9partir la lotion en prenant soin de bien masser et couvrir l&#8217;ensemble du cuir chevelu.<\/p>","protected":false},"excerpt":{"rendered":"<p>La Lotion anti-chute : &#8211; lutte efficacement contre la perte de cheveux &#8211; reg\u00e9n\u00e8re et tonifie et augmente la r\u00e9sistance du bulbe &#8211; active la&#8230;<\/p>","protected":false},"featured_media":4723,"comment_status":"open","ping_status":"closed","template":"","meta":[],"etheme_brands":[{"term_id":417,"name":"PURIADERM","slug":"puriaderm","term_group":0,"term_taxonomy_id":417,"taxonomy":"brand","description":"","parent":0,"count":11,"filter":"raw"}],"product_brand":[],"product_cat":[15],"product_tag":[],"class_list":{"0":"post-4722","1":"product","2":"type-product","3":"status-publish","4":"has-post-thumbnail","6":"brand-puriaderm","7":"product_cat-uncategorized","9":"first","10":"instock","11":"sale","12":"shipping-taxable","13":"purchasable","14":"product-type-simple"},"_links":{"self":[{"href":"https:\/\/calita.ma\/fr\/wp-json\/wp\/v2\/product\/4722","targetHints":{"allow":["GET"]}}],"collection":[{"href":"https:\/\/calita.ma\/fr\/wp-json\/wp\/v2\/product"}],"about":[{"href":"https:\/\/calita.ma\/fr\/wp-json\/wp\/v2\/types\/product"}],"replies":[{"embeddable":true,"href":"https:\/\/calita.ma\/fr\/wp-json\/wp\/v2\/comments?post=4722"}],"version-history":[{"count":1,"href":"https:\/\/calita.ma\/fr\/wp-json\/wp\/v2\/product\/4722\/revisions"}],"predecessor-version":[{"id":4724,"href":"https:\/\/calita.ma\/fr\/wp-json\/wp\/v2\/product\/4722\/revisions\/4724"}],"wp:featuredmedia":[{"embeddable":true,"href":"https:\/\/calita.ma\/fr\/wp-json\/wp\/v2\/media\/4723"}],"wp:attachment":[{"href":"https:\/\/calita.ma\/fr\/wp-json\/wp\/v2\/media?parent=4722"}],"wp:term":[{"taxonomy":"brand","embeddable":true,"href":"https:\/\/calita.ma\/fr\/wp-json\/wp\/v2\/etheme_brands?post=4722"},{"taxonomy":"product_brand","embeddable":true,"href":"https:\/\/calita.ma\/fr\/wp-json\/wp\/v2\/product_brand?post=4722"},{"taxonomy":"product_cat","embeddable":true,"href":"https:\/\/calita.ma\/fr\/wp-json\/wp\/v2\/product_cat?post=4722"},{"taxonomy":"product_tag","embeddable":true,"href":"https:\/\/calita.ma\/fr\/wp-json\/wp\/v2\/product_tag?post=4722"}],"curies":[{"name":"wp","href":"https:\/\/api.w.org\/{rel}","templated":true}]}}