{"id":4706,"date":"2024-07-03T10:33:34","date_gmt":"2024-07-03T10:33:34","guid":{"rendered":"https:\/\/parapharmaciecalifornietah.ma\/?post_type=product&#038;p=4706"},"modified":"2024-09-11T09:22:33","modified_gmt":"2024-09-11T09:22:33","slug":"puriaderm-puriphan-shampooing-hydratant-intense-200ml","status":"publish","type":"product","link":"https:\/\/calita.ma\/fr\/produit\/puriaderm-puriphan-shampooing-hydratant-intense-200ml\/","title":{"rendered":"PURIADERM PURIPHAN SHAMPOOING HYDRATANT INTENSE 200ML"},"content":{"rendered":"<p>Shampooing Hydratant intense Oligo-synergique<\/p>\n<p>&nbsp;<\/p>\n<p>Cheveux secs et endommag\u00e9s<\/p>\n<p>Formulation \u00e0 partir d\u2019un complexe synergique exclusif d\u2019oligo-\u00e9l\u00e9ments et de sels min\u00e9raux riche en Om\u00e9ga-7 mono insatur\u00e9 ainsi qu\u2019en acides gras om\u00e9ga-6, 9 et en vitamine E pour une nutrition profonde de la fibre capillaire.<\/p>\n<p>&nbsp;<\/p>\n<p>Utilisation de prot\u00e9ines de soie hydrolys\u00e9e pour procurer un effet conditionnant, soyeux et gainant de la tige capillaire.<\/p>\n<p>&nbsp;<\/p>\n<p>Base moussante douce sans sulfates, sans parab\u00e8nes \u00e0 texture riche et onctueuse pour usage fr\u00e9quent sans dess\u00e9cher les cheveux.<\/p>\n<p>&nbsp;<\/p>\n<p>Conseils d\u2019utilisation :<\/p>\n<p>Appliquer 2 \u00e0 3 fois par semaine sur cheveux pr\u00e9alablement mouill\u00e9s. Masser d\u00e9licatement le cuir chevelu, laisser agir quelques minutes puis rincer abondamment. Renouveler l\u2019application si n\u00e9cessaire.<\/p>\n<p>&nbsp;<\/p>\n<p>Shampooing Hydratant intense pour cheveux secs et endommag\u00e9s. Formul\u00e9 \u00e0 partir d\u2019un complexe synergique exclusif d\u2019oligo-\u00e9l\u00e9ments et de sels min\u00e9raux riche en Om\u00e9ga-7 mono insatur\u00e9 ainsi qu\u2019en acides gras om\u00e9ga-6 et en vitamine E. Nourrit en profondeur les structures k\u00e9ratiniques du cheveu et restaure son enveloppe externe. Hydrate profond\u00e9ment la chevelure gr\u00e2ce \u00e0 une synergie d\u2019huiles et d\u2019agents hautement nutritifs et gainants de la tige capillaire. Texture riche et onctueuse qui vous procurera des cheveux lisses, brillants, souples et un effet soyeux. Sans sulfates, sans parab\u00e8nes.<\/p>","protected":false},"excerpt":{"rendered":"<p>Shampooing Hydratant intense Oligo-synergique &nbsp; Cheveux secs et endommag\u00e9s Formulation \u00e0 partir d\u2019un complexe synergique exclusif d\u2019oligo-\u00e9l\u00e9ments et de sels min\u00e9raux riche en Om\u00e9ga-7 mono&#8230;<\/p>","protected":false},"featured_media":4707,"comment_status":"open","ping_status":"closed","template":"","meta":[],"etheme_brands":[{"term_id":417,"name":"PURIADERM","slug":"puriaderm","term_group":0,"term_taxonomy_id":417,"taxonomy":"brand","description":"","parent":0,"count":11,"filter":"raw"}],"product_brand":[],"product_cat":[15],"product_tag":[],"class_list":{"0":"post-4706","1":"product","2":"type-product","3":"status-publish","4":"has-post-thumbnail","6":"brand-puriaderm","7":"product_cat-uncategorized","9":"first","10":"instock","11":"sale","12":"shipping-taxable","13":"purchasable","14":"product-type-simple"},"_links":{"self":[{"href":"https:\/\/calita.ma\/fr\/wp-json\/wp\/v2\/product\/4706","targetHints":{"allow":["GET"]}}],"collection":[{"href":"https:\/\/calita.ma\/fr\/wp-json\/wp\/v2\/product"}],"about":[{"href":"https:\/\/calita.ma\/fr\/wp-json\/wp\/v2\/types\/product"}],"replies":[{"embeddable":true,"href":"https:\/\/calita.ma\/fr\/wp-json\/wp\/v2\/comments?post=4706"}],"version-history":[{"count":1,"href":"https:\/\/calita.ma\/fr\/wp-json\/wp\/v2\/product\/4706\/revisions"}],"predecessor-version":[{"id":4708,"href":"https:\/\/calita.ma\/fr\/wp-json\/wp\/v2\/product\/4706\/revisions\/4708"}],"wp:featuredmedia":[{"embeddable":true,"href":"https:\/\/calita.ma\/fr\/wp-json\/wp\/v2\/media\/4707"}],"wp:attachment":[{"href":"https:\/\/calita.ma\/fr\/wp-json\/wp\/v2\/media?parent=4706"}],"wp:term":[{"taxonomy":"brand","embeddable":true,"href":"https:\/\/calita.ma\/fr\/wp-json\/wp\/v2\/etheme_brands?post=4706"},{"taxonomy":"product_brand","embeddable":true,"href":"https:\/\/calita.ma\/fr\/wp-json\/wp\/v2\/product_brand?post=4706"},{"taxonomy":"product_cat","embeddable":true,"href":"https:\/\/calita.ma\/fr\/wp-json\/wp\/v2\/product_cat?post=4706"},{"taxonomy":"product_tag","embeddable":true,"href":"https:\/\/calita.ma\/fr\/wp-json\/wp\/v2\/product_tag?post=4706"}],"curies":[{"name":"wp","href":"https:\/\/api.w.org\/{rel}","templated":true}]}}