{"id":4699,"date":"2024-07-02T12:01:55","date_gmt":"2024-07-02T12:01:55","guid":{"rendered":"https:\/\/parapharmaciecalifornietah.ma\/?post_type=product&#038;p=4699"},"modified":"2024-09-11T09:21:43","modified_gmt":"2024-09-11T09:21:43","slug":"puriaderm-puriphan-baume-demelant-apres-shampooing-200ml","status":"publish","type":"product","link":"https:\/\/calita.ma\/fr\/produit\/puriaderm-puriphan-baume-demelant-apres-shampooing-200ml\/","title":{"rendered":"PURIADERM PURIPHAN BAUME DEMELANT APRES SHAMPOOING 200ML"},"content":{"rendered":"<p>Baume d\u00e9m\u00ealant, apr\u00e8s-shampooing, Hommes &amp; Femmes<\/p>\n<p>Traitement anti-chute avec syst\u00e8me Niaciplex\u2122<\/p>\n<p>Tous types de cheveux<\/p>\n<p>Conditionneur d\u00e9m\u00ealant.<\/p>\n<p>Facilite naturellement le coiffage.<\/p>\n<p>Donne de la souplesse, brillance et volume.<\/p>\n<p>Contient des agents filmog\u00e8nes \u00e0 effet : Antistatique, Conditionneur, \u00c9mulsifiant, Conservateur.<\/p>\n<p>Fortifiant anti-chute.<\/p>\n<p>Stoppe la chute et augmente la vitesse de repousse capillaire.<\/p>\n<p>&nbsp;<\/p>\n<p>Le baume d\u00e9m\u00ealant apr\u00e8s-shampooing Puriphan est sp\u00e9cialement con\u00e7u pour hydrater et tonifier les cheveux secs et ab\u00eem\u00e9s. Donne du volume, de la souplesse et brillance. Gr\u00e2ce \u00e0 sa texture riche et onctueuse, Puriphan procurera \u00e0 vos cheveux apr\u00e8s chaque application toute la vitalit\u00e9 et la beaut\u00e9 qu\u2019ils m\u00e9ritent. Sans parab\u00e8nes.<\/p>\n<p>Conseils d\u2019utilisation :<\/p>\n<p>Appliquer apr\u00e8s le shampooing sur des cheveux essor\u00e9s. Masser d\u00e9licatement le cuir chevelu, laisser agir quelques minutes puis rincer abondamment. Pour de meilleurs r\u00e9sultats, utiliser en combinaison avec le shampooing et ampoules Puriphan.<\/p>","protected":false},"excerpt":{"rendered":"<p>Baume d\u00e9m\u00ealant, apr\u00e8s-shampooing, Hommes &amp; Femmes Traitement anti-chute avec syst\u00e8me Niaciplex\u2122 Tous types de cheveux Conditionneur d\u00e9m\u00ealant. Facilite naturellement le coiffage. Donne de la souplesse,&#8230;<\/p>","protected":false},"featured_media":4700,"comment_status":"open","ping_status":"closed","template":"","meta":[],"etheme_brands":[{"term_id":417,"name":"PURIADERM","slug":"puriaderm","term_group":0,"term_taxonomy_id":417,"taxonomy":"brand","description":"","parent":0,"count":11,"filter":"raw"}],"product_brand":[],"product_cat":[15],"product_tag":[],"class_list":{"0":"post-4699","1":"product","2":"type-product","3":"status-publish","4":"has-post-thumbnail","6":"brand-puriaderm","7":"product_cat-uncategorized","9":"first","10":"instock","11":"sale","12":"shipping-taxable","13":"purchasable","14":"product-type-simple"},"_links":{"self":[{"href":"https:\/\/calita.ma\/fr\/wp-json\/wp\/v2\/product\/4699","targetHints":{"allow":["GET"]}}],"collection":[{"href":"https:\/\/calita.ma\/fr\/wp-json\/wp\/v2\/product"}],"about":[{"href":"https:\/\/calita.ma\/fr\/wp-json\/wp\/v2\/types\/product"}],"replies":[{"embeddable":true,"href":"https:\/\/calita.ma\/fr\/wp-json\/wp\/v2\/comments?post=4699"}],"version-history":[{"count":1,"href":"https:\/\/calita.ma\/fr\/wp-json\/wp\/v2\/product\/4699\/revisions"}],"predecessor-version":[{"id":4701,"href":"https:\/\/calita.ma\/fr\/wp-json\/wp\/v2\/product\/4699\/revisions\/4701"}],"wp:featuredmedia":[{"embeddable":true,"href":"https:\/\/calita.ma\/fr\/wp-json\/wp\/v2\/media\/4700"}],"wp:attachment":[{"href":"https:\/\/calita.ma\/fr\/wp-json\/wp\/v2\/media?parent=4699"}],"wp:term":[{"taxonomy":"brand","embeddable":true,"href":"https:\/\/calita.ma\/fr\/wp-json\/wp\/v2\/etheme_brands?post=4699"},{"taxonomy":"product_brand","embeddable":true,"href":"https:\/\/calita.ma\/fr\/wp-json\/wp\/v2\/product_brand?post=4699"},{"taxonomy":"product_cat","embeddable":true,"href":"https:\/\/calita.ma\/fr\/wp-json\/wp\/v2\/product_cat?post=4699"},{"taxonomy":"product_tag","embeddable":true,"href":"https:\/\/calita.ma\/fr\/wp-json\/wp\/v2\/product_tag?post=4699"}],"curies":[{"name":"wp","href":"https:\/\/api.w.org\/{rel}","templated":true}]}}