{"id":4563,"date":"2024-06-28T11:26:09","date_gmt":"2024-06-28T11:26:09","guid":{"rendered":"https:\/\/parapharmaciecalifornietah.ma\/?post_type=product&#038;p=4563"},"modified":"2024-09-11T08:57:28","modified_gmt":"2024-09-11T08:57:28","slug":"svr-sun-secure-lait-spf50-250-ml","status":"publish","type":"product","link":"https:\/\/calita.ma\/fr\/produit\/svr-sun-secure-lait-spf50-250-ml\/","title":{"rendered":"SVR SUN SECURE LAIT SPF50+ 250 ML"},"content":{"rendered":"<p><strong>Lait solaire hydratant fini invisible SPF50+<\/strong><\/p>\n<p>UVB + UVA + VISIBLE + INFRAROUGES<\/p>\n<p>Brevet(1) Sun Secure : 4 ann\u00e9es de recherche pour inventer l\u2019association filtrante id\u00e9ale qui d\u00e9livre \u00e0 la fois une tr\u00e8s haute protection solaire tout en respectant l\u2019environnement marin.<\/p>\n<p>SUN SECURE Lait SPF50+ offre une tr\u00e8s haute protection dermatologique int\u00e9grant cette nouvelle association de filtre brevet\u00e9e respectueuse de l\u2019environnement marin et des m\u00e9canismes endocriniens \u00e9valu\u00e9s .<\/p>\n<p>Sans compromis sur la sensorialit\u00e9 !<\/p>\n<p>Fini invisible : sans trace blanche.<\/p>\n<p>Un lait fluide et velout\u00e9 particuli\u00e8rement adapt\u00e9 aux peaux normales \u00e0 s\u00e8ches. Sa texture velours fond sur la peau et laisse un film hydratant et non gras. Son d\u00e9licat parfum d\u2019\u00e9t\u00e9 donne envie d\u2019en r\u00e9appliquer encore et encore.<\/p>\n<p>R\u00e9siste \u00e0 l\u2019eau, \u00e0 la transpiration et aux frottements.<\/p>\n<p>Son plus ? SUN SECURE Lait SPF50+ respecte l\u2019environnement marin. Il a pass\u00e9 les tests de biod\u00e9gradabilit\u00e9 selon la norme OCDE 301F, ainsi que ceux d\u2019\u00e9co-toxicit\u00e9 sur des algues (ISO 10253) et sur des invert\u00e9br\u00e9s aquatiques (ISO 14669). Deux esp\u00e8ces appartenant \u00e0 la famille des zooplanctons et phytoplanctons, indispensables au bon d\u00e9veloppement des coraux.<\/p>\n<p>EFFICACIT\u00c9* PROUV\u00c9E SOUS CONTR\u00d4LE DERMATOLOGIQUE<\/p>\n<p>\u2022 100% Peau hydrat\u00e9e douce et confortable<\/p>\n<p>\u2022 100% Pr\u00e9vient le dess\u00e8chement cutan\u00e9<\/p>\n<p>\u2022 91% Texture p\u00e9n\u00e8tre rapidement<\/p>\n<p>Appliquer g\u00e9n\u00e9reusement et uniform\u00e9ment avant l\u2019exposition. Renouveler fr\u00e9quemment l\u2019application pour maintenir la protection, surtout apr\u00e8s avoir transpir\u00e9, nag\u00e9 ou s\u2019\u00eatre essuy\u00e9.<\/p>\n<p>Pensez au tri lorsque votre produit est fini :<\/p>\n<p>\u2022 Le tube est 100% recyclable et peut se mettre dans la poubelle de recyclage.<\/p>\n<p>\u2022 La capsule se d\u00e9clipse et selon les communes peut se mettre dans la poubelle de recyclage ou non<\/p>","protected":false},"excerpt":{"rendered":"<p>Lait solaire hydratant fini invisible SPF50+ UVB + UVA + VISIBLE + INFRAROUGES Brevet(1) Sun Secure : 4 ann\u00e9es de recherche pour inventer l\u2019association filtrante&#8230;<\/p>","protected":false},"featured_media":4564,"comment_status":"open","ping_status":"closed","template":"","meta":[],"etheme_brands":[{"term_id":23,"name":"SVR","slug":"svr","term_group":0,"term_taxonomy_id":23,"taxonomy":"brand","description":"","parent":0,"count":62,"filter":"raw"}],"product_brand":[],"product_cat":[15],"product_tag":[],"class_list":{"0":"post-4563","1":"product","2":"type-product","3":"status-publish","4":"has-post-thumbnail","6":"brand-svr","7":"product_cat-uncategorized","9":"first","10":"instock","11":"sale","12":"shipping-taxable","13":"purchasable","14":"product-type-simple"},"_links":{"self":[{"href":"https:\/\/calita.ma\/fr\/wp-json\/wp\/v2\/product\/4563","targetHints":{"allow":["GET"]}}],"collection":[{"href":"https:\/\/calita.ma\/fr\/wp-json\/wp\/v2\/product"}],"about":[{"href":"https:\/\/calita.ma\/fr\/wp-json\/wp\/v2\/types\/product"}],"replies":[{"embeddable":true,"href":"https:\/\/calita.ma\/fr\/wp-json\/wp\/v2\/comments?post=4563"}],"version-history":[{"count":1,"href":"https:\/\/calita.ma\/fr\/wp-json\/wp\/v2\/product\/4563\/revisions"}],"predecessor-version":[{"id":4566,"href":"https:\/\/calita.ma\/fr\/wp-json\/wp\/v2\/product\/4563\/revisions\/4566"}],"wp:featuredmedia":[{"embeddable":true,"href":"https:\/\/calita.ma\/fr\/wp-json\/wp\/v2\/media\/4564"}],"wp:attachment":[{"href":"https:\/\/calita.ma\/fr\/wp-json\/wp\/v2\/media?parent=4563"}],"wp:term":[{"taxonomy":"brand","embeddable":true,"href":"https:\/\/calita.ma\/fr\/wp-json\/wp\/v2\/etheme_brands?post=4563"},{"taxonomy":"product_brand","embeddable":true,"href":"https:\/\/calita.ma\/fr\/wp-json\/wp\/v2\/product_brand?post=4563"},{"taxonomy":"product_cat","embeddable":true,"href":"https:\/\/calita.ma\/fr\/wp-json\/wp\/v2\/product_cat?post=4563"},{"taxonomy":"product_tag","embeddable":true,"href":"https:\/\/calita.ma\/fr\/wp-json\/wp\/v2\/product_tag?post=4563"}],"curies":[{"name":"wp","href":"https:\/\/api.w.org\/{rel}","templated":true}]}}