{"id":4539,"date":"2024-06-28T10:26:49","date_gmt":"2024-06-28T10:26:49","guid":{"rendered":"https:\/\/parapharmaciecalifornietah.ma\/?post_type=product&#038;p=4539"},"modified":"2024-09-11T08:51:04","modified_gmt":"2024-09-11T08:51:04","slug":"svr-xerial-fissures-et-crevasses-50-ml","status":"publish","type":"product","link":"https:\/\/calita.ma\/fr\/produit\/svr-xerial-fissures-et-crevasses-50-ml\/","title":{"rendered":"SVR XERIAL FISSURES ET CREVASSES 50 ML"},"content":{"rendered":"<p><strong>En 24h pieds liss\u00e9s, d\u00e8s 3 jours peau r\u00e9par\u00e9e, confort retrouv\u00e9<\/strong><\/p>\n<p>Pieds tr\u00e8s secs, fendill\u00e9s et tr\u00e8s ab\u00eem\u00e9s. Convient pour les personnes en station debout prolong\u00e9e, les personnes pratiquant un sport d\u2019impact comme la course \u00e0 pied.<\/p>\n<p>Le soin Xerial Fissures et Crevasses est le meilleur alli\u00e9 pour lisser, r\u00e9parer, apaiser et prot\u00e9ger des agressions ext\u00e9rieures vos pieds ab\u00eem\u00e9s et fendill\u00e9s. Apr\u00e8s une seule application, la peau est hydrat\u00e9e, nourrie et soulag\u00e9e et 24h apr\u00e8s, vos pieds sont hydrat\u00e9s et d\u00e9j\u00e0 plus lisses et plus confortables. L\u2019un de ses actifs phares est la Centella Asiatica qui favorise la r\u00e9paration \u00e9pidermique. Ainsi, d\u00e8s 3 jours, la peau est r\u00e9par\u00e9e et les zones de frottements sont moins endommag\u00e9es. Sa texture fra\u00eeche enrichie en panth\u00e9nol apaise imm\u00e9diatement et durablement les sensations d\u2019inconforts. Elle isole le pied des agressions ext\u00e9rieures pr\u00e9venant ainsi l\u2019apparition de nouvelles fissures et crevasses. Nourrissante et assouplissante gr\u00e2ce \u00e0 l\u2019huile de coco, elle laisse un fini non-gras et non-collant qui permet de mettre chaussures, chaussettes ou collants juste apr\u00e8s l\u2019application.<\/p>\n<p>Une efficacit\u00e9 d\u00e9montr\u00e9e par scorage clinique :<\/p>\n<p>\u2022 -29% s\u00e9cheresse apr\u00e8s 3 jours1<\/p>\n<p>\u2022 -50% fissures apr\u00e8s 14 jours2<\/p>\n<p>\u2022 -89% crevasses apr\u00e8s 14 jours3<\/p>\n<p>Apr\u00e8s une seule application4 :<\/p>\n<p>\u2022 83% peau hydrat\u00e9e, nourrie et soulag\u00e9e<\/p>\n<p>R\u00e9sultats visibles d\u00e8s 24h5 :<\/p>\n<p>\u2022 79%5 le pied est plus lisse et plus confortable<\/p>\n<p>\u2022 +40%6 d\u2019hydratation<\/p>\n<p>Efficacit\u00e9 r\u00e9paratrice d\u00e8s 3 jours7 :<\/p>\n<p>\u2022 87% la peau est nourrie et son aspect est am\u00e9lior\u00e9<\/p>\n<p>\u2022 79% la peau est r\u00e9par\u00e9e et les zones de frottements sont moins endommag\u00e9es<\/p>\n<p>D\u00e8s 10 ans, convient aux femmes enceintes et allaitantes.<\/p>\n<p>Appliquer 1 \u00e0 2 fois par jour sur les pieds ou la zone concern\u00e9e jusqu\u2019\u00e0 l\u2019effet recherch\u00e9 puis 2 \u00e0 3 fois par semaine en pr\u00e9vention. Texture non-grasse, non-collante. Habillage rapide. Ne pas appliquer sur une plaie ouverte ou infect\u00e9e.<\/p>","protected":false},"excerpt":{"rendered":"<p>En 24h pieds liss\u00e9s, d\u00e8s 3 jours peau r\u00e9par\u00e9e, confort retrouv\u00e9 Pieds tr\u00e8s secs, fendill\u00e9s et tr\u00e8s ab\u00eem\u00e9s. Convient pour les personnes en station debout&#8230;<\/p>","protected":false},"featured_media":4540,"comment_status":"open","ping_status":"closed","template":"","meta":[],"etheme_brands":[{"term_id":23,"name":"SVR","slug":"svr","term_group":0,"term_taxonomy_id":23,"taxonomy":"brand","description":"","parent":0,"count":62,"filter":"raw"}],"product_brand":[],"product_cat":[15],"product_tag":[],"class_list":{"0":"post-4539","1":"product","2":"type-product","3":"status-publish","4":"has-post-thumbnail","6":"brand-svr","7":"product_cat-uncategorized","9":"first","10":"instock","11":"sale","12":"shipping-taxable","13":"purchasable","14":"product-type-simple"},"_links":{"self":[{"href":"https:\/\/calita.ma\/fr\/wp-json\/wp\/v2\/product\/4539","targetHints":{"allow":["GET"]}}],"collection":[{"href":"https:\/\/calita.ma\/fr\/wp-json\/wp\/v2\/product"}],"about":[{"href":"https:\/\/calita.ma\/fr\/wp-json\/wp\/v2\/types\/product"}],"replies":[{"embeddable":true,"href":"https:\/\/calita.ma\/fr\/wp-json\/wp\/v2\/comments?post=4539"}],"version-history":[{"count":1,"href":"https:\/\/calita.ma\/fr\/wp-json\/wp\/v2\/product\/4539\/revisions"}],"predecessor-version":[{"id":4544,"href":"https:\/\/calita.ma\/fr\/wp-json\/wp\/v2\/product\/4539\/revisions\/4544"}],"wp:featuredmedia":[{"embeddable":true,"href":"https:\/\/calita.ma\/fr\/wp-json\/wp\/v2\/media\/4540"}],"wp:attachment":[{"href":"https:\/\/calita.ma\/fr\/wp-json\/wp\/v2\/media?parent=4539"}],"wp:term":[{"taxonomy":"brand","embeddable":true,"href":"https:\/\/calita.ma\/fr\/wp-json\/wp\/v2\/etheme_brands?post=4539"},{"taxonomy":"product_brand","embeddable":true,"href":"https:\/\/calita.ma\/fr\/wp-json\/wp\/v2\/product_brand?post=4539"},{"taxonomy":"product_cat","embeddable":true,"href":"https:\/\/calita.ma\/fr\/wp-json\/wp\/v2\/product_cat?post=4539"},{"taxonomy":"product_tag","embeddable":true,"href":"https:\/\/calita.ma\/fr\/wp-json\/wp\/v2\/product_tag?post=4539"}],"curies":[{"name":"wp","href":"https:\/\/api.w.org\/{rel}","templated":true}]}}