{"id":4536,"date":"2024-06-28T10:25:21","date_gmt":"2024-06-28T10:25:21","guid":{"rendered":"https:\/\/parapharmaciecalifornietah.ma\/?post_type=product&#038;p=4536"},"modified":"2024-09-10T18:43:53","modified_gmt":"2024-09-10T18:43:53","slug":"svr-xerial-30-creme-pieds-tres-secs-et-abimes-50-ml","status":"publish","type":"product","link":"https:\/\/calita.ma\/fr\/produit\/svr-xerial-30-creme-pieds-tres-secs-et-abimes-50-ml\/","title":{"rendered":"SVR XERIAL 30 CREME PIEDS 50ML"},"content":{"rendered":"<p><strong>Nutri-r\u00e9parateur hydratant 24H pr\u00e9vention callosit\u00e9s<\/strong><\/p>\n<p>Pour tous les pieds secs et ab\u00eem\u00e9s. Ne pas utiliser chez l\u2019enfant de moins de 3 ans.<\/p>\n<p>XERIAL 30 Cr\u00e8me pieds nourrit et adoucit la peau des pieds tr\u00e8s secs et ab\u00eem\u00e9s. Pourquoi la choisir ? Pour son brevet Technologie Ur\u00e9e Pure qui permet de pr\u00e9venir l\u2019apparition de callosit\u00e9s tout en nourrissant et adoucissant la peau des pieds tr\u00e8s secs et ab\u00eem\u00e9s.<\/p>\n<p>Hydratation 24h2<\/p>\n<p>Chaque jour par massages circulaires sur tout le pied.<\/p>\n<p>Ne pas utiliser chez l\u2019enfant de moins de 3 ans.<\/p>","protected":false},"excerpt":{"rendered":"<p>Nutri-r\u00e9parateur hydratant 24H pr\u00e9vention callosit\u00e9s Pour tous les pieds secs et ab\u00eem\u00e9s. Ne pas utiliser chez l\u2019enfant de moins de 3 ans. XERIAL 30 Cr\u00e8me&#8230;<\/p>","protected":false},"featured_media":4537,"comment_status":"open","ping_status":"closed","template":"","meta":[],"etheme_brands":[{"term_id":23,"name":"SVR","slug":"svr","term_group":0,"term_taxonomy_id":23,"taxonomy":"brand","description":"","parent":0,"count":62,"filter":"raw"}],"product_brand":[],"product_cat":[15],"product_tag":[],"class_list":{"0":"post-4536","1":"product","2":"type-product","3":"status-publish","4":"has-post-thumbnail","6":"brand-svr","7":"product_cat-uncategorized","9":"first","10":"instock","11":"sale","12":"shipping-taxable","13":"purchasable","14":"product-type-simple"},"_links":{"self":[{"href":"https:\/\/calita.ma\/fr\/wp-json\/wp\/v2\/product\/4536","targetHints":{"allow":["GET"]}}],"collection":[{"href":"https:\/\/calita.ma\/fr\/wp-json\/wp\/v2\/product"}],"about":[{"href":"https:\/\/calita.ma\/fr\/wp-json\/wp\/v2\/types\/product"}],"replies":[{"embeddable":true,"href":"https:\/\/calita.ma\/fr\/wp-json\/wp\/v2\/comments?post=4536"}],"version-history":[{"count":2,"href":"https:\/\/calita.ma\/fr\/wp-json\/wp\/v2\/product\/4536\/revisions"}],"predecessor-version":[{"id":6291,"href":"https:\/\/calita.ma\/fr\/wp-json\/wp\/v2\/product\/4536\/revisions\/6291"}],"wp:featuredmedia":[{"embeddable":true,"href":"https:\/\/calita.ma\/fr\/wp-json\/wp\/v2\/media\/4537"}],"wp:attachment":[{"href":"https:\/\/calita.ma\/fr\/wp-json\/wp\/v2\/media?parent=4536"}],"wp:term":[{"taxonomy":"brand","embeddable":true,"href":"https:\/\/calita.ma\/fr\/wp-json\/wp\/v2\/etheme_brands?post=4536"},{"taxonomy":"product_brand","embeddable":true,"href":"https:\/\/calita.ma\/fr\/wp-json\/wp\/v2\/product_brand?post=4536"},{"taxonomy":"product_cat","embeddable":true,"href":"https:\/\/calita.ma\/fr\/wp-json\/wp\/v2\/product_cat?post=4536"},{"taxonomy":"product_tag","embeddable":true,"href":"https:\/\/calita.ma\/fr\/wp-json\/wp\/v2\/product_tag?post=4536"}],"curies":[{"name":"wp","href":"https:\/\/api.w.org\/{rel}","templated":true}]}}