{"id":4533,"date":"2024-06-28T10:24:12","date_gmt":"2024-06-28T10:24:12","guid":{"rendered":"https:\/\/parapharmaciecalifornietah.ma\/?post_type=product&#038;p=4533"},"modified":"2024-09-10T18:42:45","modified_gmt":"2024-09-10T18:42:45","slug":"svr-xerail-gel-creme-30-75-ml","status":"publish","type":"product","link":"https:\/\/calita.ma\/fr\/produit\/svr-xerail-gel-creme-30-75-ml\/","title":{"rendered":"SVR XERIAL 30 GEL CREME 75ML"},"content":{"rendered":"<p><strong>Concentr\u00e9 anti-rugosit\u00e9s, exfoliant hydratant 48h<\/strong><\/p>\n<p>XERIAL 30 Gel-Cr\u00e8me 75ml | Zones tr\u00e8s s\u00e8ches, rugueuses, \u00e9paissies et squameuses :<\/p>\n<p>coudes, genoux, mains, bras. Poils incarn\u00e9s et tendance \u00e0 la k\u00e9ratose pilaire.<\/p>\n<p>XERIAL 30 Gel-Cr\u00e8me \u00e9limine les rugosit\u00e9s et plaques squameuses \u00e9paisses localis\u00e9es tout en hydratant intens\u00e9ment la peau pendant 48h1gr\u00e2ce \u00e0 sa technologie Ur\u00e9e Pure brevet\u00e9e. Jour apr\u00e8s jour, l\u2019aspect irr\u00e9gulier, granuleux et les poils incarn\u00e9s sont r\u00e9duits. La peau est plus douce au toucher et visuellement plus lisse. Sa texture fondante glisse sur la peau et p\u00e9n\u00e8tre rapidement pour permettre un habillage imm\u00e9diat.<\/p>\n<p>UNE REDUCTION PROUVEE DES RUGOSITES<\/p>\n<p>\u2022 -66% points rouges et poils incarn\u00e9s<\/p>\n<p>\u2022 91% la peau pr\u00e9sente moins d\u2019irr\u00e9gularit\u00e9s (aspects granuleux, petits boutons, rougeurs\u2026).<\/p>\n<p>POUR UN EFFET PEAU NEUVE ASSURE<\/p>\n<p>\u2022 91% la peau est plus douce, plus lisse<\/p>\n<p>\u2022 91% la peau est prot\u00e9g\u00e9e et nourrie durablement<\/p>\n<p>Son tube permet une application localis\u00e9e pour mieux cibler les zones tr\u00e8s s\u00e8ches et rugueuses.<\/p>\n<p>Appliquer une \u00e0 deux fois par jour sur les zones s\u00e8ches et rugueuses en insistant sur les zones tr\u00e8s s\u00e8ches. Sous l&#8217;avis d&#8217;un professionnel de sant\u00e9, peut s&#8217;utiliser en compl\u00e9ment d&#8217;un traitement dess\u00e9chant.<\/p>\n<p>Pensez au tri lorsque votre produit est fini : le tube et sa capsule sont 100% recyclables et peuvent se mettre dans la poubelle de recyclage<\/p>","protected":false},"excerpt":{"rendered":"<p>Concentr\u00e9 anti-rugosit\u00e9s, exfoliant hydratant 48h XERIAL 30 Gel-Cr\u00e8me 75ml | Zones tr\u00e8s s\u00e8ches, rugueuses, \u00e9paissies et squameuses : coudes, genoux, mains, bras. Poils incarn\u00e9s et&#8230;<\/p>","protected":false},"featured_media":4534,"comment_status":"open","ping_status":"closed","template":"","meta":[],"etheme_brands":[{"term_id":23,"name":"SVR","slug":"svr","term_group":0,"term_taxonomy_id":23,"taxonomy":"brand","description":"","parent":0,"count":62,"filter":"raw"}],"product_brand":[],"product_cat":[15],"product_tag":[],"class_list":{"0":"post-4533","1":"product","2":"type-product","3":"status-publish","4":"has-post-thumbnail","6":"brand-svr","7":"product_cat-uncategorized","9":"first","10":"instock","11":"sale","12":"shipping-taxable","13":"purchasable","14":"product-type-simple"},"_links":{"self":[{"href":"https:\/\/calita.ma\/fr\/wp-json\/wp\/v2\/product\/4533","targetHints":{"allow":["GET"]}}],"collection":[{"href":"https:\/\/calita.ma\/fr\/wp-json\/wp\/v2\/product"}],"about":[{"href":"https:\/\/calita.ma\/fr\/wp-json\/wp\/v2\/types\/product"}],"replies":[{"embeddable":true,"href":"https:\/\/calita.ma\/fr\/wp-json\/wp\/v2\/comments?post=4533"}],"version-history":[{"count":2,"href":"https:\/\/calita.ma\/fr\/wp-json\/wp\/v2\/product\/4533\/revisions"}],"predecessor-version":[{"id":6290,"href":"https:\/\/calita.ma\/fr\/wp-json\/wp\/v2\/product\/4533\/revisions\/6290"}],"wp:featuredmedia":[{"embeddable":true,"href":"https:\/\/calita.ma\/fr\/wp-json\/wp\/v2\/media\/4534"}],"wp:attachment":[{"href":"https:\/\/calita.ma\/fr\/wp-json\/wp\/v2\/media?parent=4533"}],"wp:term":[{"taxonomy":"brand","embeddable":true,"href":"https:\/\/calita.ma\/fr\/wp-json\/wp\/v2\/etheme_brands?post=4533"},{"taxonomy":"product_brand","embeddable":true,"href":"https:\/\/calita.ma\/fr\/wp-json\/wp\/v2\/product_brand?post=4533"},{"taxonomy":"product_cat","embeddable":true,"href":"https:\/\/calita.ma\/fr\/wp-json\/wp\/v2\/product_cat?post=4533"},{"taxonomy":"product_tag","embeddable":true,"href":"https:\/\/calita.ma\/fr\/wp-json\/wp\/v2\/product_tag?post=4533"}],"curies":[{"name":"wp","href":"https:\/\/api.w.org\/{rel}","templated":true}]}}