{"id":4529,"date":"2024-06-28T10:22:09","date_gmt":"2024-06-28T10:22:09","guid":{"rendered":"https:\/\/parapharmaciecalifornietah.ma\/?post_type=product&#038;p=4529"},"modified":"2024-09-10T18:41:00","modified_gmt":"2024-09-10T18:41:00","slug":"svr-xerial-peel","status":"publish","type":"product","link":"https:\/\/calita.ma\/fr\/produit\/svr-xerial-peel\/","title":{"rendered":"SVR XERIAL PEEL"},"content":{"rendered":"<p><strong>Masque exfoliant pied<\/strong><\/p>\n<p>Pour les adultes aux pieds tr\u00e8s secs et ab\u00eem\u00e9s, avec des callosit\u00e9s.<\/p>\n<p>Faites peau neuve avec XERIAL Peel, notre masque chaussettes qui exfolie et hydrate en profondeur ! Concentr\u00e9 en actifs k\u00e9ratolytiques et \u00e9mollients, il cible uniquement les zones rugueuses et \u00e9paissies du pied et pr\u00e9serve les zones sensibles.<\/p>\n<p>1h apr\u00e8s l\u2019application, 95% de nos clients d\u00e9clarent que les pieds sont imm\u00e9diatement hydrat\u00e9s.<\/p>\n<p>En moins de deux semaines, ils jugent que leurs pieds sont transform\u00e9s :<\/p>\n<p>\u2022 70% estiment que le produit procure un effet peau neuve<\/p>\n<p>\u2022 75% pensent que le produit \u00e9limine rapidement les peaux mortes<\/p>\n<p>Porter les chaussettes pendant 1 heure puis rincer. 4 \u00e0 5 jours apr\u00e8s, les peaux mortes commencent \u00e0 se d\u00e9tacher naturellement. En moins de 2 semaines, les pieds sont visiblement transform\u00e9s.<\/p>\n<p>Notre tip d\u2019utilisation : notre cocktail d\u2019actifs ultra concentr\u00e9s peut retirer votre vernis \u00e0 ongles, c\u2019est pourquoi nous vous conseillons de faire le masque avant votre p\u00e9dicure.<\/p>\n<p>Une bo\u00eete contient 2 chaussettes taille 36-43.<\/p>","protected":false},"excerpt":{"rendered":"<p>Masque exfoliant pied Pour les adultes aux pieds tr\u00e8s secs et ab\u00eem\u00e9s, avec des callosit\u00e9s. Faites peau neuve avec XERIAL Peel, notre masque chaussettes qui&#8230;<\/p>","protected":false},"featured_media":4530,"comment_status":"open","ping_status":"closed","template":"","meta":[],"etheme_brands":[{"term_id":23,"name":"SVR","slug":"svr","term_group":0,"term_taxonomy_id":23,"taxonomy":"brand","description":"","parent":0,"count":62,"filter":"raw"}],"product_brand":[],"product_cat":[15],"product_tag":[],"class_list":{"0":"post-4529","1":"product","2":"type-product","3":"status-publish","4":"has-post-thumbnail","6":"brand-svr","7":"product_cat-uncategorized","9":"first","10":"instock","11":"sale","12":"shipping-taxable","13":"purchasable","14":"product-type-simple"},"_links":{"self":[{"href":"https:\/\/calita.ma\/fr\/wp-json\/wp\/v2\/product\/4529","targetHints":{"allow":["GET"]}}],"collection":[{"href":"https:\/\/calita.ma\/fr\/wp-json\/wp\/v2\/product"}],"about":[{"href":"https:\/\/calita.ma\/fr\/wp-json\/wp\/v2\/types\/product"}],"replies":[{"embeddable":true,"href":"https:\/\/calita.ma\/fr\/wp-json\/wp\/v2\/comments?post=4529"}],"version-history":[{"count":1,"href":"https:\/\/calita.ma\/fr\/wp-json\/wp\/v2\/product\/4529\/revisions"}],"predecessor-version":[{"id":4532,"href":"https:\/\/calita.ma\/fr\/wp-json\/wp\/v2\/product\/4529\/revisions\/4532"}],"wp:featuredmedia":[{"embeddable":true,"href":"https:\/\/calita.ma\/fr\/wp-json\/wp\/v2\/media\/4530"}],"wp:attachment":[{"href":"https:\/\/calita.ma\/fr\/wp-json\/wp\/v2\/media?parent=4529"}],"wp:term":[{"taxonomy":"brand","embeddable":true,"href":"https:\/\/calita.ma\/fr\/wp-json\/wp\/v2\/etheme_brands?post=4529"},{"taxonomy":"product_brand","embeddable":true,"href":"https:\/\/calita.ma\/fr\/wp-json\/wp\/v2\/product_brand?post=4529"},{"taxonomy":"product_cat","embeddable":true,"href":"https:\/\/calita.ma\/fr\/wp-json\/wp\/v2\/product_cat?post=4529"},{"taxonomy":"product_tag","embeddable":true,"href":"https:\/\/calita.ma\/fr\/wp-json\/wp\/v2\/product_tag?post=4529"}],"curies":[{"name":"wp","href":"https:\/\/api.w.org\/{rel}","templated":true}]}}