{"id":4522,"date":"2024-06-28T10:19:48","date_gmt":"2024-06-28T10:19:48","guid":{"rendered":"https:\/\/parapharmaciecalifornietah.ma\/?post_type=product&#038;p=4522"},"modified":"2024-09-10T18:39:50","modified_gmt":"2024-09-10T18:39:50","slug":"svr-spirial-deo-douche-gel-lavant-deodorant-fraicheur-intense-400ml","status":"publish","type":"product","link":"https:\/\/calita.ma\/fr\/produit\/svr-spirial-deo-douche-gel-lavant-deodorant-fraicheur-intense-400ml\/","title":{"rendered":"SVR SPIRIAL DEO-DOUCHE GEL 400ML"},"content":{"rendered":"<p><strong>Gel lavant d\u00e9odorant fra\u00eecheur intense<\/strong><\/p>\n<p>Toutes les peaux m\u00eame les plus sensibles. Adolescent, adulte. Visage, corps, hygi\u00e8ne intime, cheveux.<\/p>\n<p>Le gel douche 2 en 1 : nettoyant et d\u00e9odorant multi-zones \u00e0 l\u2019efficacit\u00e9 24H. Formul\u00e9 avec un complexe probiotique, le gel douche lutte contre les odeurs corporelles tout en maintenant l&#8217;\u00e9quilibre de la flore cutan\u00e9e. La peau est fra\u00eeche et douce d\u00e8s la sortie de la douche et les mauvaises odeurs contr\u00f4l\u00e9es tout au long de la journ\u00e9e.<\/p>\n<p>LES VOLONTAIRES CONVAINCUS :<\/p>\n<p>24h d\u2019effet fra\u00eecheur<\/p>\n<p>86% : pr\u00e9vient la formation de mauvaises odeurs<\/p>\n<p>77% : une action longue dur\u00e9e contre les mauvaises odeurs<\/p>\n<p>Appliquer sur peau mouill\u00e9e, faire mousser puis rincer avant d\u2019appliquer votre d\u00e9odorant ou anti-transpirant habituel.<\/p>","protected":false},"excerpt":{"rendered":"<p>Gel lavant d\u00e9odorant fra\u00eecheur intense Toutes les peaux m\u00eame les plus sensibles. Adolescent, adulte. Visage, corps, hygi\u00e8ne intime, cheveux. Le gel douche 2 en 1&#8230;<\/p>","protected":false},"featured_media":4523,"comment_status":"open","ping_status":"closed","template":"","meta":[],"etheme_brands":[{"term_id":23,"name":"SVR","slug":"svr","term_group":0,"term_taxonomy_id":23,"taxonomy":"brand","description":"","parent":0,"count":62,"filter":"raw"}],"product_brand":[],"product_cat":[15],"product_tag":[],"class_list":{"0":"post-4522","1":"product","2":"type-product","3":"status-publish","4":"has-post-thumbnail","6":"brand-svr","7":"product_cat-uncategorized","9":"first","10":"instock","11":"sale","12":"shipping-taxable","13":"purchasable","14":"product-type-simple"},"_links":{"self":[{"href":"https:\/\/calita.ma\/fr\/wp-json\/wp\/v2\/product\/4522","targetHints":{"allow":["GET"]}}],"collection":[{"href":"https:\/\/calita.ma\/fr\/wp-json\/wp\/v2\/product"}],"about":[{"href":"https:\/\/calita.ma\/fr\/wp-json\/wp\/v2\/types\/product"}],"replies":[{"embeddable":true,"href":"https:\/\/calita.ma\/fr\/wp-json\/wp\/v2\/comments?post=4522"}],"version-history":[{"count":2,"href":"https:\/\/calita.ma\/fr\/wp-json\/wp\/v2\/product\/4522\/revisions"}],"predecessor-version":[{"id":6288,"href":"https:\/\/calita.ma\/fr\/wp-json\/wp\/v2\/product\/4522\/revisions\/6288"}],"wp:featuredmedia":[{"embeddable":true,"href":"https:\/\/calita.ma\/fr\/wp-json\/wp\/v2\/media\/4523"}],"wp:attachment":[{"href":"https:\/\/calita.ma\/fr\/wp-json\/wp\/v2\/media?parent=4522"}],"wp:term":[{"taxonomy":"brand","embeddable":true,"href":"https:\/\/calita.ma\/fr\/wp-json\/wp\/v2\/etheme_brands?post=4522"},{"taxonomy":"product_brand","embeddable":true,"href":"https:\/\/calita.ma\/fr\/wp-json\/wp\/v2\/product_brand?post=4522"},{"taxonomy":"product_cat","embeddable":true,"href":"https:\/\/calita.ma\/fr\/wp-json\/wp\/v2\/product_cat?post=4522"},{"taxonomy":"product_tag","embeddable":true,"href":"https:\/\/calita.ma\/fr\/wp-json\/wp\/v2\/product_tag?post=4522"}],"curies":[{"name":"wp","href":"https:\/\/api.w.org\/{rel}","templated":true}]}}