{"id":4519,"date":"2024-06-28T10:18:31","date_gmt":"2024-06-28T10:18:31","guid":{"rendered":"https:\/\/parapharmaciecalifornietah.ma\/?post_type=product&#038;p=4519"},"modified":"2024-09-10T18:38:50","modified_gmt":"2024-09-10T18:38:50","slug":"svr-spirial-extreme-traitement-detranspirant-intensif-20ml","status":"publish","type":"product","link":"https:\/\/calita.ma\/fr\/produit\/svr-spirial-extreme-traitement-detranspirant-intensif-20ml\/","title":{"rendered":"SVR SPIRIAL EXTREME TRAITEMENT DETRANSPIRANT INTENSIF 20ML"},"content":{"rendered":"<div><strong>Traitement d\u00e9transpirant intensif<\/strong><\/div>\n<p>Toutes les peaux m\u00eame les plus sensibles. Transpiration excessive ou extr\u00eame. Adolescent \u00e0 partir de 12 ans (sur avis m\u00e9dical), adulte. Aisselles.<\/p>\n<p>Innovation SVR : Spirial Extreme, le meilleur de l\u2019efficacit\u00e9 d\u00e9transpirante dans la plus haute tol\u00e9rance pour les transpirations extr\u00eames (stress, humidit\u00e9, sport, prise de m\u00e9dicaments\u2026). Il r\u00e9gule la transpiration d\u00e8s la 1\u00e8re application(1) gr\u00e2ce \u00e0 sa formule hautement concentr\u00e9e en agents sudo-r\u00e9gulateurs pour r\u00e9guler la transpiration, absorber l\u2019humidit\u00e9 et lutter contre les mauvaises odeurs.<\/p>\n<p>LES VOLONTAIRES CONVAINCUS(1)<\/p>\n<p>\u2022 95% r\u00e9gule les pics de transpiration extr\u00eame<\/p>\n<p>\u2022 95% r\u00e9duit l\u2019humidit\u00e9 pendant plusieurs jours<\/p>\n<p>\u2022 86% efficacit\u00e9 longue dur\u00e9e contre les mauvaises odeurs<\/p>","protected":false},"excerpt":{"rendered":"<p>Traitement d\u00e9transpirant intensif Toutes les peaux m\u00eame les plus sensibles. Transpiration excessive ou extr\u00eame. Adolescent \u00e0 partir de 12 ans (sur avis m\u00e9dical), adulte. Aisselles&#8230;.<\/p>","protected":false},"featured_media":4520,"comment_status":"open","ping_status":"closed","template":"","meta":[],"etheme_brands":[{"term_id":23,"name":"SVR","slug":"svr","term_group":0,"term_taxonomy_id":23,"taxonomy":"brand","description":"","parent":0,"count":62,"filter":"raw"}],"product_brand":[],"product_cat":[15],"product_tag":[],"class_list":{"0":"post-4519","1":"product","2":"type-product","3":"status-publish","4":"has-post-thumbnail","6":"brand-svr","7":"product_cat-uncategorized","9":"first","10":"instock","11":"sale","12":"shipping-taxable","13":"purchasable","14":"product-type-simple"},"_links":{"self":[{"href":"https:\/\/calita.ma\/fr\/wp-json\/wp\/v2\/product\/4519","targetHints":{"allow":["GET"]}}],"collection":[{"href":"https:\/\/calita.ma\/fr\/wp-json\/wp\/v2\/product"}],"about":[{"href":"https:\/\/calita.ma\/fr\/wp-json\/wp\/v2\/types\/product"}],"replies":[{"embeddable":true,"href":"https:\/\/calita.ma\/fr\/wp-json\/wp\/v2\/comments?post=4519"}],"version-history":[{"count":1,"href":"https:\/\/calita.ma\/fr\/wp-json\/wp\/v2\/product\/4519\/revisions"}],"predecessor-version":[{"id":4521,"href":"https:\/\/calita.ma\/fr\/wp-json\/wp\/v2\/product\/4519\/revisions\/4521"}],"wp:featuredmedia":[{"embeddable":true,"href":"https:\/\/calita.ma\/fr\/wp-json\/wp\/v2\/media\/4520"}],"wp:attachment":[{"href":"https:\/\/calita.ma\/fr\/wp-json\/wp\/v2\/media?parent=4519"}],"wp:term":[{"taxonomy":"brand","embeddable":true,"href":"https:\/\/calita.ma\/fr\/wp-json\/wp\/v2\/etheme_brands?post=4519"},{"taxonomy":"product_brand","embeddable":true,"href":"https:\/\/calita.ma\/fr\/wp-json\/wp\/v2\/product_brand?post=4519"},{"taxonomy":"product_cat","embeddable":true,"href":"https:\/\/calita.ma\/fr\/wp-json\/wp\/v2\/product_cat?post=4519"},{"taxonomy":"product_tag","embeddable":true,"href":"https:\/\/calita.ma\/fr\/wp-json\/wp\/v2\/product_tag?post=4519"}],"curies":[{"name":"wp","href":"https:\/\/api.w.org\/{rel}","templated":true}]}}