{"id":4515,"date":"2024-06-28T10:17:23","date_gmt":"2024-06-28T10:17:23","guid":{"rendered":"https:\/\/parapharmaciecalifornietah.ma\/?post_type=product&#038;p=4515"},"modified":"2024-09-10T18:38:06","modified_gmt":"2024-09-10T18:38:06","slug":"svr-spirial-deodorant-anti-transpirant-48h-creme-50-ml","status":"publish","type":"product","link":"https:\/\/calita.ma\/fr\/produit\/svr-spirial-deodorant-anti-transpirant-48h-creme-50-ml\/","title":{"rendered":"SVR SPIRIAL DEODORANT ANTI TRANSPIRANT 48H CREME 50 ML"},"content":{"rendered":"<p><strong>Anti-transpirant intense 48H<\/strong><\/p>\n<p>Spirial Deo-Cr\u00e8me 50ml | Soin anti-transpirant multi-zones pour 48h d&#8217;efficacit\u00e9, m\u00eame en situations extr\u00eames. Convient \u00e0 la transpiration normale \u00e0 excessive &#8211; peaux sensibles (mains, pieds, aisselles, plis, visage).<\/p>\n<p>Soin anti-transpirant et multi-zones \u00e0 l\u2019efficacit\u00e9 continue 48 heures m\u00eame en situations extr\u00eames (sport, stress\u2026). Transpiration normale \u00e0 excessive. Mains, pieds, aisselles, plis ou visage des peaux sensibles. Enfant, adolescent, adulte.<\/p>\n<p>Nouveau soin anti-transpirant enrichi en Probiotiques anti-odeurs et Terre de diatom\u00e9e : anti-humidit\u00e9, il r\u00e9gule efficacement la transpiration intense avec un effet prolong\u00e9 contre les pics de transpiration.<\/p>\n<p>Sans alcool et sans parfum, sa formule soin \u00e0 l&#8217;Allanto\u00efne apaise imm\u00e9diatement les inconforts et \u00e9vite les irritations. Anti-traces blanches et jaunes, sa texture cr\u00e8me ultra-douce laisse une agr\u00e9able sensation de fra\u00eecheur et de confort en toute discr\u00e9tion, parfaitement adapt\u00e9e aux peaux sensibles.<\/p>\n<p>Son toucher sec, non-gras, non-collant et son fini invisible est id\u00e9al quelle que soit la zone d\u2019application : sur le visage, les mains ou les pieds.<\/p>\n<p>Son tube compact, pratique et facile \u00e0 emporter partout est dot\u00e9 d\u2019un applicateur doux qui respecte votre peau et la plan\u00e8te gr\u00e2ce \u00e0 sa mati\u00e8re plastique 100% recyclable.<\/p>\n<p>TESTE SOUS CONTR\u00d4LE DERMATOLOGIQUE : LES VOLONTAIRES CONVAINCUS<\/p>\n<p>100% : le produit n&#8217;irrite pas la peau<\/p>\n<p>88% : la p\u00e9n\u00e9tration est rapide<\/p>\n<p>88% : le produit s\u2019\u00e9tale facilement<\/p>\n<p>Appliquer au quotidien sur peau propre et s\u00e8che.<\/p>\n<p>Mains, pieds, aisselles, plis ou visage.<\/p>\n<p>Enfants, adolescents, adultes.<\/p>","protected":false},"excerpt":{"rendered":"<p>Anti-transpirant intense 48H Spirial Deo-Cr\u00e8me 50ml | Soin anti-transpirant multi-zones pour 48h d&#8217;efficacit\u00e9, m\u00eame en situations extr\u00eames. Convient \u00e0 la transpiration normale \u00e0 excessive &#8211;&#8230;<\/p>","protected":false},"featured_media":4516,"comment_status":"open","ping_status":"closed","template":"","meta":[],"etheme_brands":[{"term_id":23,"name":"SVR","slug":"svr","term_group":0,"term_taxonomy_id":23,"taxonomy":"brand","description":"","parent":0,"count":62,"filter":"raw"}],"product_brand":[],"product_cat":[15],"product_tag":[],"class_list":{"0":"post-4515","1":"product","2":"type-product","3":"status-publish","4":"has-post-thumbnail","6":"brand-svr","7":"product_cat-uncategorized","9":"first","10":"instock","11":"sale","12":"shipping-taxable","13":"purchasable","14":"product-type-simple"},"_links":{"self":[{"href":"https:\/\/calita.ma\/fr\/wp-json\/wp\/v2\/product\/4515","targetHints":{"allow":["GET"]}}],"collection":[{"href":"https:\/\/calita.ma\/fr\/wp-json\/wp\/v2\/product"}],"about":[{"href":"https:\/\/calita.ma\/fr\/wp-json\/wp\/v2\/types\/product"}],"replies":[{"embeddable":true,"href":"https:\/\/calita.ma\/fr\/wp-json\/wp\/v2\/comments?post=4515"}],"version-history":[{"count":1,"href":"https:\/\/calita.ma\/fr\/wp-json\/wp\/v2\/product\/4515\/revisions"}],"predecessor-version":[{"id":4518,"href":"https:\/\/calita.ma\/fr\/wp-json\/wp\/v2\/product\/4515\/revisions\/4518"}],"wp:featuredmedia":[{"embeddable":true,"href":"https:\/\/calita.ma\/fr\/wp-json\/wp\/v2\/media\/4516"}],"wp:attachment":[{"href":"https:\/\/calita.ma\/fr\/wp-json\/wp\/v2\/media?parent=4515"}],"wp:term":[{"taxonomy":"brand","embeddable":true,"href":"https:\/\/calita.ma\/fr\/wp-json\/wp\/v2\/etheme_brands?post=4515"},{"taxonomy":"product_brand","embeddable":true,"href":"https:\/\/calita.ma\/fr\/wp-json\/wp\/v2\/product_brand?post=4515"},{"taxonomy":"product_cat","embeddable":true,"href":"https:\/\/calita.ma\/fr\/wp-json\/wp\/v2\/product_cat?post=4515"},{"taxonomy":"product_tag","embeddable":true,"href":"https:\/\/calita.ma\/fr\/wp-json\/wp\/v2\/product_tag?post=4515"}],"curies":[{"name":"wp","href":"https:\/\/api.w.org\/{rel}","templated":true}]}}