{"id":4054,"date":"2024-06-04T12:58:32","date_gmt":"2024-06-04T12:58:32","guid":{"rendered":"https:\/\/parapharmaciecalifornietah.ma\/?post_type=product&#038;p=4054"},"modified":"2024-08-21T17:10:23","modified_gmt":"2024-08-21T17:10:23","slug":"ducray-squanorm-lotion-200ml","status":"publish","type":"product","link":"https:\/\/calita.ma\/fr\/produit\/ducray-squanorm-lotion-200ml\/","title":{"rendered":"DUCRAY SQUANORM LOTION 200ML"},"content":{"rendered":"<p><strong>Lotion antipelliculaire au zinc<\/strong><\/p>\n<p>Permanent<\/p>\n<p>Elimine les pellicules &#8211; Apaise les d\u00e9mangeaisons<\/p>\n<p>En association ou en relais des shampooings antipelliculaires.<\/p>\n<p>&#8220;Formule minimaliste (minimum d&#8217;ingr\u00e9dients).&#8221;<\/p>\n<p>Test\u00e9 sous contr\u00f4le dermatologique. Sans parfum.<\/p>\n<p>La lotion au ZINC antipelliculaire SQUANORM est un soin sans rin\u00e7age, compl\u00e9mentaire des shampoings traitants antipelliculaires.<\/p>\n<p>Sa formule \u00e0 base de K\u00c9LUAMID, actif ke\u0301ratore\u0301ducteur qui normalise la desquamation est en association avec le SULFATE DE ZINC, qui calme les d\u00e9mangeaisons*.<\/p>\n<p>Un soin antipelliculaire qui apaise les d\u00e9mangeaisons* et assainit le cuir chevelu.<\/p>\n<p>En plus de son action antipelliculaire, la lotion sans rin\u00e7age sublime les cheveux en les rendant plus doux, l\u00e9gers et faciles \u00e0 coiffer.<\/p>\n<p><strong>Le mot de l\u2019expert<\/strong><\/p>\n<p>Le stress, la pollution, un d\u00e9r\u00e8glement hormonal, certains traitements m\u00e9dicamenteux, l&#8217;usage de produits capillaires inadapt\u00e9s peuvent favoriser l&#8217;apparition de pellicules. Ces divers facteurs entrainent la prolif\u00e9ration d&#8217;une levure appel\u00e9e Malassezia furfur qui cr\u00e9e un d\u00e9s\u00e9quilibre au niveau du cuir chevelu et provoque irritations et d\u00e9mangeaisons. Ainsi il peut appara\u00eetre deux types de pellicules : Les pellicules s\u00e8ches : fines, blanches ou gris\u00e2tres. Non adh\u00e9rentes au cuir chevelu, elles se d\u00e9tachent spontan\u00e9ment et tombent \u00ab en poudre \u00bb sur les \u00e9paules. Les pellicules grasses : de grandes tailles, jaun\u00e2tres, grasses et \u00e9paisses, adh\u00e9rentes car accompagn\u00e9es d&#8217;une hypers\u00e9borrh\u00e9e du cuir chevelu.<\/p>\n<p><strong>Avantage<\/strong><\/p>\n<p>&#8220;Moins 97 % de d\u00e9mangeaisons* et pellicules \u00e9limin\u00e9es**.*Li\u00e9es \u00e0 la s\u00e9cheresse cutan\u00e9e. **\u00c9tude sous contro\u0302le dermatologique effectue\u0301e aupre\u0300s de 32 sujets de 13 a\u0300 55 ans (28 femmes et quatre hommes) pre\u0301sentant un e\u0301tat pelliculaire gras ou sec, le\u0301ger a\u0300 mode\u0301re\u0301, associe\u0301 a\u0300 des de\u0301mangeaisons. Application quotidienne de la lotion antipelliculaire squanorm pendant quatre semaines conse\u0301cutives, en association avec un shampoing neutre. Pourcentage d&#8217;avis positifs.&#8221;<\/p>\n<p><strong>B\u00e9n\u00e9fices<\/strong><\/p>\n<p>\u2022 CONVIENT \u00e0 tous les types de pellicules : pellicules s\u00e8ches ou grasses<\/p>\n<p>\u2022 APAISE les d\u00e9mangeaisons* et calme les irritations<\/p>\n<p>\u2022 ASSAINIT le cuir chevelu sans le graisser<\/p>\n<p><strong>Fr\u00e9quence d\u2019usage<\/strong><\/p>\n<p>Quotidien<\/p>\n<p>PLUS D&#8217;INFORMATIONS<\/p>\n<p>Ne pas rincer<\/p>","protected":false},"excerpt":{"rendered":"<p>Lotion antipelliculaire au zinc Permanent Elimine les pellicules &#8211; Apaise les d\u00e9mangeaisons En association ou en relais des shampooings antipelliculaires. &#8220;Formule minimaliste (minimum d&#8217;ingr\u00e9dients).&#8221; Test\u00e9&#8230;<\/p>","protected":false},"featured_media":4055,"comment_status":"open","ping_status":"closed","template":"","meta":[],"etheme_brands":[{"term_id":418,"name":"DUCRAY","slug":"ducray","term_group":0,"term_taxonomy_id":418,"taxonomy":"brand","description":"","parent":0,"count":24,"filter":"raw"}],"product_brand":[],"product_cat":[232],"product_tag":[],"class_list":{"0":"post-4054","1":"product","2":"type-product","3":"status-publish","4":"has-post-thumbnail","6":"brand-ducray","7":"product_cat-cheveux","9":"first","10":"instock","11":"sale","12":"shipping-taxable","13":"purchasable","14":"product-type-simple"},"_links":{"self":[{"href":"https:\/\/calita.ma\/fr\/wp-json\/wp\/v2\/product\/4054","targetHints":{"allow":["GET"]}}],"collection":[{"href":"https:\/\/calita.ma\/fr\/wp-json\/wp\/v2\/product"}],"about":[{"href":"https:\/\/calita.ma\/fr\/wp-json\/wp\/v2\/types\/product"}],"replies":[{"embeddable":true,"href":"https:\/\/calita.ma\/fr\/wp-json\/wp\/v2\/comments?post=4054"}],"version-history":[{"count":1,"href":"https:\/\/calita.ma\/fr\/wp-json\/wp\/v2\/product\/4054\/revisions"}],"predecessor-version":[{"id":6228,"href":"https:\/\/calita.ma\/fr\/wp-json\/wp\/v2\/product\/4054\/revisions\/6228"}],"wp:featuredmedia":[{"embeddable":true,"href":"https:\/\/calita.ma\/fr\/wp-json\/wp\/v2\/media\/4055"}],"wp:attachment":[{"href":"https:\/\/calita.ma\/fr\/wp-json\/wp\/v2\/media?parent=4054"}],"wp:term":[{"taxonomy":"brand","embeddable":true,"href":"https:\/\/calita.ma\/fr\/wp-json\/wp\/v2\/etheme_brands?post=4054"},{"taxonomy":"product_brand","embeddable":true,"href":"https:\/\/calita.ma\/fr\/wp-json\/wp\/v2\/product_brand?post=4054"},{"taxonomy":"product_cat","embeddable":true,"href":"https:\/\/calita.ma\/fr\/wp-json\/wp\/v2\/product_cat?post=4054"},{"taxonomy":"product_tag","embeddable":true,"href":"https:\/\/calita.ma\/fr\/wp-json\/wp\/v2\/product_tag?post=4054"}],"curies":[{"name":"wp","href":"https:\/\/api.w.org\/{rel}","templated":true}]}}