{"id":13403,"date":"2025-11-18T00:51:36","date_gmt":"2025-11-18T00:51:36","guid":{"rendered":"https:\/\/calita.ma\/?post_type=product&#038;p=13403"},"modified":"2025-11-18T00:51:36","modified_gmt":"2025-11-18T00:51:36","slug":"patyka-age-specific-intensif-patchs-lift-regard-360","status":"publish","type":"product","link":"https:\/\/calita.ma\/fr\/produit\/patyka-age-specific-intensif-patchs-lift-regard-360\/","title":{"rendered":"PATYKA AGE SPECIFIC INTENSIF PATCHS LIFT REGARD 360"},"content":{"rendered":"<h2>Pr\u00e9sentation du produit<\/h2>\n<p>Les patchs lift 360\u00b0 Patyka offrent un soin intensif du contour des yeux en combinant des ingr\u00e9dients actifs puissants pour un effet lift imm\u00e9diat et durable. Formul\u00e9s avec de l&#8217;acide hyaluronique pur &amp; naturel et des phytoglycog\u00e8nes de ma\u00efs, ces patchs hydratent en profondeur et am\u00e9liorent l&#8217;\u00e9lasticit\u00e9 de la peau. Leur forme pince 360\u00b0 \u00e9pouse parfaitement les paupi\u00e8res sup\u00e9rieures et inf\u00e9rieures pour une correction int\u00e9grale du contour de l&#8217;\u0153il. En seulement 15 minutes, les traits sont retendus, les rides de la patte d&#8217;oie sont att\u00e9nu\u00e9es et les signes de fatigue sont estomp\u00e9s. Fabriqu\u00e9 en France.<\/p>\n<p><strong>Pour qui ?<\/strong>\u00a0Pour les peaux matures.<\/p>\n<p><strong>Ses actifs :<\/strong><\/p>\n<ul>\n<li>Extrait de gentiane : D\u00e9fatigue la peau et les traits.<\/li>\n<li>Acide hyaluronique : Hydrate intens\u00e9ment et repulpe.<\/li>\n<li>Extrait d&#8217;acmella oleracea\u200b : D\u00e9froisse le visage.<\/li>\n<\/ul>\n<p><strong>Efficacit\u00e9 prouv\u00e9e :<\/strong><\/p>\n<ul>\n<li>100% &#8211; Effet lift des paupi\u00e8res &#8211; Test de satisfaction, 23 sujets<\/li>\n<li>91% &#8211; Rides et ridules r\u00e9duites &#8211; Test de satisfaction, 23 sujets<\/li>\n<li>100% &#8211; Signes de fatigue r\u00e9duits &#8211; Test de satisfaction, 23 sujets<\/li>\n<\/ul>\n<h2>Conseils d&#8217;utilisation<\/h2>\n<p>2 utilisations :<\/p>\n<ul>\n<li>En cure intensive : 1 fois par semaine pendant 1 mois.<\/li>\n<li>Mise en beaut\u00e9 flash : occasionnellement pour un effet lift.<\/li>\n<\/ul>\n<p>Appliquez les patchs sur une peau nettoy\u00e9e, laissez poser pendant 15 minutes, puis retirez d\u00e9licatement et massez l&#8217;exc\u00e8s de produit pour une absorption optimale.<\/p>","protected":false},"excerpt":{"rendered":"<p>Pr\u00e9sentation du produit Les patchs lift 360\u00b0 Patyka offrent un soin intensif du contour des yeux en combinant des ingr\u00e9dients actifs puissants pour un effet&#8230;<\/p>","protected":false},"featured_media":13405,"comment_status":"open","ping_status":"closed","template":"","meta":[],"etheme_brands":[{"term_id":532,"name":"PATYKA","slug":"patyka","term_group":0,"term_taxonomy_id":532,"taxonomy":"brand","description":"","parent":0,"count":37,"filter":"raw"}],"product_brand":[],"product_cat":[115,114,122],"product_tag":[],"class_list":{"0":"post-13403","1":"product","2":"type-product","3":"status-publish","4":"has-post-thumbnail","6":"brand-patyka","7":"product_cat-soins-anti-age","8":"product_cat-visage","9":"product_cat-yeux-levres-cou","11":"first","12":"instock","13":"sale","14":"shipping-taxable","15":"purchasable","16":"product-type-simple"},"_links":{"self":[{"href":"https:\/\/calita.ma\/fr\/wp-json\/wp\/v2\/product\/13403","targetHints":{"allow":["GET"]}}],"collection":[{"href":"https:\/\/calita.ma\/fr\/wp-json\/wp\/v2\/product"}],"about":[{"href":"https:\/\/calita.ma\/fr\/wp-json\/wp\/v2\/types\/product"}],"replies":[{"embeddable":true,"href":"https:\/\/calita.ma\/fr\/wp-json\/wp\/v2\/comments?post=13403"}],"version-history":[{"count":1,"href":"https:\/\/calita.ma\/fr\/wp-json\/wp\/v2\/product\/13403\/revisions"}],"predecessor-version":[{"id":13408,"href":"https:\/\/calita.ma\/fr\/wp-json\/wp\/v2\/product\/13403\/revisions\/13408"}],"wp:featuredmedia":[{"embeddable":true,"href":"https:\/\/calita.ma\/fr\/wp-json\/wp\/v2\/media\/13405"}],"wp:attachment":[{"href":"https:\/\/calita.ma\/fr\/wp-json\/wp\/v2\/media?parent=13403"}],"wp:term":[{"taxonomy":"brand","embeddable":true,"href":"https:\/\/calita.ma\/fr\/wp-json\/wp\/v2\/etheme_brands?post=13403"},{"taxonomy":"product_brand","embeddable":true,"href":"https:\/\/calita.ma\/fr\/wp-json\/wp\/v2\/product_brand?post=13403"},{"taxonomy":"product_cat","embeddable":true,"href":"https:\/\/calita.ma\/fr\/wp-json\/wp\/v2\/product_cat?post=13403"},{"taxonomy":"product_tag","embeddable":true,"href":"https:\/\/calita.ma\/fr\/wp-json\/wp\/v2\/product_tag?post=13403"}],"curies":[{"name":"wp","href":"https:\/\/api.w.org\/{rel}","templated":true}]}}