{"id":13381,"date":"2025-07-09T00:59:31","date_gmt":"2025-07-09T00:59:31","guid":{"rendered":"https:\/\/calita.ma\/?post_type=product&#038;p=13381"},"modified":"2025-07-09T00:59:31","modified_gmt":"2025-07-09T00:59:31","slug":"mesoestetic-melan-tran3x-gel-creme-50ml","status":"publish","type":"product","link":"https:\/\/calita.ma\/fr\/produit\/mesoestetic-melan-tran3x-gel-creme-50ml\/","title":{"rendered":"MESOESTETIC MELAN TRAN3X GEL CREME 50ML"},"content":{"rendered":"<p>Cr\u00e8me d\u00e9pigmentante \u00e0 usage quotidien qui agit progressivement sur les t\u00e2ches \u00e9pidermiques pour apporter un teint de peau plus homog\u00e8ne.<\/p>\n<p><strong>Conseils d&#8217;utilisation:<\/strong><\/p>\n<p>Usage topique. Utiliser quotidiennement, matin et soir. Appliquer 3 \u00e0 4 gouttes de melan tran3x concentrate sur une peau propre, s\u00e8che et intacte et r\u00e9partir uniform\u00e9ment. Appliquer ensuite melan tran3x gel cream et masser jusqu\u2019\u00e0 absorption compl\u00e8te. Ne pas rincer. En cas d\u2019exposition directe au soleil, appliquer une protection solaire \u00e0 fort pouvoir photoprotecteur et n\u2019utiliser melan tran3x concentrate que le soir.<\/p>","protected":false},"excerpt":{"rendered":"<p>Cr\u00e8me d\u00e9pigmentante \u00e0 usage quotidien qui agit progressivement sur les t\u00e2ches \u00e9pidermiques pour apporter un teint de peau plus homog\u00e8ne. Conseils d&#8217;utilisation: Usage topique. Utiliser&#8230;<\/p>","protected":false},"featured_media":13382,"comment_status":"open","ping_status":"closed","template":"","meta":[],"etheme_brands":[{"term_id":545,"name":"MESOESTETIC","slug":"mesoestetic","term_group":0,"term_taxonomy_id":545,"taxonomy":"brand","description":"","parent":0,"count":13,"filter":"raw"}],"product_brand":[],"product_cat":[170,167,114],"product_tag":[],"class_list":{"0":"post-13381","1":"product","2":"type-product","3":"status-publish","4":"has-post-thumbnail","6":"brand-mesoestetic","7":"product_cat-anti-taches-depigmentants","8":"product_cat-soins-cibles","9":"product_cat-visage","11":"first","12":"instock","13":"sale","14":"shipping-taxable","15":"purchasable","16":"product-type-simple"},"_links":{"self":[{"href":"https:\/\/calita.ma\/fr\/wp-json\/wp\/v2\/product\/13381","targetHints":{"allow":["GET"]}}],"collection":[{"href":"https:\/\/calita.ma\/fr\/wp-json\/wp\/v2\/product"}],"about":[{"href":"https:\/\/calita.ma\/fr\/wp-json\/wp\/v2\/types\/product"}],"replies":[{"embeddable":true,"href":"https:\/\/calita.ma\/fr\/wp-json\/wp\/v2\/comments?post=13381"}],"version-history":[{"count":1,"href":"https:\/\/calita.ma\/fr\/wp-json\/wp\/v2\/product\/13381\/revisions"}],"predecessor-version":[{"id":13383,"href":"https:\/\/calita.ma\/fr\/wp-json\/wp\/v2\/product\/13381\/revisions\/13383"}],"wp:featuredmedia":[{"embeddable":true,"href":"https:\/\/calita.ma\/fr\/wp-json\/wp\/v2\/media\/13382"}],"wp:attachment":[{"href":"https:\/\/calita.ma\/fr\/wp-json\/wp\/v2\/media?parent=13381"}],"wp:term":[{"taxonomy":"brand","embeddable":true,"href":"https:\/\/calita.ma\/fr\/wp-json\/wp\/v2\/etheme_brands?post=13381"},{"taxonomy":"product_brand","embeddable":true,"href":"https:\/\/calita.ma\/fr\/wp-json\/wp\/v2\/product_brand?post=13381"},{"taxonomy":"product_cat","embeddable":true,"href":"https:\/\/calita.ma\/fr\/wp-json\/wp\/v2\/product_cat?post=13381"},{"taxonomy":"product_tag","embeddable":true,"href":"https:\/\/calita.ma\/fr\/wp-json\/wp\/v2\/product_tag?post=13381"}],"curies":[{"name":"wp","href":"https:\/\/api.w.org\/{rel}","templated":true}]}}