{"id":13363,"date":"2025-07-08T20:38:18","date_gmt":"2025-07-08T20:38:18","guid":{"rendered":"https:\/\/calita.ma\/?post_type=product&#038;p=13363"},"modified":"2025-07-08T20:38:18","modified_gmt":"2025-07-08T20:38:18","slug":"mesoestetic-age-element-firming-cream-50ml","status":"publish","type":"product","link":"https:\/\/calita.ma\/fr\/produit\/mesoestetic-age-element-firming-cream-50ml\/","title":{"rendered":"MESOESTETIC AGE ELEMENT FIRMING CREAM 50ML"},"content":{"rendered":"<p>Cr\u00e8me pour traiter la flaccidit\u00e9 du visage.<\/p>\n<p>Il apporte douceur et \u00e9lasticit\u00e9 tout en red\u00e9finissant l\u2019ovale du visage.<\/p>\n<p>Cr\u00e8me pour traiter la flaccidit\u00e9 g\u00e9n\u00e9ralis\u00e9e du visage, du cou et du d\u00e9collet\u00e9.<\/p>\n<p>Sa formule augmente les niveaux de collag\u00e8ne et d&#8217;\u00e9lastine et prot\u00e8ge la structure de la peau de la d\u00e9gradation, obtenant ainsi une peau plus lisse et des traits visiblement plus d\u00e9finis.<\/p>\n<p><strong>CONSEILS D&#8217;UTILISATIONS:<\/strong><\/p>\n<p>Appliquer sur une peau propre et s\u00e8che.<\/p>\n<p>R\u00e9partir uniform\u00e9ment sur le visage en massant doucement jusqu&#8217;\u00e0 absorption compl\u00e8te.<\/p>\n<p>Compl\u00e9tez votre routine pour une protection compl\u00e8te contre le photovieillissement en appliquant une protection solaire.<\/p>\n<p><strong>INGR\u00c9DIENTS ACTIFS<\/strong><\/p>\n<ul>\n<li>kyotorphine lipopeptidique<\/li>\n<li>lupin<\/li>\n<li>Syst\u00e8me [m\u00e9so]\u00e9pig\u00e8ne\u2122<\/li>\n<li>peptides et ingr\u00e9dients tenseurs phytoactifs<\/li>\n<\/ul>","protected":false},"excerpt":{"rendered":"<p>Cr\u00e8me pour traiter la flaccidit\u00e9 du visage. Il apporte douceur et \u00e9lasticit\u00e9 tout en red\u00e9finissant l\u2019ovale du visage. Cr\u00e8me pour traiter la flaccidit\u00e9 g\u00e9n\u00e9ralis\u00e9e du&#8230;<\/p>","protected":false},"featured_media":13364,"comment_status":"open","ping_status":"closed","template":"","meta":[],"etheme_brands":[{"term_id":545,"name":"MESOESTETIC","slug":"mesoestetic","term_group":0,"term_taxonomy_id":545,"taxonomy":"brand","description":"","parent":0,"count":13,"filter":"raw"}],"product_brand":[],"product_cat":[115,120,114],"product_tag":[],"class_list":{"0":"post-13363","1":"product","2":"type-product","3":"status-publish","4":"has-post-thumbnail","6":"brand-mesoestetic","7":"product_cat-soins-anti-age","8":"product_cat-soins-anti-age-soins-anti-age","9":"product_cat-visage","11":"first","12":"instock","13":"sale","14":"shipping-taxable","15":"purchasable","16":"product-type-simple"},"_links":{"self":[{"href":"https:\/\/calita.ma\/fr\/wp-json\/wp\/v2\/product\/13363","targetHints":{"allow":["GET"]}}],"collection":[{"href":"https:\/\/calita.ma\/fr\/wp-json\/wp\/v2\/product"}],"about":[{"href":"https:\/\/calita.ma\/fr\/wp-json\/wp\/v2\/types\/product"}],"replies":[{"embeddable":true,"href":"https:\/\/calita.ma\/fr\/wp-json\/wp\/v2\/comments?post=13363"}],"version-history":[{"count":1,"href":"https:\/\/calita.ma\/fr\/wp-json\/wp\/v2\/product\/13363\/revisions"}],"predecessor-version":[{"id":13365,"href":"https:\/\/calita.ma\/fr\/wp-json\/wp\/v2\/product\/13363\/revisions\/13365"}],"wp:featuredmedia":[{"embeddable":true,"href":"https:\/\/calita.ma\/fr\/wp-json\/wp\/v2\/media\/13364"}],"wp:attachment":[{"href":"https:\/\/calita.ma\/fr\/wp-json\/wp\/v2\/media?parent=13363"}],"wp:term":[{"taxonomy":"brand","embeddable":true,"href":"https:\/\/calita.ma\/fr\/wp-json\/wp\/v2\/etheme_brands?post=13363"},{"taxonomy":"product_brand","embeddable":true,"href":"https:\/\/calita.ma\/fr\/wp-json\/wp\/v2\/product_brand?post=13363"},{"taxonomy":"product_cat","embeddable":true,"href":"https:\/\/calita.ma\/fr\/wp-json\/wp\/v2\/product_cat?post=13363"},{"taxonomy":"product_tag","embeddable":true,"href":"https:\/\/calita.ma\/fr\/wp-json\/wp\/v2\/product_tag?post=13363"}],"curies":[{"name":"wp","href":"https:\/\/api.w.org\/{rel}","templated":true}]}}