{"id":12812,"date":"2025-02-26T13:27:00","date_gmt":"2025-02-26T13:27:00","guid":{"rendered":"https:\/\/parapharmaciecalifornietah.ma\/?post_type=product&#038;p=12812"},"modified":"2025-02-26T13:28:21","modified_gmt":"2025-02-26T13:28:21","slug":"kuora-ampoules-flash-effet-lifting-immediat-42ml","status":"publish","type":"product","link":"https:\/\/calita.ma\/fr\/produit\/kuora-ampoules-flash-effet-lifting-immediat-42ml\/","title":{"rendered":"KUORA AMPOULES FLASH EFFET LIFTING IMMEDIAT 4*2ML"},"content":{"rendered":"<p>Cette ampoule flash procure un effet raffermissant et liftant imm\u00e9diat. Cela s\u2019am\u00e9liore l\u2019apparence de la peau \u00e0 l\u2019application, \u00e9liminant les signes de fatigue et de stress, laissant une peau hydrat\u00e9e sans imperfections.<\/p>\n<ul>\n<li>Parfait comme base de maquillage.<\/li>\n<\/ul>\n<p><strong>Ingr\u00e9dients :<\/strong><\/p>\n<ul>\n<li>Extrait de Chondrus Crispus, un puissant antioxydant et \u00e9nergisant qui \u00e9limine les micro-rides superficielles et a un effet lifting imm\u00e9diat.<\/li>\n<li>Elastine CLR \u00e0 50% pour augmenter la fermet\u00e9 et l\u2019\u00e9lasticit\u00e9 de la peau, c\u2019est une ampoule id\u00e9ale pour les peaux fatigu\u00e9es et ternes.<\/li>\n<\/ul>\n<p><strong>Conseil d\u2019utilisation :\u00a0<\/strong>Appliquer sur le visage, le cou et la poitrine propres, en particulier sur les zones les plus un massage doux jusqu\u2019\u00e0 absorption compl\u00e8te.<\/p>","protected":false},"excerpt":{"rendered":"<p>Cette ampoule flash procure un effet raffermissant et liftant imm\u00e9diat. Cela s\u2019am\u00e9liore l\u2019apparence de la peau \u00e0 l\u2019application, \u00e9liminant les signes de fatigue et de&#8230;<\/p>","protected":false},"featured_media":12809,"comment_status":"open","ping_status":"closed","template":"","meta":[],"etheme_brands":[{"term_id":535,"name":"KUORA","slug":"kuora","term_group":0,"term_taxonomy_id":535,"taxonomy":"brand","description":"","parent":0,"count":24,"filter":"raw"}],"product_brand":[],"product_cat":[116,115,114],"product_tag":[],"class_list":{"0":"post-12812","1":"product","2":"type-product","3":"status-publish","4":"has-post-thumbnail","6":"brand-kuora","7":"product_cat-anti-rides-fermete","8":"product_cat-soins-anti-age","9":"product_cat-visage","11":"first","12":"instock","13":"sale","14":"shipping-taxable","15":"purchasable","16":"product-type-simple"},"_links":{"self":[{"href":"https:\/\/calita.ma\/fr\/wp-json\/wp\/v2\/product\/12812","targetHints":{"allow":["GET"]}}],"collection":[{"href":"https:\/\/calita.ma\/fr\/wp-json\/wp\/v2\/product"}],"about":[{"href":"https:\/\/calita.ma\/fr\/wp-json\/wp\/v2\/types\/product"}],"replies":[{"embeddable":true,"href":"https:\/\/calita.ma\/fr\/wp-json\/wp\/v2\/comments?post=12812"}],"version-history":[{"count":1,"href":"https:\/\/calita.ma\/fr\/wp-json\/wp\/v2\/product\/12812\/revisions"}],"predecessor-version":[{"id":12813,"href":"https:\/\/calita.ma\/fr\/wp-json\/wp\/v2\/product\/12812\/revisions\/12813"}],"wp:featuredmedia":[{"embeddable":true,"href":"https:\/\/calita.ma\/fr\/wp-json\/wp\/v2\/media\/12809"}],"wp:attachment":[{"href":"https:\/\/calita.ma\/fr\/wp-json\/wp\/v2\/media?parent=12812"}],"wp:term":[{"taxonomy":"brand","embeddable":true,"href":"https:\/\/calita.ma\/fr\/wp-json\/wp\/v2\/etheme_brands?post=12812"},{"taxonomy":"product_brand","embeddable":true,"href":"https:\/\/calita.ma\/fr\/wp-json\/wp\/v2\/product_brand?post=12812"},{"taxonomy":"product_cat","embeddable":true,"href":"https:\/\/calita.ma\/fr\/wp-json\/wp\/v2\/product_cat?post=12812"},{"taxonomy":"product_tag","embeddable":true,"href":"https:\/\/calita.ma\/fr\/wp-json\/wp\/v2\/product_tag?post=12812"}],"curies":[{"name":"wp","href":"https:\/\/api.w.org\/{rel}","templated":true}]}}