{"id":12805,"date":"2025-02-26T13:18:26","date_gmt":"2025-02-26T13:18:26","guid":{"rendered":"https:\/\/parapharmaciecalifornietah.ma\/?post_type=product&#038;p=12805"},"modified":"2025-02-26T13:18:27","modified_gmt":"2025-02-26T13:18:27","slug":"kuora-repair-oil-a-base-de-chia-30ml","status":"publish","type":"product","link":"https:\/\/calita.ma\/fr\/produit\/kuora-repair-oil-a-base-de-chia-30ml\/","title":{"rendered":"KUORA REPAIR OIL A BASE DE CHIA 30ML"},"content":{"rendered":"<p>S\u00e9rum concentr\u00e9 puissant constitu\u00e9 d&#8217;une combinaison d&#8217;huiles v\u00e9g\u00e9tales nourrissantes. Sa richesse en acides gras essentiels permet une grande nutrition et r\u00e9g\u00e9n\u00e9ration de la peau. Absorption imm\u00e9diate qui donne une sensation de peau douce et r\u00e9par\u00e9e. Renforce la barri\u00e8re protectrice pour que la peau maintienne un aspect jeune et \u00e9lastique. Prot\u00e8ge et r\u00e9pare les peaux les plus sensibles gr\u00e2ce \u00e0 la chia. Test\u00e9 dermatologiquement.<\/p>\n<p><strong>COMPOSITION<\/strong><\/p>\n<p>Huile de chia bio<\/p>\n<p>Moringa<\/p>\n<p>Huile d&#8217;avocat<\/p>\n<p><strong>CONSEIL D\u2019UTILISATION<\/strong><\/p>\n<p>Utiliser sur une peau parfaitement propre. Appliquer la quantit\u00e9 n\u00e9cessaire \u00e0 l&#8217;aide du compte-gouttes sur la paume de la main pour chauffer le produit, et masser doucement sur le visage pour faciliter sa p\u00e9n\u00e9tration.<\/p>","protected":false},"excerpt":{"rendered":"<p>S\u00e9rum concentr\u00e9 puissant constitu\u00e9 d&#8217;une combinaison d&#8217;huiles v\u00e9g\u00e9tales nourrissantes. Sa richesse en acides gras essentiels permet une grande nutrition et r\u00e9g\u00e9n\u00e9ration de la peau. Absorption&#8230;<\/p>","protected":false},"featured_media":12806,"comment_status":"open","ping_status":"closed","template":"","meta":[],"etheme_brands":[{"term_id":535,"name":"KUORA","slug":"kuora","term_group":0,"term_taxonomy_id":535,"taxonomy":"brand","description":"","parent":0,"count":24,"filter":"raw"}],"product_brand":[],"product_cat":[173,167,114],"product_tag":[],"class_list":{"0":"post-12805","1":"product","2":"type-product","3":"status-publish","4":"has-post-thumbnail","6":"brand-kuora","7":"product_cat-reparateurs-anti-bacteriens","8":"product_cat-soins-cibles","9":"product_cat-visage","11":"first","12":"instock","13":"sale","14":"shipping-taxable","15":"purchasable","16":"product-type-simple"},"_links":{"self":[{"href":"https:\/\/calita.ma\/fr\/wp-json\/wp\/v2\/product\/12805","targetHints":{"allow":["GET"]}}],"collection":[{"href":"https:\/\/calita.ma\/fr\/wp-json\/wp\/v2\/product"}],"about":[{"href":"https:\/\/calita.ma\/fr\/wp-json\/wp\/v2\/types\/product"}],"replies":[{"embeddable":true,"href":"https:\/\/calita.ma\/fr\/wp-json\/wp\/v2\/comments?post=12805"}],"version-history":[{"count":1,"href":"https:\/\/calita.ma\/fr\/wp-json\/wp\/v2\/product\/12805\/revisions"}],"predecessor-version":[{"id":12807,"href":"https:\/\/calita.ma\/fr\/wp-json\/wp\/v2\/product\/12805\/revisions\/12807"}],"wp:featuredmedia":[{"embeddable":true,"href":"https:\/\/calita.ma\/fr\/wp-json\/wp\/v2\/media\/12806"}],"wp:attachment":[{"href":"https:\/\/calita.ma\/fr\/wp-json\/wp\/v2\/media?parent=12805"}],"wp:term":[{"taxonomy":"brand","embeddable":true,"href":"https:\/\/calita.ma\/fr\/wp-json\/wp\/v2\/etheme_brands?post=12805"},{"taxonomy":"product_brand","embeddable":true,"href":"https:\/\/calita.ma\/fr\/wp-json\/wp\/v2\/product_brand?post=12805"},{"taxonomy":"product_cat","embeddable":true,"href":"https:\/\/calita.ma\/fr\/wp-json\/wp\/v2\/product_cat?post=12805"},{"taxonomy":"product_tag","embeddable":true,"href":"https:\/\/calita.ma\/fr\/wp-json\/wp\/v2\/product_tag?post=12805"}],"curies":[{"name":"wp","href":"https:\/\/api.w.org\/{rel}","templated":true}]}}