{"id":12783,"date":"2025-02-26T11:20:11","date_gmt":"2025-02-26T11:20:11","guid":{"rendered":"https:\/\/parapharmaciecalifornietah.ma\/?post_type=product&#038;p=12783"},"modified":"2025-02-26T11:20:11","modified_gmt":"2025-02-26T11:20:11","slug":"kuora-serum-vitamine-c-retinol-50ml","status":"publish","type":"product","link":"https:\/\/calita.ma\/fr\/produit\/kuora-serum-vitamine-c-retinol-50ml\/","title":{"rendered":"KUORA SERUM VITAMINE C+ RETINOL 50ML"},"content":{"rendered":"<p>KUORA S\u00c9RUM \u00e0 la Vitamine C + Retinol est un s\u00e9rum aui permet de proteger la peau et la revitaliser. Il sublime l\u2019\u00e9clat et am\u00e9lior l\u2019apparence de la peau en r\u00e9duisant les rides et les ridules.<\/p>\n<p>La vitamine C est un puissant antioxydant, qui clarifie et unifie le teint de la peau, la laissant plus \u00e9lastique et lumineuse.<\/p>\n<p>Le r\u00e9tinol renouvelle la peau de l\u2019int\u00e9rieur, lisse visiblement et att\u00e9nue les rides. C\u2019est un puissant antioxydant, prot\u00e8ge l\u2019ADN de la peau et l\u2019oxydation caus\u00e9e par les radicaux libres, r\u00e9duit et pr\u00e9vient le photovieillissement et hydrate en profondeur la peau.<\/p>\n<p>De plus, le r\u00e9tinol stimule la production de collag\u00e8ne en augmentant la densit\u00e9 du derme. R\u00e9duit l\u2019hyperpigmentation, restaure les niveaux de vitamine A diminu\u00e9s par le rayonnement solaire et augmente la synth\u00e8se d\u2019acide hyaluronique, am\u00e9liorant la structure de la peau.<\/p>\n<p><strong>Composition :<\/strong><\/p>\n<p>VITAMINE C 5%<br \/>\nRETINOL<br \/>\nSans parabens<br \/>\nSans alcool<br \/>\nProduit vegan<br \/>\nParfum hypoallerg\u00e9nique<br \/>\nTest\u00e9 dermatologiquement<br \/>\nNon com\u00e9dog\u00e8ne<\/p>\n<p><strong>Conseils d\u2019utilisation :<\/strong><\/p>\n<p>Il est conseill\u00e9 d\u2019appliquer la cr\u00e8me hydratante \u00e0 la vitamine C et au r\u00e9tinol sur le visage et le cou nettoy\u00e9s, matin et soir, avec un l\u00e9ger massage jusqu\u2019\u00e0 absorption compl\u00e8te.<\/p>","protected":false},"excerpt":{"rendered":"<p>KUORA S\u00c9RUM \u00e0 la Vitamine C + Retinol est un s\u00e9rum aui permet de proteger la peau et la revitaliser. Il sublime l\u2019\u00e9clat et am\u00e9lior&#8230;<\/p>","protected":false},"featured_media":12785,"comment_status":"open","ping_status":"closed","template":"","meta":[],"etheme_brands":[{"term_id":535,"name":"KUORA","slug":"kuora","term_group":0,"term_taxonomy_id":535,"taxonomy":"brand","description":"","parent":0,"count":24,"filter":"raw"}],"product_brand":[],"product_cat":[116,115,114],"product_tag":[],"class_list":{"0":"post-12783","1":"product","2":"type-product","3":"status-publish","4":"has-post-thumbnail","6":"brand-kuora","7":"product_cat-anti-rides-fermete","8":"product_cat-soins-anti-age","9":"product_cat-visage","11":"first","12":"instock","13":"sale","14":"shipping-taxable","15":"purchasable","16":"product-type-simple"},"_links":{"self":[{"href":"https:\/\/calita.ma\/fr\/wp-json\/wp\/v2\/product\/12783","targetHints":{"allow":["GET"]}}],"collection":[{"href":"https:\/\/calita.ma\/fr\/wp-json\/wp\/v2\/product"}],"about":[{"href":"https:\/\/calita.ma\/fr\/wp-json\/wp\/v2\/types\/product"}],"replies":[{"embeddable":true,"href":"https:\/\/calita.ma\/fr\/wp-json\/wp\/v2\/comments?post=12783"}],"version-history":[{"count":1,"href":"https:\/\/calita.ma\/fr\/wp-json\/wp\/v2\/product\/12783\/revisions"}],"predecessor-version":[{"id":12786,"href":"https:\/\/calita.ma\/fr\/wp-json\/wp\/v2\/product\/12783\/revisions\/12786"}],"wp:featuredmedia":[{"embeddable":true,"href":"https:\/\/calita.ma\/fr\/wp-json\/wp\/v2\/media\/12785"}],"wp:attachment":[{"href":"https:\/\/calita.ma\/fr\/wp-json\/wp\/v2\/media?parent=12783"}],"wp:term":[{"taxonomy":"brand","embeddable":true,"href":"https:\/\/calita.ma\/fr\/wp-json\/wp\/v2\/etheme_brands?post=12783"},{"taxonomy":"product_brand","embeddable":true,"href":"https:\/\/calita.ma\/fr\/wp-json\/wp\/v2\/product_brand?post=12783"},{"taxonomy":"product_cat","embeddable":true,"href":"https:\/\/calita.ma\/fr\/wp-json\/wp\/v2\/product_cat?post=12783"},{"taxonomy":"product_tag","embeddable":true,"href":"https:\/\/calita.ma\/fr\/wp-json\/wp\/v2\/product_tag?post=12783"}],"curies":[{"name":"wp","href":"https:\/\/api.w.org\/{rel}","templated":true}]}}