{"id":12780,"date":"2025-02-26T10:57:59","date_gmt":"2025-02-26T10:57:59","guid":{"rendered":"https:\/\/parapharmaciecalifornietah.ma\/?post_type=product&#038;p=12780"},"modified":"2025-02-26T10:57:59","modified_gmt":"2025-02-26T10:57:59","slug":"kuora-creme-fluide-effet-bottox-50ml","status":"publish","type":"product","link":"https:\/\/calita.ma\/fr\/produit\/kuora-creme-fluide-effet-bottox-50ml\/","title":{"rendered":"KUORA CREME FLUIDE EFFET BOTTOX 50ML"},"content":{"rendered":"<p>KUORA Cr\u00e8me Visage Effet Botox permet de r\u00e9duire les rides d\u2019expression et les rides profondes, pour tous les types de peau avec des effets visibles dans 28 jours.<\/p>\n<p>Le peptide synth\u00e9tique SYN\u00ae-AKE qui est une petite mol\u00e9cule puissante permet de r\u00e9duire les rides et ridules d\u2019expression en luttant contre le vieillissement cutan\u00e9, elle permet aussi de raffermir les tissus et efface les imperfections, obtenant une peau visiblement plus jeune, en seulement 28 jours de traitement.<\/p>\n<p>Le peptide synth\u00e9tique SYN\u00ae-AKE, est l\u2019alternative cosm\u00e9tique naturelle \u00e0 la toxine botulique, l\u2019actif SYN\u00ae-AKE 4% imite le peptide pr\u00e9sent dans le venin de la vip\u00e8re, lissant et r\u00e9duisant les ridules en peu de temps .<\/p>\n<p>En favorisant la production de collag\u00e8ne, cette cr\u00e8me r\u00e9g\u00e9n\u00e8re les cellules de l\u2019\u00e9piderme am\u00e9liorant d\u2019\u00e9lasticit\u00e9 de peau.<\/p>\n<p><strong>Composition :<\/strong><\/p>\n<p>SYN\u00ae-AKE<br \/>\nVITAMINA E<br \/>\nSans paraben<br \/>\nSans alcool<br \/>\nParfum hypoallerg\u00e9nique<br \/>\nNon com\u00e9dog\u00e8ne.<br \/>\nProduit vegan.<\/p>\n<p><strong>Conseils d\u2019utilisation :<\/strong><\/p>\n<p>Il est conseill\u00e9 d\u2019appliquer deux fois par jour sur le visage, le cou et la poitrine parfaitement nettoy\u00e9s avec un l\u00e9ger massage circulaire jusqu\u2019\u00e0 absorption compl\u00e8te. Il peut \u00eatre utilis\u00e9 comme base de maquillage.<\/p>","protected":false},"excerpt":{"rendered":"<p>KUORA Cr\u00e8me Visage Effet Botox permet de r\u00e9duire les rides d\u2019expression et les rides profondes, pour tous les types de peau avec des effets visibles&#8230;<\/p>","protected":false},"featured_media":12781,"comment_status":"open","ping_status":"closed","template":"","meta":[],"etheme_brands":[{"term_id":535,"name":"KUORA","slug":"kuora","term_group":0,"term_taxonomy_id":535,"taxonomy":"brand","description":"","parent":0,"count":24,"filter":"raw"}],"product_brand":[],"product_cat":[116,115,114],"product_tag":[],"class_list":{"0":"post-12780","1":"product","2":"type-product","3":"status-publish","4":"has-post-thumbnail","6":"brand-kuora","7":"product_cat-anti-rides-fermete","8":"product_cat-soins-anti-age","9":"product_cat-visage","11":"first","12":"instock","13":"sale","14":"shipping-taxable","15":"purchasable","16":"product-type-simple"},"_links":{"self":[{"href":"https:\/\/calita.ma\/fr\/wp-json\/wp\/v2\/product\/12780","targetHints":{"allow":["GET"]}}],"collection":[{"href":"https:\/\/calita.ma\/fr\/wp-json\/wp\/v2\/product"}],"about":[{"href":"https:\/\/calita.ma\/fr\/wp-json\/wp\/v2\/types\/product"}],"replies":[{"embeddable":true,"href":"https:\/\/calita.ma\/fr\/wp-json\/wp\/v2\/comments?post=12780"}],"version-history":[{"count":1,"href":"https:\/\/calita.ma\/fr\/wp-json\/wp\/v2\/product\/12780\/revisions"}],"predecessor-version":[{"id":12782,"href":"https:\/\/calita.ma\/fr\/wp-json\/wp\/v2\/product\/12780\/revisions\/12782"}],"wp:featuredmedia":[{"embeddable":true,"href":"https:\/\/calita.ma\/fr\/wp-json\/wp\/v2\/media\/12781"}],"wp:attachment":[{"href":"https:\/\/calita.ma\/fr\/wp-json\/wp\/v2\/media?parent=12780"}],"wp:term":[{"taxonomy":"brand","embeddable":true,"href":"https:\/\/calita.ma\/fr\/wp-json\/wp\/v2\/etheme_brands?post=12780"},{"taxonomy":"product_brand","embeddable":true,"href":"https:\/\/calita.ma\/fr\/wp-json\/wp\/v2\/product_brand?post=12780"},{"taxonomy":"product_cat","embeddable":true,"href":"https:\/\/calita.ma\/fr\/wp-json\/wp\/v2\/product_cat?post=12780"},{"taxonomy":"product_tag","embeddable":true,"href":"https:\/\/calita.ma\/fr\/wp-json\/wp\/v2\/product_tag?post=12780"}],"curies":[{"name":"wp","href":"https:\/\/api.w.org\/{rel}","templated":true}]}}