{"id":12731,"date":"2025-02-20T12:05:59","date_gmt":"2025-02-20T12:05:59","guid":{"rendered":"https:\/\/parapharmaciecalifornietah.ma\/?post_type=product&#038;p=12731"},"modified":"2025-02-20T12:06:04","modified_gmt":"2025-02-20T12:06:04","slug":"eptaderm-epta-sun-50-ecran-fluide-invisible-50ml","status":"publish","type":"product","link":"https:\/\/calita.ma\/fr\/produit\/eptaderm-epta-sun-50-ecran-fluide-invisible-50ml\/","title":{"rendered":"EPTADERM EPTA SUN 50 ECRAN FLUIDE INVISIBLE 50ML"},"content":{"rendered":"<p>EPTADERM EptaSun 50+ fluide Visage invisible Produit sp\u00e9cifique pour la protection du visage contre les rayons du soleil. Son complexe photo-protecteur et l\u2019\u00e9quilibre de sa formule compl\u00e8te assurent une protection \u00e0 large spectre UVA\/UVB et donnent \u00e9lasticit\u00e9 et hydratation*\u00e0 la peau m\u00eame durant l\u2019exposition au soleil. Efficace et parfaitement photo-stable, la texture invisible et non grasse d\u2019EPTASUN 50+ Visage est particuli\u00e8rement agr\u00e9able \u00e0 \u00e9taler. Sa formule est \u00e9tudi\u00e9e pour la pr\u00e9vention des dommages caus\u00e9s par les radicaux libres et \u00e9viter le vieillissement cutan\u00e9. Sans parfum ni parab\u00e8nes, sans octocryl\u00e8ne et sans ph\u00e9noxy\u00e9thanol. Convient aux peaux sensibles . R\u00e9sistante \u00e0 l\u2019eau et au sable.<\/p>\n<p>&nbsp;<\/p>\n<p><strong>Conseils d\u2019utilisation :<\/strong><\/p>\n<p>&nbsp;<\/p>\n<p>Appliquer uniform\u00e9ment sur le visage avant toute exposition au soleil. Renouveler fr\u00e9quemment en cas d\u2019exposition prolong\u00e9e ou apr\u00e8s la baignade. \u00c9vitez l\u2019exposition prolong\u00e9e au soleil. \u00c9vitez l\u2019exposition pendant les heures les plus chaudes de la journ\u00e9e.<\/p>","protected":false},"excerpt":{"rendered":"<p>EPTADERM EptaSun 50+ fluide Visage invisible Produit sp\u00e9cifique pour la protection du visage contre les rayons du soleil. Son complexe photo-protecteur et l\u2019\u00e9quilibre de sa&#8230;<\/p>","protected":false},"featured_media":12732,"comment_status":"open","ping_status":"closed","template":"","meta":[],"etheme_brands":[{"term_id":534,"name":"EPTADERM","slug":"eptaderm","term_group":0,"term_taxonomy_id":534,"taxonomy":"brand","description":"","parent":0,"count":13,"filter":"raw"}],"product_brand":[],"product_cat":[374,348,167,174,347,412,371,114,355],"product_tag":[],"class_list":{"0":"post-12731","1":"product","2":"type-product","3":"status-publish","4":"has-post-thumbnail","6":"brand-eptaderm","7":"product_cat-fluide1","8":"product_cat-indication","9":"product_cat-soins-cibles","10":"product_cat-solaire","11":"product_cat-solaire1","12":"product_cat-solaires-invisibles","13":"product_cat-texture1","14":"product_cat-visage","15":"product_cat-visage1","17":"first","18":"instock","19":"sale","20":"shipping-taxable","21":"purchasable","22":"product-type-simple"},"_links":{"self":[{"href":"https:\/\/calita.ma\/fr\/wp-json\/wp\/v2\/product\/12731","targetHints":{"allow":["GET"]}}],"collection":[{"href":"https:\/\/calita.ma\/fr\/wp-json\/wp\/v2\/product"}],"about":[{"href":"https:\/\/calita.ma\/fr\/wp-json\/wp\/v2\/types\/product"}],"replies":[{"embeddable":true,"href":"https:\/\/calita.ma\/fr\/wp-json\/wp\/v2\/comments?post=12731"}],"version-history":[{"count":1,"href":"https:\/\/calita.ma\/fr\/wp-json\/wp\/v2\/product\/12731\/revisions"}],"predecessor-version":[{"id":12733,"href":"https:\/\/calita.ma\/fr\/wp-json\/wp\/v2\/product\/12731\/revisions\/12733"}],"wp:featuredmedia":[{"embeddable":true,"href":"https:\/\/calita.ma\/fr\/wp-json\/wp\/v2\/media\/12732"}],"wp:attachment":[{"href":"https:\/\/calita.ma\/fr\/wp-json\/wp\/v2\/media?parent=12731"}],"wp:term":[{"taxonomy":"brand","embeddable":true,"href":"https:\/\/calita.ma\/fr\/wp-json\/wp\/v2\/etheme_brands?post=12731"},{"taxonomy":"product_brand","embeddable":true,"href":"https:\/\/calita.ma\/fr\/wp-json\/wp\/v2\/product_brand?post=12731"},{"taxonomy":"product_cat","embeddable":true,"href":"https:\/\/calita.ma\/fr\/wp-json\/wp\/v2\/product_cat?post=12731"},{"taxonomy":"product_tag","embeddable":true,"href":"https:\/\/calita.ma\/fr\/wp-json\/wp\/v2\/product_tag?post=12731"}],"curies":[{"name":"wp","href":"https:\/\/api.w.org\/{rel}","templated":true}]}}