{"id":12727,"date":"2025-02-20T11:44:27","date_gmt":"2025-02-20T11:44:27","guid":{"rendered":"https:\/\/parapharmaciecalifornietah.ma\/?post_type=product&#038;p=12727"},"modified":"2025-02-20T11:44:28","modified_gmt":"2025-02-20T11:44:28","slug":"eptaderm-epta-spot-nettoyant-cleansing-150ml","status":"publish","type":"product","link":"https:\/\/calita.ma\/fr\/produit\/eptaderm-epta-spot-nettoyant-cleansing-150ml\/","title":{"rendered":"EPTADERM EPTA SPOT NETTOYANT CLEANSING 150ML"},"content":{"rendered":"<p>Traitement cosm\u00e9tique indiqu\u00e9 pour la toilette des peaux sujettes \u00e0 l\u2019hyperpigmentation cutan\u00e9e. Sa formule particuli\u00e8re \u00e0 effet \u00e9claircissant permet une l\u00e9g\u00e8re action exfoliante qui laisse la peau lumineuse, parfaitement propre et pr\u00eate \u00e0 recevoir les traitements d\u00e9pigmentants successifs.<\/p>\n<p><strong><span class=\"product-formula\">Formule :<\/span><\/strong><\/p>\n<ul>\n<li>Eau des Glaciers Suisses, riche en oligo\u00e9l\u00e9ments, pour apaiser rougeurs et prurit.<\/li>\n<li>Base lavante d\u00e9licate, pour nettoyer la peau en douceur et la pr\u00e9parer auxtraitements d\u00e9pigmentants successifs.<\/li>\n<li>Acide salicylique, pour favoriser l\u2019exfoliation superficielle des taches d\u00e9j\u00e0 form\u00e9es.<\/li>\n<li>HPPA, substance innovante capable de favoriser l\u2019\u00e9limination des taches sombreset \u00e9viter leur r\u00e9apparition.<\/li>\n<\/ul>","protected":false},"excerpt":{"rendered":"<p>Traitement cosm\u00e9tique indiqu\u00e9 pour la toilette des peaux sujettes \u00e0 l\u2019hyperpigmentation cutan\u00e9e. Sa formule particuli\u00e8re \u00e0 effet \u00e9claircissant permet une l\u00e9g\u00e8re action exfoliante qui laisse&#8230;<\/p>","protected":false},"featured_media":12729,"comment_status":"open","ping_status":"closed","template":"","meta":[],"etheme_brands":[{"term_id":534,"name":"EPTADERM","slug":"eptaderm","term_group":0,"term_taxonomy_id":534,"taxonomy":"brand","description":"","parent":0,"count":13,"filter":"raw"}],"product_brand":[],"product_cat":[170,167,166,159,114],"product_tag":[],"class_list":{"0":"post-12727","1":"product","2":"type-product","3":"status-publish","4":"has-post-thumbnail","6":"brand-eptaderm","7":"product_cat-anti-taches-depigmentants","8":"product_cat-soins-cibles","9":"product_cat-tout-type-de-peaux","10":"product_cat-type-de-peaux","11":"product_cat-visage","13":"first","14":"instock","15":"sale","16":"shipping-taxable","17":"purchasable","18":"product-type-simple"},"_links":{"self":[{"href":"https:\/\/calita.ma\/fr\/wp-json\/wp\/v2\/product\/12727","targetHints":{"allow":["GET"]}}],"collection":[{"href":"https:\/\/calita.ma\/fr\/wp-json\/wp\/v2\/product"}],"about":[{"href":"https:\/\/calita.ma\/fr\/wp-json\/wp\/v2\/types\/product"}],"replies":[{"embeddable":true,"href":"https:\/\/calita.ma\/fr\/wp-json\/wp\/v2\/comments?post=12727"}],"version-history":[{"count":1,"href":"https:\/\/calita.ma\/fr\/wp-json\/wp\/v2\/product\/12727\/revisions"}],"predecessor-version":[{"id":12730,"href":"https:\/\/calita.ma\/fr\/wp-json\/wp\/v2\/product\/12727\/revisions\/12730"}],"wp:featuredmedia":[{"embeddable":true,"href":"https:\/\/calita.ma\/fr\/wp-json\/wp\/v2\/media\/12729"}],"wp:attachment":[{"href":"https:\/\/calita.ma\/fr\/wp-json\/wp\/v2\/media?parent=12727"}],"wp:term":[{"taxonomy":"brand","embeddable":true,"href":"https:\/\/calita.ma\/fr\/wp-json\/wp\/v2\/etheme_brands?post=12727"},{"taxonomy":"product_brand","embeddable":true,"href":"https:\/\/calita.ma\/fr\/wp-json\/wp\/v2\/product_brand?post=12727"},{"taxonomy":"product_cat","embeddable":true,"href":"https:\/\/calita.ma\/fr\/wp-json\/wp\/v2\/product_cat?post=12727"},{"taxonomy":"product_tag","embeddable":true,"href":"https:\/\/calita.ma\/fr\/wp-json\/wp\/v2\/product_tag?post=12727"}],"curies":[{"name":"wp","href":"https:\/\/api.w.org\/{rel}","templated":true}]}}