{"id":12721,"date":"2025-02-20T08:26:58","date_gmt":"2025-02-20T08:26:58","guid":{"rendered":"https:\/\/parapharmaciecalifornietah.ma\/?post_type=product&#038;p=12721"},"modified":"2025-02-20T08:26:58","modified_gmt":"2025-02-20T08:26:58","slug":"roge-cavailles-mousse-de-douche-fleur-de-lavande-spray-200ml","status":"publish","type":"product","link":"https:\/\/calita.ma\/fr\/produit\/roge-cavailles-mousse-de-douche-fleur-de-lavande-spray-200ml\/","title":{"rendered":"ROGE CAVAILLES MOUSSE DE DOUCHE FLEUR DE LAVANDE SPRAY 200ML"},"content":{"rendered":"<p><strong>Enrichie en surgras v\u00e9g\u00e9tal pro-r\u00e9g\u00e9n\u00e9rant<\/strong>\u00a0et en\u00a0<strong>extrait naturel de lavande<\/strong>, cette formule sans savon pr\u00e9serve le film hydrolipidique, barri\u00e8re naturelle de protection de la peau.\u00a0<strong>Adapt\u00e9e \u00e0 tous les types de peaux, m\u00eame les plus sensibles<\/strong>, cette mousse participe au processus naturel de r\u00e9g\u00e9n\u00e9ration cutan\u00e9e, aidant ainsi la peau \u00e0 conserver sa souplesse et son \u00e9clat.<\/p>\n<p>Son d\u00e9licat parfum de lavande, aux propri\u00e9t\u00e9s apaisantes, transforme chaque douche en un v\u00e9ritable moment de s\u00e9r\u00e9nit\u00e9. De plus, avec 85% d\u2019ingr\u00e9dients d\u2019origine naturelle, ce soin allie efficacit\u00e9, respect de la peau et plaisir sensoriel.<\/p>\n<p><strong>Composition\u00a0<\/strong><\/p>\n<p>Aqua, Sodium Coco-Sulfate, Laureth-4, Decyl Glucoside, Sorbitol, Isopentane, Coco-Glucoside, Glyceryl Oleate, Isobutane, Parfum, Lavandula Angustifolia Flower Water, Prunus Amygdalus Dulcis Oil, Glycol Stearate, Xanthan Gum, Cocamidopropyl Betaine, Glycol Distearate, Citric Acid, Sodium Benzoate, Sodium Chloride, Potassium Sorbate, Limonene, Linalool, Coumarin, Geraniol, Citral, Citrus Aurantium Peel Oil, Eucalyptus Globulus Oil, Lavandula Oil\/Extract, Linalyl Acetate, Pinene.<\/p>\n<p><strong>Conseils d\u2019utilisation\u00a0<\/strong><\/p>\n<p>Appliquez une seule pression de mousse dans la paume de votre main.<\/p>\n<p>\u00c9talez sur peau mouill\u00e9e en massant d\u00e9licatement pour faire mousser.<\/p>\n<p>Rincez abondamment \u00e0 l\u2019eau claire et s\u00e9chez d\u00e9licatement votre peau avec une serviette propre.<\/p>\n<p>\u00c9vitez le contact avec les yeux. En cas de contact, rincez imm\u00e9diatement \u00e0 l\u2019eau claire.<\/p>\n<p><strong>Pr\u00e9cautions d&#8217;emploi\u00a0<\/strong><\/p>\n<p>R\u00e9cipient sous pression : ne pas perforer, ni exposer \u00e0 des temp\u00e9ratures sup\u00e9rieures \u00e0 50\u00b0C.<\/p>\n<p>Tenir hors de port\u00e9e des enfants et \u00e0 l\u2019\u00e9cart des sources de chaleur ou de flamme.<\/p>","protected":false},"excerpt":{"rendered":"<p>Enrichie en surgras v\u00e9g\u00e9tal pro-r\u00e9g\u00e9n\u00e9rant\u00a0et en\u00a0extrait naturel de lavande, cette formule sans savon pr\u00e9serve le film hydrolipidique, barri\u00e8re naturelle de protection de la peau.\u00a0Adapt\u00e9e \u00e0&#8230;<\/p>","protected":false},"featured_media":12722,"comment_status":"open","ping_status":"closed","template":"","meta":[],"etheme_brands":[{"term_id":441,"name":"ROGE CAVAILL\u00c8S","slug":"roge-cavailles","term_group":0,"term_taxonomy_id":441,"taxonomy":"brand","description":"","parent":0,"count":69,"filter":"raw"}],"product_brand":[],"product_cat":[87,113,111],"product_tag":[],"class_list":{"0":"post-12721","1":"product","2":"type-product","3":"status-publish","4":"has-post-thumbnail","6":"brand-roge-cavailles","7":"product_cat-corps-et-visage","8":"product_cat-hygiene","9":"product_cat-hygiene-corps","11":"first","12":"instock","13":"sale","14":"shipping-taxable","15":"purchasable","16":"product-type-simple"},"_links":{"self":[{"href":"https:\/\/calita.ma\/fr\/wp-json\/wp\/v2\/product\/12721","targetHints":{"allow":["GET"]}}],"collection":[{"href":"https:\/\/calita.ma\/fr\/wp-json\/wp\/v2\/product"}],"about":[{"href":"https:\/\/calita.ma\/fr\/wp-json\/wp\/v2\/types\/product"}],"replies":[{"embeddable":true,"href":"https:\/\/calita.ma\/fr\/wp-json\/wp\/v2\/comments?post=12721"}],"version-history":[{"count":1,"href":"https:\/\/calita.ma\/fr\/wp-json\/wp\/v2\/product\/12721\/revisions"}],"predecessor-version":[{"id":12723,"href":"https:\/\/calita.ma\/fr\/wp-json\/wp\/v2\/product\/12721\/revisions\/12723"}],"wp:featuredmedia":[{"embeddable":true,"href":"https:\/\/calita.ma\/fr\/wp-json\/wp\/v2\/media\/12722"}],"wp:attachment":[{"href":"https:\/\/calita.ma\/fr\/wp-json\/wp\/v2\/media?parent=12721"}],"wp:term":[{"taxonomy":"brand","embeddable":true,"href":"https:\/\/calita.ma\/fr\/wp-json\/wp\/v2\/etheme_brands?post=12721"},{"taxonomy":"product_brand","embeddable":true,"href":"https:\/\/calita.ma\/fr\/wp-json\/wp\/v2\/product_brand?post=12721"},{"taxonomy":"product_cat","embeddable":true,"href":"https:\/\/calita.ma\/fr\/wp-json\/wp\/v2\/product_cat?post=12721"},{"taxonomy":"product_tag","embeddable":true,"href":"https:\/\/calita.ma\/fr\/wp-json\/wp\/v2\/product_tag?post=12721"}],"curies":[{"name":"wp","href":"https:\/\/api.w.org\/{rel}","templated":true}]}}