{"id":12536,"date":"2025-02-18T09:30:12","date_gmt":"2025-02-18T09:30:12","guid":{"rendered":"https:\/\/parapharmaciecalifornietah.ma\/?post_type=product&#038;p=12536"},"modified":"2025-02-18T09:30:21","modified_gmt":"2025-02-18T09:30:21","slug":"patyka-body-coffret-rituel-bain-et-douche","status":"publish","type":"product","link":"https:\/\/calita.ma\/fr\/produit\/patyka-body-coffret-rituel-bain-et-douche\/","title":{"rendered":"PATYKA BODY COFFRET RITUEL BAIN ET DOUCHE"},"content":{"rendered":"<p><strong>Type de peau<\/strong><br \/>\nTous types de peaux<br \/>\nTexture<br \/>\nHuile-en-mousse. Cr\u00e8me exfoliante onctueuse.<br \/>\nD\u00e9couvrez le rituel Bain &amp; Douche, le duo aromatique qui d\u00e9lasse le corps &amp; l&#8217;esprit<\/p>\n<p>Au programme : un duo de soins corps, dont 1 OFFERT pour prendre soin de votre peau sous la douche.<\/p>\n<p><strong>Gommage Corps Revitalisant 150 ml :<\/strong><br \/>\nAssociant des cristaux de sels marins &amp; des extraits de plantes, le Gommage Corps Revitalisant \u00e9limine les peaux mortes et les impuret\u00e9s tout en restaurant l&#8217;\u00e9clat de la peau. R\u00e9sultat : la peau est douce, lisse et lumineuse !<\/p>\n<p><strong>Huile-En-Mousse D\u00e9lassante 200ml,OFFERT:<\/strong><br \/>\nGr\u00e2ce \u00e0 4 huiles v\u00e9g\u00e9tales &amp; essentielles et \u00e0 son parfum aromatique aux notes florales et herbac\u00e9es, l\u2019Huile-En-Mousse D\u00e9lassante nourrit et r\u00e9g\u00e9n\u00e8re la peau sous la douche, tout en la parfumant d\u00e9licatement. Un vrai moment de bonheur pour la peau et pour l&#8217;esprit.<\/p>","protected":false},"excerpt":{"rendered":"<p>Type de peau Tous types de peaux Texture Huile-en-mousse. Cr\u00e8me exfoliante onctueuse. D\u00e9couvrez le rituel Bain &amp; Douche, le duo aromatique qui d\u00e9lasse le corps&#8230;<\/p>","protected":false},"featured_media":12538,"comment_status":"open","ping_status":"closed","template":"","meta":[],"etheme_brands":[{"term_id":532,"name":"PATYKA","slug":"patyka","term_group":0,"term_taxonomy_id":532,"taxonomy":"brand","description":"","parent":0,"count":37,"filter":"raw"}],"product_brand":[],"product_cat":[398],"product_tag":[],"class_list":{"0":"post-12536","1":"product","2":"type-product","3":"status-publish","4":"has-post-thumbnail","6":"brand-patyka","7":"product_cat-promotion-pack","9":"first","10":"instock","11":"sale","12":"shipping-taxable","13":"purchasable","14":"product-type-simple"},"_links":{"self":[{"href":"https:\/\/calita.ma\/fr\/wp-json\/wp\/v2\/product\/12536","targetHints":{"allow":["GET"]}}],"collection":[{"href":"https:\/\/calita.ma\/fr\/wp-json\/wp\/v2\/product"}],"about":[{"href":"https:\/\/calita.ma\/fr\/wp-json\/wp\/v2\/types\/product"}],"replies":[{"embeddable":true,"href":"https:\/\/calita.ma\/fr\/wp-json\/wp\/v2\/comments?post=12536"}],"version-history":[{"count":1,"href":"https:\/\/calita.ma\/fr\/wp-json\/wp\/v2\/product\/12536\/revisions"}],"predecessor-version":[{"id":12539,"href":"https:\/\/calita.ma\/fr\/wp-json\/wp\/v2\/product\/12536\/revisions\/12539"}],"wp:featuredmedia":[{"embeddable":true,"href":"https:\/\/calita.ma\/fr\/wp-json\/wp\/v2\/media\/12538"}],"wp:attachment":[{"href":"https:\/\/calita.ma\/fr\/wp-json\/wp\/v2\/media?parent=12536"}],"wp:term":[{"taxonomy":"brand","embeddable":true,"href":"https:\/\/calita.ma\/fr\/wp-json\/wp\/v2\/etheme_brands?post=12536"},{"taxonomy":"product_brand","embeddable":true,"href":"https:\/\/calita.ma\/fr\/wp-json\/wp\/v2\/product_brand?post=12536"},{"taxonomy":"product_cat","embeddable":true,"href":"https:\/\/calita.ma\/fr\/wp-json\/wp\/v2\/product_cat?post=12536"},{"taxonomy":"product_tag","embeddable":true,"href":"https:\/\/calita.ma\/fr\/wp-json\/wp\/v2\/product_tag?post=12536"}],"curies":[{"name":"wp","href":"https:\/\/api.w.org\/{rel}","templated":true}]}}