{"id":12531,"date":"2025-02-18T09:10:13","date_gmt":"2025-02-18T09:10:13","guid":{"rendered":"https:\/\/parapharmaciecalifornietah.ma\/?post_type=product&#038;p=12531"},"modified":"2025-02-18T09:10:19","modified_gmt":"2025-02-18T09:10:19","slug":"patyka-clean-coffret-rituel-peau-parfaite","status":"publish","type":"product","link":"https:\/\/calita.ma\/fr\/produit\/patyka-clean-coffret-rituel-peau-parfaite\/","title":{"rendered":"PATYKA CLEAN COFFRET RITUEL PEAU PARFAITE"},"content":{"rendered":"<p><strong>Description<\/strong><br \/>\nCoffret cadeau No\u00ebl soins nettoyants de Patyka<br \/>\nLe coffret Rituel Peau Parfaite de la marque Patyka est un coffret \u00e9l\u00e9gant et \u00e9co-responsable pour d\u00e9couvrir un trio de soins pour nettoyer, d\u00e9maquiller, exfolier et sublimer visiblement la peau.<\/p>\n<p>Le premier pas vers une belle peau ? Un nettoyage efficace et respectueux de l&#8217;\u00e9quilibre cutan\u00e9 avec cette routine beaut\u00e9 hautement sensorielle de Patyka !<\/p>\n<p><strong>Le coffret cadeau Patyka contient :<\/strong><br \/>\nMousse Nettoyante D\u00e9tox (taille r\u00e9elle 150ml)<br \/>\nUn nettoyant moussant visage bio qui lib\u00e8re la peau des impuret\u00e9s dans le respect de l\u2019\u00e9quilibre cutan\u00e9 gr\u00e2ce \u00e0 sa formule sans savon enrichie en Moringa.<br \/>\nHuile D\u00e9maquillante Eclair (taille r\u00e9elle 150ml)<br \/>\nUne formule douce qui d\u00e9maquille tout en douceur, m\u00eame les yeux sans les piquer, apaise imm\u00e9diatement la peau et respecte le pH et l&#8217;\u00e9quilibre fragile de la peau.<br \/>\nGommage Sorbet Eclat (taille r\u00e9elle 50ml) &#8211; OFFERT !<br \/>\nUn gommage visage gourmand qui exfolie la peau en surface et en profondeur gr\u00e2ce \u00e0 ses 2 tailles de micro-grains de Noyaux d\u2019Abricot et r\u00e9v\u00e8le l\u2019\u00e9clat ros\u00e9 des peaux ternes.<br \/>\nConseils<br \/>\n<strong>Conseils d&#8217;utilisation<\/strong><\/p>\n<p>Voir la fiche produit de chaque soin Patyka pour les conseils d&#8217;utilisation d\u00e9taill\u00e9s.<\/p>","protected":false},"excerpt":{"rendered":"<p>Description Coffret cadeau No\u00ebl soins nettoyants de Patyka Le coffret Rituel Peau Parfaite de la marque Patyka est un coffret \u00e9l\u00e9gant et \u00e9co-responsable pour d\u00e9couvrir&#8230;<\/p>","protected":false},"featured_media":12532,"comment_status":"open","ping_status":"closed","template":"","meta":[],"etheme_brands":[{"term_id":532,"name":"PATYKA","slug":"patyka","term_group":0,"term_taxonomy_id":532,"taxonomy":"brand","description":"","parent":0,"count":37,"filter":"raw"}],"product_brand":[],"product_cat":[398],"product_tag":[],"class_list":{"0":"post-12531","1":"product","2":"type-product","3":"status-publish","4":"has-post-thumbnail","6":"brand-patyka","7":"product_cat-promotion-pack","9":"first","10":"instock","11":"sale","12":"shipping-taxable","13":"purchasable","14":"product-type-simple"},"_links":{"self":[{"href":"https:\/\/calita.ma\/fr\/wp-json\/wp\/v2\/product\/12531","targetHints":{"allow":["GET"]}}],"collection":[{"href":"https:\/\/calita.ma\/fr\/wp-json\/wp\/v2\/product"}],"about":[{"href":"https:\/\/calita.ma\/fr\/wp-json\/wp\/v2\/types\/product"}],"replies":[{"embeddable":true,"href":"https:\/\/calita.ma\/fr\/wp-json\/wp\/v2\/comments?post=12531"}],"version-history":[{"count":1,"href":"https:\/\/calita.ma\/fr\/wp-json\/wp\/v2\/product\/12531\/revisions"}],"predecessor-version":[{"id":12535,"href":"https:\/\/calita.ma\/fr\/wp-json\/wp\/v2\/product\/12531\/revisions\/12535"}],"wp:featuredmedia":[{"embeddable":true,"href":"https:\/\/calita.ma\/fr\/wp-json\/wp\/v2\/media\/12532"}],"wp:attachment":[{"href":"https:\/\/calita.ma\/fr\/wp-json\/wp\/v2\/media?parent=12531"}],"wp:term":[{"taxonomy":"brand","embeddable":true,"href":"https:\/\/calita.ma\/fr\/wp-json\/wp\/v2\/etheme_brands?post=12531"},{"taxonomy":"product_brand","embeddable":true,"href":"https:\/\/calita.ma\/fr\/wp-json\/wp\/v2\/product_brand?post=12531"},{"taxonomy":"product_cat","embeddable":true,"href":"https:\/\/calita.ma\/fr\/wp-json\/wp\/v2\/product_cat?post=12531"},{"taxonomy":"product_tag","embeddable":true,"href":"https:\/\/calita.ma\/fr\/wp-json\/wp\/v2\/product_tag?post=12531"}],"curies":[{"name":"wp","href":"https:\/\/api.w.org\/{rel}","templated":true}]}}