{"id":12443,"date":"2025-01-22T13:29:25","date_gmt":"2025-01-22T13:29:25","guid":{"rendered":"https:\/\/parapharmaciecalifornietah.ma\/?post_type=product&#038;p=12443"},"modified":"2025-01-22T13:29:25","modified_gmt":"2025-01-22T13:29:25","slug":"botanika-shampooing-antichute-powerness-250ml-2","status":"publish","type":"product","link":"https:\/\/calita.ma\/fr\/produit\/botanika-shampooing-antichute-powerness-250ml-2\/","title":{"rendered":"BOTANIKA SHAMPOOING ANTICHUTE POWERNESS 250ML"},"content":{"rendered":"<p>INGREDIENTS : AQUA, CETEARYL ALCOHOL, ETHYLHEXYL METHOXYCINNAMATE, GLYCERIN, PRUNUS AMYGDALUS DULCIS OIL, ARGANIA SPINOSA KERNEL OIL, CANNABIS SATIVA SEED EXTRACT, CETEARYL GLUCOSIDE, BENZYL ALCOHOL, TOCOPHERYL ACETATE, POLYACRYLATE-13, PROPYLENE GLYCOL, XYLITYLGLUCOSIDE, POLYISOBUTENE, PARFUM, ANHYDROXYLITOL, XYLITOL, SORBITAN ISOSTEARATE, DEHYDROACETIC ACID, POLYSORBATE 20, ARNICA MONTANA FLOWER EXTRACT, CAMELLIA SINENSIS LEAF EXTRACT, METHYLENE BIS-BENZOTRIAZOLYL TETRAMETHYLBUTYLPHENOL, DECYL GLUCOSIDE, HAMAMELIS VIRGINIANA LEAF EXTRACT, ARGANIA SPINOSA LEAF EXTRACT, MALTODEXTRIN, XANTHAN GUM, SODIUM BENZOATE, POTASSIUM SORBATE.<\/p>\n<p>MODE D\u2019EMPLOI<br \/>\nAppliquer et masser d\u00e9licatement pour faire p\u00e9n\u00e9trer.<\/p>","protected":false},"excerpt":{"rendered":"<p>Cette cr\u00e8me a base CANNABIS est un m\u00e9lange luxuriant des cristaux de CBD qui apporte aux mains l\u2019hydratation et la nutrition dont elles ont besoin, assouplit les cuticules et renforce les ongles. Elle prot\u00e8ge la peau des agressions de grand froid pour nourrir intens\u00e9ment les mains les plus dess\u00e9ch\u00e9es et fragilis\u00e9es en hiver. Imm\u00e9diatement r\u00e9confort\u00e9es, les mains sont douces, souples et durablement prot\u00e9g\u00e9es.<\/p>","protected":false},"featured_media":12445,"comment_status":"open","ping_status":"closed","template":"","meta":[],"etheme_brands":[{"term_id":533,"name":"BOTANIKA","slug":"botanika","term_group":0,"term_taxonomy_id":533,"taxonomy":"brand","description":"","parent":0,"count":7,"filter":"raw"}],"product_brand":[],"product_cat":[224,191,220,216,228,443],"product_tag":[],"class_list":{"0":"post-12443","1":"product","2":"type-product","3":"status-publish","4":"has-post-thumbnail","6":"brand-botanika","7":"product_cat-bio-corps","8":"product_cat-corps","9":"product_cat-hydratant-mains","10":"product_cat-mains-et-pieds","11":"product_cat-mains-et-pieds-bio-corps","12":"product_cat-soin-reparateur","14":"first","15":"instock","16":"sale","17":"shipping-taxable","18":"purchasable","19":"product-type-simple"},"_links":{"self":[{"href":"https:\/\/calita.ma\/fr\/wp-json\/wp\/v2\/product\/12443","targetHints":{"allow":["GET"]}}],"collection":[{"href":"https:\/\/calita.ma\/fr\/wp-json\/wp\/v2\/product"}],"about":[{"href":"https:\/\/calita.ma\/fr\/wp-json\/wp\/v2\/types\/product"}],"replies":[{"embeddable":true,"href":"https:\/\/calita.ma\/fr\/wp-json\/wp\/v2\/comments?post=12443"}],"version-history":[{"count":1,"href":"https:\/\/calita.ma\/fr\/wp-json\/wp\/v2\/product\/12443\/revisions"}],"predecessor-version":[{"id":12446,"href":"https:\/\/calita.ma\/fr\/wp-json\/wp\/v2\/product\/12443\/revisions\/12446"}],"wp:featuredmedia":[{"embeddable":true,"href":"https:\/\/calita.ma\/fr\/wp-json\/wp\/v2\/media\/12445"}],"wp:attachment":[{"href":"https:\/\/calita.ma\/fr\/wp-json\/wp\/v2\/media?parent=12443"}],"wp:term":[{"taxonomy":"brand","embeddable":true,"href":"https:\/\/calita.ma\/fr\/wp-json\/wp\/v2\/etheme_brands?post=12443"},{"taxonomy":"product_brand","embeddable":true,"href":"https:\/\/calita.ma\/fr\/wp-json\/wp\/v2\/product_brand?post=12443"},{"taxonomy":"product_cat","embeddable":true,"href":"https:\/\/calita.ma\/fr\/wp-json\/wp\/v2\/product_cat?post=12443"},{"taxonomy":"product_tag","embeddable":true,"href":"https:\/\/calita.ma\/fr\/wp-json\/wp\/v2\/product_tag?post=12443"}],"curies":[{"name":"wp","href":"https:\/\/api.w.org\/{rel}","templated":true}]}}